{"id":9091,"date":"2020-08-17T16:48:16","date_gmt":"2020-08-17T21:48:16","guid":{"rendered":"https:\/\/saluddigital.com\/?page_id=9091"},"modified":"2025-10-08T21:12:36","modified_gmt":"2025-10-09T03:12:36","slug":"educacion-profesional-continua","status":"publish","type":"page","link":"https:\/\/saluddigital.com\/en\/educacion-profesional-continua\/","title":{"rendered":"Educaci\u00f3n Continua: Acciones de la Fundaci\u00f3n Carlos Slim"},"content":{"rendered":"<div data-elementor-type=\"wp-page\" data-elementor-id=\"9091\" class=\"elementor elementor-9091\" data-elementor-post-type=\"page\">\n\t\t\t\t\t\t<section class=\"elementor-section elementor-top-section elementor-element elementor-element-85de2e3 elementor-section-height-min-height elementor-section-boxed elementor-section-height-default elementor-section-items-middle wpr-particle-no wpr-jarallax-no wpr-parallax-no wpr-sticky-section-no wpr-equal-height-no\" data-id=\"85de2e3\" data-element_type=\"section\" data-e-type=\"section\" data-settings=\"{&quot;background_background&quot;:&quot;classic&quot;}\">\n\t\t\t\t\t\t\t<div class=\"elementor-background-overlay\"><\/div>\n\t\t\t\t\t\t\t<div class=\"elementor-container elementor-column-gap-default\">\n\t\t\t\t\t<div class=\"elementor-column elementor-col-100 elementor-top-column elementor-element elementor-element-08f96ad\" data-id=\"08f96ad\" data-element_type=\"column\" data-e-type=\"column\">\n\t\t\t<div class=\"elementor-widget-wrap elementor-element-populated\">\n\t\t\t\t\t\t<div class=\"elementor-element elementor-element-e74502d elementor-widget elementor-widget-heading\" data-id=\"e74502d\" data-element_type=\"widget\" data-e-type=\"widget\" data-widget_type=\"heading.default\">\n\t\t\t\t<div class=\"elementor-widget-container\">\n\t\t\t\t\t<h2 class=\"elementor-heading-title elementor-size-default\">Continuing Professional Education<\/h2>\t\t\t\t<\/div>\n\t\t\t\t<\/div>\n\t\t\t\t\t<\/div>\n\t\t<\/div>\n\t\t\t\t\t<\/div>\n\t\t<\/section>\n\t\t\t\t<section class=\"elementor-section elementor-top-section elementor-element elementor-element-ad94e01 elementor-section-boxed elementor-section-height-default elementor-section-height-default wpr-particle-no wpr-jarallax-no wpr-parallax-no wpr-sticky-section-no wpr-equal-height-no\" data-id=\"ad94e01\" data-element_type=\"section\" data-e-type=\"section\">\n\t\t\t\t\t\t<div class=\"elementor-container elementor-column-gap-default\">\n\t\t\t\t\t<div class=\"elementor-column elementor-col-50 elementor-top-column elementor-element elementor-element-bb273cf\" data-id=\"bb273cf\" data-element_type=\"column\" data-e-type=\"column\">\n\t\t\t<div class=\"elementor-widget-wrap elementor-element-populated\">\n\t\t\t\t\t\t<div class=\"elementor-element elementor-element-24382a6 elementor-widget elementor-widget-spacer\" data-id=\"24382a6\" data-element_type=\"widget\" data-e-type=\"widget\" data-widget_type=\"spacer.default\">\n\t\t\t\t<div class=\"elementor-widget-container\">\n\t\t\t\t\t\t\t<div class=\"elementor-spacer\">\n\t\t\t<div class=\"elementor-spacer-inner\"><\/div>\n\t\t<\/div>\n\t\t\t\t\t\t<\/div>\n\t\t\t\t<\/div>\n\t\t\t\t<div class=\"elementor-element elementor-element-f8e7fac elementor-widget-divider--view-line elementor-widget elementor-widget-divider\" data-id=\"f8e7fac\" data-element_type=\"widget\" data-e-type=\"widget\" data-widget_type=\"divider.default\">\n\t\t\t\t<div class=\"elementor-widget-container\">\n\t\t\t\t\t\t\t<div class=\"elementor-divider\">\n\t\t\t<span class=\"elementor-divider-separator\">\n\t\t\t\t\t\t<\/span>\n\t\t<\/div>\n\t\t\t\t\t\t<\/div>\n\t\t\t\t<\/div>\n\t\t\t\t<div class=\"elementor-element elementor-element-82e745e elementor-widget elementor-widget-heading\" data-id=\"82e745e\" data-element_type=\"widget\" data-e-type=\"widget\" data-widget_type=\"heading.default\">\n\t\t\t\t<div class=\"elementor-widget-container\">\n\t\t\t\t\t<h2 class=\"elementor-heading-title elementor-size-default\">Situaci\u00f3n Actual<\/h2>\t\t\t\t<\/div>\n\t\t\t\t<\/div>\n\t\t\t\t<div class=\"elementor-element elementor-element-4a85abde elementor-widget elementor-widget-text-editor\" data-id=\"4a85abde\" data-element_type=\"widget\" data-e-type=\"widget\" data-widget_type=\"text-editor.default\">\n\t\t\t\t<div class=\"elementor-widget-container\">\n\t\t\t\t\t\t\t\t\t<div class=\"txt total\"><div class=\"medio section-3\"><p>The <strong>chronic noncommunicable diseases<\/strong> are the leading causes of disability and death in <strong>Mexico and Latin America<\/strong>. In parallel, lagging diseases persist that affect the health of the mother and the infant, with a consequent impact on the life of the person, combined with the persistence of infectious diseases, generate a demand for health services centered on the person throughout along the life line, considering all the dimensions of your health.<\/p><p class=\"text-wrapper\">These <strong>challenges in the provision of health services<\/strong>, added to the <strong>constant generation of scientific knowledge<\/strong>, oblige the health professional to be in <strong>constant training<\/strong> in order to assimilate new practices in person-centered prevention and care.<\/p><\/div><\/div>\t\t\t\t\t\t\t\t<\/div>\n\t\t\t\t<\/div>\n\t\t\t\t\t<\/div>\n\t\t<\/div>\n\t\t\t\t<div class=\"elementor-column elementor-col-50 elementor-top-column elementor-element elementor-element-a5d4dc4\" data-id=\"a5d4dc4\" data-element_type=\"column\" data-e-type=\"column\" data-settings=\"{&quot;background_background&quot;:&quot;classic&quot;}\">\n\t\t\t<div class=\"elementor-widget-wrap elementor-element-populated\">\n\t\t\t\t\t\t<div class=\"elementor-element elementor-element-f2259e9 elementor-widget-divider--view-line elementor-widget elementor-widget-divider\" data-id=\"f2259e9\" data-element_type=\"widget\" data-e-type=\"widget\" data-widget_type=\"divider.default\">\n\t\t\t\t<div class=\"elementor-widget-container\">\n\t\t\t\t\t\t\t<div class=\"elementor-divider\">\n\t\t\t<span class=\"elementor-divider-separator\">\n\t\t\t\t\t\t<\/span>\n\t\t<\/div>\n\t\t\t\t\t\t<\/div>\n\t\t\t\t<\/div>\n\t\t\t\t<div class=\"elementor-element elementor-element-1789e89 elementor-widget elementor-widget-heading\" data-id=\"1789e89\" data-element_type=\"widget\" data-e-type=\"widget\" data-widget_type=\"heading.default\">\n\t\t\t\t<div class=\"elementor-widget-container\">\n\t\t\t\t\t<h2 class=\"elementor-heading-title elementor-size-default\">Solution<\/h2>\t\t\t\t<\/div>\n\t\t\t\t<\/div>\n\t\t\t\t<div class=\"elementor-element elementor-element-c3cc48a elementor-widget elementor-widget-text-editor\" data-id=\"c3cc48a\" data-element_type=\"widget\" data-e-type=\"widget\" data-widget_type=\"text-editor.default\">\n\t\t\t\t<div class=\"elementor-widget-container\">\n\t\t\t\t\t\t\t\t\t<div class=\"txt total\"><div class=\"medio section-3\"><p>With the aim of encouraging health professionals in <strong>Mexico<\/strong> and <strong>Latin America<\/strong> be at the forefront of scientific knowledge, <strong>Carlos Slim Foundation<\/strong> has developed an academic offer with the academic endorsement of prestigious national and international universities, where updated and evidence-based content on maternal and perinatal health, chronic diseases, vaccinology and some infectious diseases, among others, is offered.<\/p><p>The academic offer consists of diplomas, competency certifications, workshops and courses, which are offered asynchronously through a robust digital platform, both for those health professionals who have access to the Internet and those who work in specialized areas. remote and require offline training.<\/p><\/div><\/div>\t\t\t\t\t\t\t\t<\/div>\n\t\t\t\t<\/div>\n\t\t\t\t<div class=\"elementor-element elementor-element-5a9fdd5 elementor-widget elementor-widget-spacer\" data-id=\"5a9fdd5\" data-element_type=\"widget\" data-e-type=\"widget\" data-widget_type=\"spacer.default\">\n\t\t\t\t<div class=\"elementor-widget-container\">\n\t\t\t\t\t\t\t<div class=\"elementor-spacer\">\n\t\t\t<div class=\"elementor-spacer-inner\"><\/div>\n\t\t<\/div>\n\t\t\t\t\t\t<\/div>\n\t\t\t\t<\/div>\n\t\t\t\t\t<\/div>\n\t\t<\/div>\n\t\t\t\t\t<\/div>\n\t\t<\/section>\n\t\t\t\t<section class=\"elementor-section elementor-top-section elementor-element elementor-element-fc01917 elementor-section-height-min-height elementor-section-boxed elementor-section-height-default elementor-section-items-middle wpr-particle-no wpr-jarallax-no wpr-parallax-no wpr-sticky-section-no wpr-equal-height-no\" data-id=\"fc01917\" data-element_type=\"section\" data-e-type=\"section\" data-settings=\"{&quot;background_background&quot;:&quot;classic&quot;}\">\n\t\t\t\t\t\t\t<div class=\"elementor-background-overlay\"><\/div>\n\t\t\t\t\t\t\t<div class=\"elementor-container elementor-column-gap-default\">\n\t\t\t\t\t<div class=\"elementor-column elementor-col-100 elementor-top-column elementor-element elementor-element-05cc0b4\" data-id=\"05cc0b4\" data-element_type=\"column\" data-e-type=\"column\">\n\t\t\t<div class=\"elementor-widget-wrap elementor-element-populated\">\n\t\t\t\t\t\t<div class=\"elementor-element elementor-element-d49bdec elementor-widget elementor-widget-text-editor\" data-id=\"d49bdec\" data-element_type=\"widget\" data-e-type=\"widget\" data-widget_type=\"text-editor.default\">\n\t\t\t\t<div class=\"elementor-widget-container\">\n\t\t\t\t\t\t\t\t\t<p><strong>The digital platform for continuing professional education in health of the Carlos Slim Foundation operates as follows:<\/strong><\/p><ul><li>&#8211; Debido a que la oferta acad\u00e9mica est\u00e1 disponible para acceso as\u00edncrono, los profesionales de la salud avanzan a su propio ritmo en los momentos que mejor les convenga, recibiendo contenido acad\u00e9mico acorde al perfil de cada profesional.<\/li><li>&#8211; Al finalizar los cursos, el alumno podr\u00e1 obtener las constancias y diplomas universitarios que acrediten la adquisici\u00f3n del nuevo conocimiento.<\/li><\/ul>\t\t\t\t\t\t\t\t<\/div>\n\t\t\t\t<\/div>\n\t\t\t\t\t<\/div>\n\t\t<\/div>\n\t\t\t\t\t<\/div>\n\t\t<\/section>\n\t\t\t\t<section class=\"elementor-section elementor-top-section elementor-element elementor-element-4c16418 elementor-section-boxed elementor-section-height-default elementor-section-height-default wpr-particle-no wpr-jarallax-no wpr-parallax-no wpr-sticky-section-no wpr-equal-height-no\" data-id=\"4c16418\" data-element_type=\"section\" data-e-type=\"section\">\n\t\t\t\t\t\t<div class=\"elementor-container elementor-column-gap-default\">\n\t\t\t\t\t<div class=\"elementor-column elementor-col-50 elementor-top-column elementor-element elementor-element-e3ca201\" data-id=\"e3ca201\" data-element_type=\"column\" data-e-type=\"column\">\n\t\t\t<div class=\"elementor-widget-wrap elementor-element-populated\">\n\t\t\t\t\t\t<div class=\"elementor-element elementor-element-0fbbd14 elementor-widget elementor-widget-spacer\" data-id=\"0fbbd14\" data-element_type=\"widget\" data-e-type=\"widget\" data-widget_type=\"spacer.default\">\n\t\t\t\t<div class=\"elementor-widget-container\">\n\t\t\t\t\t\t\t<div class=\"elementor-spacer\">\n\t\t\t<div class=\"elementor-spacer-inner\"><\/div>\n\t\t<\/div>\n\t\t\t\t\t\t<\/div>\n\t\t\t\t<\/div>\n\t\t\t\t<div class=\"elementor-element elementor-element-e808fc0 elementor-widget-divider--view-line elementor-widget elementor-widget-divider\" data-id=\"e808fc0\" data-element_type=\"widget\" data-e-type=\"widget\" data-widget_type=\"divider.default\">\n\t\t\t\t<div class=\"elementor-widget-container\">\n\t\t\t\t\t\t\t<div class=\"elementor-divider\">\n\t\t\t<span class=\"elementor-divider-separator\">\n\t\t\t\t\t\t<\/span>\n\t\t<\/div>\n\t\t\t\t\t\t<\/div>\n\t\t\t\t<\/div>\n\t\t\t\t<div class=\"elementor-element elementor-element-6c678ff elementor-widget elementor-widget-heading\" data-id=\"6c678ff\" data-element_type=\"widget\" data-e-type=\"widget\" data-widget_type=\"heading.default\">\n\t\t\t\t<div class=\"elementor-widget-container\">\n\t\t\t\t\t<h2 class=\"elementor-heading-title elementor-size-default\">Sobre la oferta acad\u00e9mica<\/h2>\t\t\t\t<\/div>\n\t\t\t\t<\/div>\n\t\t\t\t<div class=\"elementor-element elementor-element-dcaa23f elementor-widget elementor-widget-text-editor\" data-id=\"dcaa23f\" data-element_type=\"widget\" data-e-type=\"widget\" data-widget_type=\"text-editor.default\">\n\t\t\t\t<div class=\"elementor-widget-container\">\n\t\t\t\t\t\t\t\t\t<h3 class=\"text-wrapper\">Content:<\/h3><p>Segmented based on the professional&#039;s profile, in innovative formats that are easy to access, without software installation. You only need a device with Internet access, or to have the academic material for offline consultation.<\/p><h3 class=\"text-wrapper\">Topics:<\/h3><p>In video-lesson formats supported by synchronized presentations and academic performance recording.<\/p><h3 class=\"text-wrapper\">Teachers:<\/h3><p>The video-lessons are taught by recognized health experts in their field or specialty, who approach their topics from a practical perspective focused on the first level of care.<\/p>\t\t\t\t\t\t\t\t<\/div>\n\t\t\t\t<\/div>\n\t\t\t\t\t<\/div>\n\t\t<\/div>\n\t\t\t\t<div class=\"elementor-column elementor-col-50 elementor-top-column elementor-element elementor-element-c342f83\" data-id=\"c342f83\" data-element_type=\"column\" data-e-type=\"column\" data-settings=\"{&quot;background_background&quot;:&quot;classic&quot;}\">\n\t\t\t<div class=\"elementor-widget-wrap elementor-element-populated\">\n\t\t\t\t\t\t<div class=\"elementor-element elementor-element-4dfb0d7 elementor-widget elementor-widget-spacer\" data-id=\"4dfb0d7\" data-element_type=\"widget\" data-e-type=\"widget\" data-widget_type=\"spacer.default\">\n\t\t\t\t<div class=\"elementor-widget-container\">\n\t\t\t\t\t\t\t<div class=\"elementor-spacer\">\n\t\t\t<div class=\"elementor-spacer-inner\"><\/div>\n\t\t<\/div>\n\t\t\t\t\t\t<\/div>\n\t\t\t\t<\/div>\n\t\t\t\t<div class=\"elementor-element elementor-element-39f9bcbc elementor-widget elementor-widget-heading\" data-id=\"39f9bcbc\" data-element_type=\"widget\" data-e-type=\"widget\" data-widget_type=\"heading.default\">\n\t\t\t\t<div class=\"elementor-widget-container\">\n\t\t\t\t\t<h2 class=\"elementor-heading-title elementor-size-default\">To date<\/h2>\t\t\t\t<\/div>\n\t\t\t\t<\/div>\n\t\t\t\t<div class=\"elementor-element elementor-element-52b94c18 elementor-widget elementor-widget-counter\" data-id=\"52b94c18\" data-element_type=\"widget\" data-e-type=\"widget\" data-widget_type=\"counter.default\">\n\t\t\t\t<div class=\"elementor-widget-container\">\n\t\t\t\t\t\t\t<div class=\"elementor-counter\">\n\t\t\t\t\t\t<div class=\"elementor-counter-number-wrapper\">\n\t\t\t\t<span class=\"elementor-counter-number-prefix\"><\/span>\n\t\t\t\t<span class=\"elementor-counter-number\" data-duration=\"2000\" data-to-value=\"86438\" data-from-value=\"0\" data-delimiter=\",\">0<\/span>\n\t\t\t\t<span class=\"elementor-counter-number-suffix\"><\/span>\n\t\t\t<\/div>\n\t\t<\/div>\n\t\t\t\t\t\t<\/div>\n\t\t\t\t<\/div>\n\t\t\t\t<div class=\"elementor-element elementor-element-1f32796 elementor-widget elementor-widget-heading\" data-id=\"1f32796\" data-element_type=\"widget\" data-e-type=\"widget\" data-widget_type=\"heading.default\">\n\t\t\t\t<div class=\"elementor-widget-container\">\n\t\t\t\t\t<h2 class=\"elementor-heading-title elementor-size-default\">profesionales de la salud en las \u00e1reas de medicina, enfermer\u00eda, \ntrabajo social, psicolog\u00eda, nutrici\u00f3n y promoci\u00f3n de la salud, entre otras.<\/h2>\t\t\t\t<\/div>\n\t\t\t\t<\/div>\n\t\t\t\t<div class=\"elementor-element elementor-element-a5e4f65 elementor-widget elementor-widget-spacer\" data-id=\"a5e4f65\" data-element_type=\"widget\" data-e-type=\"widget\" data-widget_type=\"spacer.default\">\n\t\t\t\t<div class=\"elementor-widget-container\">\n\t\t\t\t\t\t\t<div class=\"elementor-spacer\">\n\t\t\t<div class=\"elementor-spacer-inner\"><\/div>\n\t\t<\/div>\n\t\t\t\t\t\t<\/div>\n\t\t\t\t<\/div>\n\t\t\t\t\t<\/div>\n\t\t<\/div>\n\t\t\t\t\t<\/div>\n\t\t<\/section>\n\t\t\t\t<\/div>","protected":false},"excerpt":{"rendered":"<p>Educaci\u00f3n Profesional Continua Situaci\u00f3n Actual Las enfermedades cr\u00f3nicas no transmisibles son las principales causas de discapacidad y muerte en M\u00e9xico y Am\u00e9rica Latina. En paralelo, persisten enfermedades del rezago que afectan la salud de la madre y el infante, con un consecuente impacto en la vida de la persona, combinado con la persistencia de enfermedades infecciosas, generan una demanda de servicios de salud centrados en la persona a lo largo de la l\u00ednea de vida, considerando todas las dimensiones de su salud. Estos retos en la prestaci\u00f3n de servicios de salud, aunados a la generaci\u00f3n constante de conocimiento cient\u00edfico, obligan al profesional de la salud a estar en constante capacitaci\u00f3n a fin de asimilar las nuevas pr\u00e1cticas en la prevenci\u00f3n y atenci\u00f3n centradas en la persona. Soluci\u00f3n Con el objetivo de favorecer que los profesionales de la salud en M\u00e9xico y Am\u00e9rica Latina est\u00e9n a la vanguardia del conocimiento cient\u00edfico, Fundaci\u00f3n Carlos Slim ha desarrollado una oferta acad\u00e9mica con el aval acad\u00e9mico de prestigiadas universidades nacionales e internacionales, donde se ofrecen contenidos actualizados y basados en evidencia sobre salud materna y perinatal, enfermedades cr\u00f3nicas, vacunolog\u00eda y algunas enfermedades infecciosas, entre otros. La oferta acad\u00e9mica consta de diplomados, certificaciones en competencias, talleres y cursos, mismos que se ofrecen a trav\u00e9s de una plataforma digital robusta de forma as\u00edncrona, tanto para aquellos profesionales de la salud que cuentan con acceso a internet como para aquellos que laboran en \u00e1reas remotas y requieren una capacitaci\u00f3n fuera de l\u00ednea. La plataforma digital de educaci\u00f3n profesional continua en salud de Fundaci\u00f3n Carlos Slim opera de la siguiente manera: &#8211; Debido a que la oferta acad\u00e9mica est\u00e1 disponible para acceso as\u00edncrono, los profesionales de la salud avanzan a su propio ritmo en los momentos que mejor les convenga, recibiendo contenido acad\u00e9mico acorde al perfil de cada profesional. &#8211; Al finalizar los cursos, el alumno podr\u00e1 obtener las constancias y diplomas universitarios que acrediten la adquisici\u00f3n del nuevo conocimiento. Sobre la oferta acad\u00e9mica Contenido: Segmentado con base en el perfil del profesional, en formatos novedosos de f\u00e1cil acceso, sin instalaci\u00f3n de software. Solo necesita un dispositivo con acceso a Internet, o bien contar con el material acad\u00e9mico para su consulta fuera de l\u00ednea. Temas: En formatos de video-lecciones con apoyo de presentaciones sincronizadas y registro del rendimiento acad\u00e9mico. Profesores: Las video-lecciones son impartidas por expertos en salud reconocidos en su campo o especialidad, quienes abordan sus temas desde una perspectiva pr\u00e1ctica y centrada en el primer nivel de atenci\u00f3n. Hasta el momento, se han graduado 0 profesionales de la salud en las \u00e1reas de medicina, enfermer\u00eda, trabajo social, psicolog\u00eda, nutrici\u00f3n y promoci\u00f3n de la salud, entre otras.<\/p>","protected":false},"author":1,"featured_media":14369,"parent":0,"menu_order":0,"comment_status":"closed","ping_status":"closed","template":"elementor_header_footer","meta":{"footnotes":""},"class_list":["post-9091","page","type-page","status-publish","has-post-thumbnail"],"aioseo_notices":[],"_links":{"self":[{"href":"https:\/\/saluddigital.com\/en\/wp-json\/wp\/v2\/pages\/9091","targetHints":{"allow":["GET"]}}],"collection":[{"href":"https:\/\/saluddigital.com\/en\/wp-json\/wp\/v2\/pages"}],"about":[{"href":"https:\/\/saluddigital.com\/en\/wp-json\/wp\/v2\/types\/page"}],"author":[{"embeddable":true,"href":"https:\/\/saluddigital.com\/en\/wp-json\/wp\/v2\/users\/1"}],"replies":[{"embeddable":true,"href":"https:\/\/saluddigital.com\/en\/wp-json\/wp\/v2\/comments?post=9091"}],"version-history":[{"count":0,"href":"https:\/\/saluddigital.com\/en\/wp-json\/wp\/v2\/pages\/9091\/revisions"}],"wp:featuredmedia":[{"embeddable":true,"href":"https:\/\/saluddigital.com\/en\/wp-json\/wp\/v2\/media\/14369"}],"wp:attachment":[{"href":"https:\/\/saluddigital.com\/en\/wp-json\/wp\/v2\/media?parent=9091"}],"curies":[{"name":"wp","href":"https:\/\/api.w.org\/{rel}","templated":true}]}}