{"id":8891,"date":"2020-08-13T18:49:40","date_gmt":"2020-08-13T23:49:40","guid":{"rendered":"https:\/\/saluddigital.com\/?page_id=8891"},"modified":"2025-10-08T16:03:31","modified_gmt":"2025-10-08T22:03:31","slug":"adicciones","status":"publish","type":"page","link":"https:\/\/saluddigital.com\/en\/adicciones\/","title":{"rendered":"Adicciones: Acciones de Fundaci\u00f3n Carlos Slim"},"content":{"rendered":"<div data-elementor-type=\"wp-page\" data-elementor-id=\"8891\" class=\"elementor elementor-8891\" data-elementor-post-type=\"page\">\n\t\t\t\t\t\t<section class=\"elementor-section elementor-top-section elementor-element elementor-element-b9a56ba elementor-section-height-min-height elementor-section-boxed elementor-section-height-default elementor-section-items-middle wpr-particle-no wpr-jarallax-no wpr-parallax-no wpr-sticky-section-no wpr-equal-height-no\" data-id=\"b9a56ba\" data-element_type=\"section\" data-e-type=\"section\" data-settings=\"{&quot;background_background&quot;:&quot;classic&quot;}\">\n\t\t\t\t\t\t\t<div class=\"elementor-background-overlay\"><\/div>\n\t\t\t\t\t\t\t<div class=\"elementor-container elementor-column-gap-default\">\n\t\t\t\t\t<div class=\"elementor-column elementor-col-100 elementor-top-column elementor-element elementor-element-77640c6\" data-id=\"77640c6\" data-element_type=\"column\" data-e-type=\"column\">\n\t\t\t<div class=\"elementor-widget-wrap elementor-element-populated\">\n\t\t\t\t\t\t<div class=\"elementor-element elementor-element-0c6a7d8 elementor-widget elementor-widget-heading\" data-id=\"0c6a7d8\" data-element_type=\"widget\" data-e-type=\"widget\" data-widget_type=\"heading.default\">\n\t\t\t\t<div class=\"elementor-widget-container\">\n\t\t\t\t\t<h2 class=\"elementor-heading-title elementor-size-default\">Addictions<\/h2>\t\t\t\t<\/div>\n\t\t\t\t<\/div>\n\t\t\t\t\t<\/div>\n\t\t<\/div>\n\t\t\t\t\t<\/div>\n\t\t<\/section>\n\t\t\t\t<section class=\"elementor-section elementor-top-section elementor-element elementor-element-dd3e833 elementor-section-boxed elementor-section-height-default elementor-section-height-default wpr-particle-no wpr-jarallax-no wpr-parallax-no wpr-sticky-section-no wpr-equal-height-no\" data-id=\"dd3e833\" data-element_type=\"section\" data-e-type=\"section\" data-settings=\"{&quot;background_background&quot;:&quot;classic&quot;}\">\n\t\t\t\t\t\t<div class=\"elementor-container elementor-column-gap-default\">\n\t\t\t\t\t<div class=\"elementor-column elementor-col-50 elementor-top-column elementor-element elementor-element-7f2e79f\" data-id=\"7f2e79f\" data-element_type=\"column\" data-e-type=\"column\">\n\t\t\t<div class=\"elementor-widget-wrap elementor-element-populated\">\n\t\t\t\t\t\t<div class=\"elementor-element elementor-element-c17cd6c elementor-widget elementor-widget-spacer\" data-id=\"c17cd6c\" data-element_type=\"widget\" data-e-type=\"widget\" data-widget_type=\"spacer.default\">\n\t\t\t\t<div class=\"elementor-widget-container\">\n\t\t\t\t\t\t\t<div class=\"elementor-spacer\">\n\t\t\t<div class=\"elementor-spacer-inner\"><\/div>\n\t\t<\/div>\n\t\t\t\t\t\t<\/div>\n\t\t\t\t<\/div>\n\t\t\t\t<div class=\"elementor-element elementor-element-624eb7b elementor-widget-divider--view-line elementor-widget elementor-widget-divider\" data-id=\"624eb7b\" data-element_type=\"widget\" data-e-type=\"widget\" data-widget_type=\"divider.default\">\n\t\t\t\t<div class=\"elementor-widget-container\">\n\t\t\t\t\t\t\t<div class=\"elementor-divider\">\n\t\t\t<span class=\"elementor-divider-separator\">\n\t\t\t\t\t\t<\/span>\n\t\t<\/div>\n\t\t\t\t\t\t<\/div>\n\t\t\t\t<\/div>\n\t\t\t\t<div class=\"elementor-element elementor-element-9f81370 elementor-widget elementor-widget-text-editor\" data-id=\"9f81370\" data-element_type=\"widget\" data-e-type=\"widget\" data-widget_type=\"text-editor.default\">\n\t\t\t\t<div class=\"elementor-widget-container\">\n\t\t\t\t\t\t\t\t\t<div class=\"txt total\"><div class=\"medio section-3\"><p>A partir del paradigma que representa la Salud Digital, y como catalizador de la transformaci\u00f3n de los servicios de salud para mejorar el acceso y la cobertura efectiva, desde Fundaci\u00f3n Carlos Slim trabajamos con un modelo que permite un innovador abordaje en la atenci\u00f3n de las adicciones.<\/p><\/div><\/div>\t\t\t\t\t\t\t\t<\/div>\n\t\t\t\t<\/div>\n\t\t\t\t<div class=\"elementor-element elementor-element-c18c535 elementor-widget elementor-widget-image\" data-id=\"c18c535\" data-element_type=\"widget\" data-e-type=\"widget\" data-widget_type=\"image.default\">\n\t\t\t\t<div class=\"elementor-widget-container\">\n\t\t\t\t\t\t\t\t\t\t\t\t\t\t\t<img fetchpriority=\"high\" decoding=\"async\" width=\"483\" height=\"507\" src=\"https:\/\/saluddigital.com\/wp-content\/uploads\/2024\/05\/Group-289.png.png\" class=\"attachment-large size-large wp-image-45977\" alt=\"\" srcset=\"https:\/\/saluddigital.com\/wp-content\/uploads\/2024\/05\/Group-289.png.png 483w, https:\/\/saluddigital.com\/wp-content\/uploads\/2024\/05\/Group-289.png-348x365.png 348w, https:\/\/saluddigital.com\/wp-content\/uploads\/2024\/05\/Group-289.png-11x12.png 11w\" sizes=\"(max-width: 483px) 100vw, 483px\" \/>\t\t\t\t\t\t\t\t\t\t\t\t\t\t\t<\/div>\n\t\t\t\t<\/div>\n\t\t\t\t\t<\/div>\n\t\t<\/div>\n\t\t\t\t<div class=\"elementor-column elementor-col-50 elementor-top-column elementor-element elementor-element-ccc2120\" data-id=\"ccc2120\" data-element_type=\"column\" data-e-type=\"column\" data-settings=\"{&quot;background_background&quot;:&quot;classic&quot;}\">\n\t\t\t<div class=\"elementor-widget-wrap elementor-element-populated\">\n\t\t\t\t\t\t<div class=\"elementor-element elementor-element-dc7f43a elementor-widget elementor-widget-spacer\" data-id=\"dc7f43a\" data-element_type=\"widget\" data-e-type=\"widget\" data-widget_type=\"spacer.default\">\n\t\t\t\t<div class=\"elementor-widget-container\">\n\t\t\t\t\t\t\t<div class=\"elementor-spacer\">\n\t\t\t<div class=\"elementor-spacer-inner\"><\/div>\n\t\t<\/div>\n\t\t\t\t\t\t<\/div>\n\t\t\t\t<\/div>\n\t\t\t\t<div class=\"elementor-element elementor-element-a8a5c37 elementor-widget-divider--view-line elementor-widget elementor-widget-divider\" data-id=\"a8a5c37\" data-element_type=\"widget\" data-e-type=\"widget\" data-widget_type=\"divider.default\">\n\t\t\t\t<div class=\"elementor-widget-container\">\n\t\t\t\t\t\t\t<div class=\"elementor-divider\">\n\t\t\t<span class=\"elementor-divider-separator\">\n\t\t\t\t\t\t<\/span>\n\t\t<\/div>\n\t\t\t\t\t\t<\/div>\n\t\t\t\t<\/div>\n\t\t\t\t<div class=\"elementor-element elementor-element-6a6fb5a elementor-widget elementor-widget-image\" data-id=\"6a6fb5a\" data-element_type=\"widget\" data-e-type=\"widget\" data-widget_type=\"image.default\">\n\t\t\t\t<div class=\"elementor-widget-container\">\n\t\t\t\t\t\t\t\t\t\t\t\t\t\t\t<img decoding=\"async\" width=\"337\" height=\"168\" src=\"https:\/\/saluddigital.com\/wp-content\/uploads\/2022\/11\/Group-254.png\" class=\"attachment-large size-large wp-image-35212\" alt=\"\" srcset=\"https:\/\/saluddigital.com\/wp-content\/uploads\/2022\/11\/Group-254.png 337w, https:\/\/saluddigital.com\/wp-content\/uploads\/2022\/11\/Group-254-18x9.png 18w\" sizes=\"(max-width: 337px) 100vw, 337px\" \/>\t\t\t\t\t\t\t\t\t\t\t\t\t\t\t<\/div>\n\t\t\t\t<\/div>\n\t\t\t\t<div class=\"elementor-element elementor-element-099a12b elementor-widget elementor-widget-text-editor\" data-id=\"099a12b\" data-element_type=\"widget\" data-e-type=\"widget\" data-widget_type=\"text-editor.default\">\n\t\t\t\t<div class=\"elementor-widget-container\">\n\t\t\t\t\t\t\t\t\t<p>En alianza con la red de 120 unidades de atenci\u00f3n de Centros de Integraci\u00f3n Juvenil (CIJ), la UNAM y otras instituciones, trabajamos en la prevenci\u00f3n de adicciones mediante:<br \/><br \/><\/p><ol><li>Capacitaciones y talleres para grupos de riesgo<\/li><li>Becas para que m\u00e9dicos realicen su servicio social en el \u00e1rea de adicciones<\/li><li>Educaci\u00f3n continua de profesionales de la salud mediante cursos de especialidad en l\u00ednea<\/li><\/ol>\t\t\t\t\t\t\t\t<\/div>\n\t\t\t\t<\/div>\n\t\t\t\t<div class=\"elementor-element elementor-element-d57d2b8 elementor-widget elementor-widget-text-editor\" data-id=\"d57d2b8\" data-element_type=\"widget\" data-e-type=\"widget\" data-widget_type=\"text-editor.default\">\n\t\t\t\t<div class=\"elementor-widget-container\">\n\t\t\t\t\t\t\t\t\t<div class=\"txt total\">\n<div class=\"medio section-3\">\n<p><strong>Para mejorar la calidad de la atenci\u00f3n<\/strong> a personas consumidoras de drogas, trabajamos con CIJ en una atenci\u00f3n especializada, basada en<strong> diagn\u00f3sticos cl\u00ednicos y perfiles de tratamiento y seguimiento personalizados.<\/strong><\/p>\n<p>A partir de la informaci\u00f3n registrada en la <strong>plataforma digital CIJ 3.0<\/strong>, desarrollada por Fundaci\u00f3n Carlos Slim, se trabaja en la <strong>generaci\u00f3n de modelos predictivos de riesgo<\/strong> para el tratamiento de potenciales consumidores.<\/p>\n<\/div>\n<\/div>\t\t\t\t\t\t\t\t<\/div>\n\t\t\t\t<\/div>\n\t\t\t\t<div class=\"elementor-element elementor-element-008d9ad elementor-widget elementor-widget-spacer\" data-id=\"008d9ad\" data-element_type=\"widget\" data-e-type=\"widget\" data-widget_type=\"spacer.default\">\n\t\t\t\t<div class=\"elementor-widget-container\">\n\t\t\t\t\t\t\t<div class=\"elementor-spacer\">\n\t\t\t<div class=\"elementor-spacer-inner\"><\/div>\n\t\t<\/div>\n\t\t\t\t\t\t<\/div>\n\t\t\t\t<\/div>\n\t\t\t\t\t<\/div>\n\t\t<\/div>\n\t\t\t\t\t<\/div>\n\t\t<\/section>\n\t\t\t\t<\/div>","protected":false},"excerpt":{"rendered":"<p>Adicciones A partir del paradigma que representa la Salud Digital, y como catalizador de la transformaci\u00f3n de los servicios de salud para mejorar el acceso y la cobertura efectiva, desde Fundaci\u00f3n Carlos Slim trabajamos con un modelo que permite un innovador abordaje en la atenci\u00f3n de las adicciones. En alianza con la red de 120 unidades de atenci\u00f3n de Centros de Integraci\u00f3n Juvenil (CIJ), la UNAM y otras instituciones, trabajamos en la prevenci\u00f3n de adicciones mediante: Capacitaciones y talleres para grupos de riesgo Becas para que m\u00e9dicos realicen su servicio social en el \u00e1rea de adicciones Educaci\u00f3n continua de profesionales de la salud mediante cursos de especialidad en l\u00ednea Para mejorar la calidad de la atenci\u00f3n a personas consumidoras de drogas, trabajamos con CIJ en una atenci\u00f3n especializada, basada en diagn\u00f3sticos cl\u00ednicos y perfiles de tratamiento y seguimiento personalizados. A partir de la informaci\u00f3n registrada en la plataforma digital CIJ 3.0, desarrollada por Fundaci\u00f3n Carlos Slim, se trabaja en la generaci\u00f3n de modelos predictivos de riesgo para el tratamiento de potenciales consumidores.<\/p>","protected":false},"author":1,"featured_media":14307,"parent":0,"menu_order":0,"comment_status":"closed","ping_status":"closed","template":"elementor_header_footer","meta":{"footnotes":""},"class_list":["post-8891","page","type-page","status-publish","has-post-thumbnail"],"aioseo_notices":[],"_links":{"self":[{"href":"https:\/\/saluddigital.com\/en\/wp-json\/wp\/v2\/pages\/8891","targetHints":{"allow":["GET"]}}],"collection":[{"href":"https:\/\/saluddigital.com\/en\/wp-json\/wp\/v2\/pages"}],"about":[{"href":"https:\/\/saluddigital.com\/en\/wp-json\/wp\/v2\/types\/page"}],"author":[{"embeddable":true,"href":"https:\/\/saluddigital.com\/en\/wp-json\/wp\/v2\/users\/1"}],"replies":[{"embeddable":true,"href":"https:\/\/saluddigital.com\/en\/wp-json\/wp\/v2\/comments?post=8891"}],"version-history":[{"count":0,"href":"https:\/\/saluddigital.com\/en\/wp-json\/wp\/v2\/pages\/8891\/revisions"}],"wp:featuredmedia":[{"embeddable":true,"href":"https:\/\/saluddigital.com\/en\/wp-json\/wp\/v2\/media\/14307"}],"wp:attachment":[{"href":"https:\/\/saluddigital.com\/en\/wp-json\/wp\/v2\/media?parent=8891"}],"curies":[{"name":"wp","href":"https:\/\/api.w.org\/{rel}","templated":true}]}}