{"id":531,"date":"2019-05-17T00:04:01","date_gmt":"2019-05-17T05:04:01","guid":{"rendered":"https:\/\/saluddigital.com\/?page_id=531"},"modified":"2025-10-08T16:40:19","modified_gmt":"2025-10-08T22:40:19","slug":"politica-de-privacidad","status":"publish","type":"page","link":"https:\/\/saluddigital.com\/en\/politica-de-privacidad\/","title":{"rendered":"Privacy Policy"},"content":{"rendered":"<div data-elementor-type=\"wp-post\" data-elementor-id=\"531\" class=\"elementor elementor-531\" data-elementor-post-type=\"page\">\n\t\t\t\t\t\t<section class=\"elementor-section elementor-top-section elementor-element elementor-element-7d11a07 elementor-section-height-min-height elementor-section-boxed elementor-section-height-default elementor-section-items-middle wpr-particle-no wpr-jarallax-no wpr-parallax-no wpr-sticky-section-no wpr-equal-height-no\" data-id=\"7d11a07\" data-element_type=\"section\" data-e-type=\"section\" data-settings=\"{&quot;background_background&quot;:&quot;classic&quot;}\">\n\t\t\t\t\t\t<div class=\"elementor-container elementor-column-gap-default\">\n\t\t\t\t\t<div class=\"elementor-column elementor-col-100 elementor-top-column elementor-element elementor-element-e11e5d0\" data-id=\"e11e5d0\" data-element_type=\"column\" data-e-type=\"column\">\n\t\t\t<div class=\"elementor-widget-wrap elementor-element-populated\">\n\t\t\t\t\t\t<div class=\"elementor-element elementor-element-a0ede0c elementor-widget elementor-widget-heading\" data-id=\"a0ede0c\" data-element_type=\"widget\" data-e-type=\"widget\" data-widget_type=\"heading.default\">\n\t\t\t\t<div class=\"elementor-widget-container\">\n\t\t\t\t\t<h2 class=\"elementor-heading-title elementor-size-default\">Aviso de privacidad<\/h2>\t\t\t\t<\/div>\n\t\t\t\t<\/div>\n\t\t\t\t\t<\/div>\n\t\t<\/div>\n\t\t\t\t\t<\/div>\n\t\t<\/section>\n\t\t\t\t<section class=\"elementor-section elementor-top-section elementor-element elementor-element-d7fab85 elementor-section-stretched elementor-section-boxed elementor-section-height-default elementor-section-height-default wpr-particle-no wpr-jarallax-no wpr-parallax-no wpr-sticky-section-no wpr-equal-height-no elementor-invisible\" data-id=\"d7fab85\" data-element_type=\"section\" data-e-type=\"section\" data-settings=\"{&quot;animation&quot;:&quot;fadeInUp&quot;,&quot;stretch_section&quot;:&quot;section-stretched&quot;}\">\n\t\t\t\t\t\t<div class=\"elementor-container elementor-column-gap-default\">\n\t\t\t\t\t<div class=\"elementor-column elementor-col-100 elementor-top-column elementor-element elementor-element-85930f3\" data-id=\"85930f3\" data-element_type=\"column\" data-e-type=\"column\">\n\t\t\t<div class=\"elementor-widget-wrap elementor-element-populated\">\n\t\t\t\t\t\t<div class=\"elementor-element elementor-element-a20e41e elementor-widget elementor-widget-text-editor\" data-id=\"a20e41e\" data-element_type=\"widget\" data-e-type=\"widget\" data-widget_type=\"text-editor.default\">\n\t\t\t\t<div class=\"elementor-widget-container\">\n\t\t\t\t\t\t\t\t\t<p><strong>Privacy Policy<\/strong> leaded to the holders of personal data held by Carlos Slim Foundation, A.C., in relation to the projects, programs, web pages and \/ or platforms described below:<\/p><ul><li>Digital Health<\/li><\/ul><h3><strong>RESPONSIBLE<\/strong><\/h3><p>Carlos Slim Foundation, A.C. (here and after the \u201cFoundation\u201d), with address located at Avenida Paseo de las Palmas No. 781, Floor 03, Colonia Lomas de Chapultepec III Secci\u00f3n, C.P. 11000, Miguel Hidalgo Delegation, in Mexico City.<\/p><h3><strong>PERSONAL INFORMATION<\/strong><\/h3><p>The Foundation informs that, derived from its various projects, programs, web pages and \/ or platforms, it may collect from you the personal data listed below by categories:<\/p><ul><li>identification.<\/li><li>Contact.<\/li><li>Financial.<\/li><li>Patrimonial.<\/li><li>Academic.<\/li><li>Laboral.<\/li><\/ul><h3><strong>PERSONAL SENSITIVE DATA<\/strong><\/h3><p>The Foundation informs that, derived from its various projects, programs and \/ or platforms, it may collect sensitive personal data from you that are then listed in the corresponding category:<\/p><ul><li>Digital Health.<\/li><\/ul><p>The personal data and sensitive personal data (will be identified later as the \u201cPersonal Data\u201d) it may be collected, may be processed by the Foundation for the following purposes:<\/p><h4><strong>Primary<\/strong><\/h4><ul><li>In virtue of the legal relationship that exists with you.<\/li><li>For administrative purposes.<\/li><li>For operational purposes.<\/li><li>In order to give certificates and \/ or documents that provides that you are taking and \/ or have completed the courses, diplomas, workshops and \/ or trainings that you are taking in the various projects, programs and \/ or platforms of the Foundation.<\/li><\/ul><h4><strong>Secondary<\/strong><\/h4><ul><li>In order to send you the monthly newsletter and \/ or invitations to the events.<\/li><li>So that your work profile can enter the job relation of companies that are affiliated and \/ or related to the projects, programs and \/ or platforms of the Foundation.<\/li><li>For Statistical and \/ or Prospecting purposes.<\/li><\/ul><p>If you want to express your refusal for the processing of Personal Data for secondary purposes, you must submit a document signed by you, with:\u00a0<strong>(i)<\/strong>\u00a0full name of the owner and\u00a0<strong>(ii)<\/strong>\u00a0the address or other channels to communicate the response to your request, at the following address: Avenida Paseo de las Palmas No. 781, Floor 03, Colonia Lomas de Chapultepec III Secci\u00f3n, C.P. 11000, Delegation Miguel Hidalgo, in Mexico City, indicating briefly in the brief what your request refers to (the \u201cApplication for Secondary Purposes\u201d) and in order to verify your identity, you must accompany the Request for Secondary Purposes, a copy and the original to check your current Official Identification and in case it is presented by a legal representative, the identity and personality of the latter must be accredited.<\/p><h3><strong>TRANSFERS\u00a0<\/strong><\/h3><p>The Foundation may carry out, without your consent, transfer of your personal Identification, Contact, Financial, Patrimonial, Academic, Health and \/ or Labor data when any of the cases provided for in article 37 of the Federal Law on Protection of Personal Data occurs. in the possession of the Individuals (hereinafter the \u201cLaw\u201d). Otherwise sensu, if the assumptions of article 37 of the Law are not applicable, the Foundation may transfer your personal Identification, Contact, Financial, Patrimonial, Academic, Health and \/ or Labor data provided that you previously obtain your consent from you . Such transfer may be made to: (i) Private Assistance Institutions, (ii) Civil Associations, (iii) Decentralized and \/ or Decentralized Public Organizations, (iv) Public and \/ or Private Hospitals, (v) the job bank of Entities associated with the projects, programs and \/ or platforms offered by the Foundation, and (vi) Public and private organizations and institutions related to professional training and \/ or the certification, accreditation or validation of studies, regardless of nationals or foreigners, for the following purposes:<\/p><ul><li>Prospecting.<\/li><li>Validation, accreditation and \/ or certification of studies.<\/li><li>Offer of Services and \/ or Products.<\/li><li>For statistical purposes.<\/li><\/ul><p>In case you want to express your refusal to any of the purposes described above, you must submit a document signed by you, with:\u00a0<strong>(i)<\/strong>\u00a0full name of the owner and\u00a0<strong>(ii)<\/strong>\u00a0the address or other means to communicate the response to your request, at the following address: Avenida Paseo de las Palmas No. 781, Floor 03, Colonia Lomas de Chapultepec III Secci\u00f3n, C.P. 11000, Delegation Miguel Hidalgo, in Mexico City, briefly indicating in the brief what your request refers to (the \u201cTransfer Request\u201d) and in order to verify your identity, you must accompany the Transfer Request, a copy and original to check your valid Official Identification and in case it is presented by legal representative, the identity and personality of the latter must be accredited.<\/p><h3><strong>ARCO RIGHTS<\/strong><\/h3><p>The Holders of the Personal Data or their legal representatives may exercise the ARCO rights (access, rectification, cancellation or opposition), presenting a written document signed by the Holder (hereinafter the \u201cARCO Request\u201d), at the following address : Avenida Paseo de las Palmas No. 781, Floor 03, Colonia Lomas de Chapultepec III Secci\u00f3n, CP 11000, Miguel Hidalgo Delegation, in Mexico City.<\/p><p>The ARCO application must include:<\/p><p><strong>(i)<\/strong>\u00a0The full name of the Holder,\u00a0<strong>(ii)\u00a0<\/strong>a clear and precise description of the Personal Data in respect of which you will exercise the ARCO rights,\u00a0<strong>(iii)<\/strong>\u00a0as well as identify and \/ or specify which right (s) ARCO wants to exercise and\u00a0<strong>(iv)<\/strong>\u00a0the address or other means to communicate the response to your request.<\/p><p>In order for the Foundation to verify your identity, you must accompany the ARCO Application with a copy and the original of your current Official Identification for a comparison and in case it is presented by legal representative, the identity and personality must be accredited from the last batch.<\/p><p>The Foundation informs you that the Area responsible for processing your Secondary Purposes Request, Transfer Request, ARCO Request and the Revocation Request (term defined below), is the Legal Area of the Foundation, who is designated as Personal Data Area, which will have a deadline to communicate the response to your request (s) that will not exceed 20 (twenty) business days, counted from the date of submission, also makes available to you following emails, for any questions related to the processes described above, according to the project (s), program (s), web page (s) and \/ or corresponding platform (s):<\/p><ul><li>Digital Health\u00a0<a href=\"mailto:saluddigital@fundacioncarlosslim.org\">saluddigital@fundacioncarlosslim.org<\/a><\/li><\/ul><h3><strong>THIS WEB PAGE USES COOKIES<\/strong><\/h3><p>Cookies on this website are used to personalize content and analyze traffic.<\/p><h3><strong>REVOCATION OF CONSENT<\/strong><\/h3><p>The Holders of Personal Data may at any time request the revocation of the consent to the treatment (obtaining, use, disclosure or storage) of their Personal Data, in order to revoke said consent, they must submit a document signed by the Holder, with: <strong>(i)<\/strong>\u00a0full name of the owner and\u00a0<strong>(ii)<\/strong>\u00a0the address or other means to communicate the response to your request (the \u201cRevocation Request\u201d), at the following address: Avenida Paseo de las Palmas No. 781, Floor 03, Colonia Lomas de Chapultepec III Secci\u00f3n, C.P. 11000, Delegation Miguel Hidalgo, in Mexico City, briefly indicating in the letter what your Revocation Request refers to and in order to verify your identity, you must accompany the Revocation Request, a copy and the original of your Official Identification in force for comparison and in case it is presented by legal representative, the identity and personality of the latter must be accredited.<\/p><p>It is important that you take into account that not in all cases the Foundation may terminate the use immediately, since it is possible that for some legal obligation you need to continue treating your Personal Data. Likewise, you should consider that for certain purposes, the revocation of your consent will imply that the Foundation cannot continue the legal relationship that exists with you.<\/p><h4><strong>How can you limit the use or disclosure of your personal information?<\/strong><\/h4><p>By registering in the \u201cExclusion\u201d list of the Foundation, so that your Personal Data is not processed:\u00a0<strong>(i)<\/strong>\u00a0to send you our monthly newsletter,\u00a0<strong>(ii)<\/strong>\u00a0to send invitations to events,\u00a0<strong>(iii)<\/strong>\u00a0so that your work profile can enter the job market of companies that are affiliated and \/ or related to the projects, programs and \/ or platforms of the Foundation and \/ or\u00a0<strong>(iv)<\/strong>\u00a0for statistical and \/ or prospecting purposes. For more information you must send an email to the following email address according to the project (s), program (s), web page (s) and \/ or platform (s) that apply, in order to answer your questions and send the corresponding format:<\/p><ul><li>Digital Health <a href=\"mailto:saluddigital@fundacioncarlosslim.org\">saluddigital@fundacioncarlosslim.org<\/a><\/li><\/ul><p>The Foundation reserves the right to update and \/ or modify this Privacy Notice at any time, in which case it will be made known through its publication at the following email address:\u00a0<a href=\"http:\/\/fundacioncarlosslim.org\/aviso-de-privacidad\/\">http:\/\/fundacioncarlosslim.org\/aviso-de-privacidad\/<\/a>.<\/p><p style=\"text-align: right;\"><strong><em>Last Update: September 2018.<\/em><\/strong><\/p>\t\t\t\t\t\t\t\t<\/div>\n\t\t\t\t<\/div>\n\t\t\t\t\t<\/div>\n\t\t<\/div>\n\t\t\t\t\t<\/div>\n\t\t<\/section>\n\t\t\t\t<\/div>","protected":false},"excerpt":{"rendered":"<p>Aviso de privacidad Aviso de Privacidad dirigido a los Titulares de datos personales que obran en posesi\u00f3n de Fundaci\u00f3n Carlos Slim, A. C., con relaci\u00f3n a los proyectos, programas, p\u00e1ginas web y\/o plataformas que se describen a continuaci\u00f3n: Salud Digital RESPONSABLE Fundaci\u00f3n Carlos Slim, A. C. (en lo sucesivo la \u201cFundaci\u00f3n\u201d), con domicilio ubicado en Avenida Paseo de las Palmas No. 781, Piso 03, Colonia Lomas de Chapultepec III Secci\u00f3n, C.P. 11000, Delegaci\u00f3n Miguel Hidalgo, en la Ciudad de M\u00e9xico. DATOS PERSONALES La Fundaci\u00f3n hace de su conocimiento que derivado de sus diversos proyectos, programas, p\u00e1ginas web y\/o plataformas puede llegar a recabar de usted los datos personales que a continuaci\u00f3n se enlistan por categor\u00edas: Identificaci\u00f3n. Contacto. Financieros. Patrimoniales. Acad\u00e9micos. Laborales. DATOS PERSONALES SENSIBLES La Fundaci\u00f3n hace de su conocimiento que derivado de sus diversos proyectos, programas y\/o plataformas puede llegar a recabar de usted los datos personales sensibles que a continuaci\u00f3n se enlistan en la categor\u00eda correspondiente: Salud Digital. Los datos personales y los datos personales sensibles (se identificar\u00e1n m\u00e1s adelante como los \u201cDatos Personales\u201d) que en su caso se recaben, podr\u00e1n ser tratados por la Fundaci\u00f3n para las siguientes finalidades: Primarias Por virtud de la relaci\u00f3n jur\u00eddica que exista con usted. Para fines Administrativos. Con fines Operativos. Para poder emitir constancias, certificados y\/o el documento que acredite que usted est\u00e1 cursando y\/o ha finalizado los cursos, diplomados, talleres y\/o capacitaciones que usted est\u00e9 tomando en los diversos proyectos, programas y\/o plataformas de la Fundaci\u00f3n. Secundarias Para poder enviarle el bolet\u00edn mensual y\/o invitaciones a los eventos de la Fundaci\u00f3n. Para que su perfil laboral pueda ingresarse a la bolsa de trabajo de las empresas que est\u00e1n afiliadas y\/o relacionadas a los proyectos, programas y\/o plataformas de la Fundaci\u00f3n. Con fines Estad\u00edsticos y\/o de Prospecci\u00f3n. En caso de querer manifestar su negativa para el tratamiento de los Datos Personales para las finalidades secundarias, deber\u00e1 presentar un escrito firmado por usted, con:\u00a0(i)\u00a0nombre completo del Titular y\u00a0(ii)\u00a0el domicilio u otro medio para comunicar la respuesta a su solicitud, en la siguiente direcci\u00f3n: Avenida Paseo de las Palmas No. 781, Piso 03, Colonia Lomas de Chapultepec III Secci\u00f3n, C.P. 11000, Delegaci\u00f3n Miguel Hidalgo, en la Ciudad de M\u00e9xico, indicando brevemente en el escrito a qu\u00e9 se refiere su solicitud (la \u201cSolicitud de Finalidades Secundarias\u201d) y con el fin de verificar su identidad, usted deber\u00e1 acompa\u00f1ar a la Solicitud de Finalidades Secundarias, una copia y el original para cotejo de su Identificaci\u00f3n Oficial vigente y en caso que sea presentada mediante representante legal, se deber\u00e1 de acreditar la identidad y personalidad de \u00e9ste \u00faltimo. TRANSFERENCIAS\u00a0 La Fundaci\u00f3n podr\u00e1 realizar sin su consentimiento transferencia de sus datos personales de Identificaci\u00f3n, Contacto, Financieros, Patrimoniales, Acad\u00e9micos, de Salud y\/o Laborales cuando se d\u00e9 alguno de los supuestos previstos en el art\u00edculo 37 de la Ley Federal de Protecci\u00f3n de Datos Personales en posesi\u00f3n de los Particulares (en lo sucesivo la \u201cLey\u201d). A contrario sensu, si no son aplicables los supuestos del art\u00edculo 37 de la Ley, la Fundaci\u00f3n podr\u00e1 transferir sus datos personales de Identificaci\u00f3n, Contacto, Financieros, Patrimoniales, Acad\u00e9micos, de Salud y\/o Laborales siempre y cuando previamente obtenga de usted su consentimiento. Dicha transferencia se podr\u00e1 realizar a: (i)Instituciones de Asistencia Privada, (ii)Asociaciones Civiles, (iii)Organismos P\u00fablicos Descentralizados y\/o Desconcentrados, (iv)Hospitales P\u00fablicos y\/o Privados, (v)la bolsa de trabajo de las Entidades asociadas a los proyectos, programas y\/o plataformas que ofrece la Fundaci\u00f3n, y (vi)Organismos e Instituciones p\u00fablicas o privadas relacionadas con la formaci\u00f3n profesional y\/o la certificaci\u00f3n, acreditaci\u00f3n o validaci\u00f3n de estudios, indistintamente a nacionales o extranjeras, para las siguientes finalidades: Prospecci\u00f3n. Validaci\u00f3n, acreditaci\u00f3n y\/o certificaci\u00f3n de estudios. Ofrecimiento de Servicios y\/o Productos. Con fines Estad\u00edsticos. En caso de que usted quiera manifestar su negativa a cualquiera de las finalidades anteriormente descritas, deber\u00e1 presentar un escrito firmado por usted, con:\u00a0(i)\u00a0nombre completo del Titular y\u00a0(ii)\u00a0el domicilio u otro medio para comunicar la respuesta a su solicitud, en la siguiente direcci\u00f3n: Avenida Paseo de las Palmas No. 781, Piso 03, Colonia Lomas de Chapultepec III Secci\u00f3n, C.P. 11000, Delegaci\u00f3n Miguel Hidalgo, en la Ciudad de M\u00e9xico, indicando brevemente en el escrito a qu\u00e9 se refiere su solicitud (la \u201cSolicitud de Transferencia\u201d) y con el fin de verificar su identidad, usted deber\u00e1 acompa\u00f1ar a la Solicitud de Transferencia, una copia y el original para cotejo de su Identificaci\u00f3n Oficial vigente y en caso que sea presentada mediante representante legal, se deber\u00e1 de acreditar la identidad y personalidad de \u00e9ste \u00faltimo. DERECHOS ARCO Los Titulares de los Datos Personales o en su caso sus representantes legales podr\u00e1n ejercer los derechos ARCO (acceso, rectificaci\u00f3n, cancelaci\u00f3n u oposici\u00f3n), presentando un escrito firmado por el Titular (en lo sucesivo la \u201cSolicitud ARCO\u201d), en la siguiente direcci\u00f3n: Avenida Paseo de las Palmas No. 781, Piso 03, Colonia Lomas de Chapultepec III Secci\u00f3n, C.P. 11000, Delegaci\u00f3n Miguel Hidalgo, en la Ciudad de M\u00e9xico. En la Solicitud ARCO se deber\u00e1 Incluir: (i)\u00a0El nombre completo del Titular,\u00a0(ii)\u00a0una descripci\u00f3n clara y precisa de los Datos Personales respecto de los cuales ejercitar\u00e1 los derechos ARCO,\u00a0(iii)\u00a0as\u00ed como identificar y\/o especificar qu\u00e9 derecho(s) ARCO quiere ejercer y\u00a0(iv)\u00a0el domicilio u otro medio para comunicar la respuesta a su solicitud. Con el fin de que la Fundaci\u00f3n pueda verificar su identidad, usted deber\u00e1 acompa\u00f1ar a la Solicitud ARCO, una copia y el original de su Identificaci\u00f3n Oficial vigente para cotejo y en caso que sea presentada mediante representante legal, se deber\u00e1 de acreditar la identidad y personalidad de \u00e9ste \u00faltimo. La Fundaci\u00f3n hace de su conocimiento que el \u00c1rea encargada de procesar su Solicitud de Finalidades Secundarias, Solicitud de Transferencia, Solicitud ARCO y la Solicitud de Revocaci\u00f3n (t\u00e9rmino que se define m\u00e1s adelante), es el \u00c1rea Jur\u00eddica de la Fundaci\u00f3n, quien est\u00e1 designada como \u00c1rea de Datos Personales, la cual tendr\u00e1 un plazo para comunicar la respuesta a su(s) solicitud(es) que no exceder\u00e1 de 20 (veinte) d\u00edas h\u00e1biles, contados a partir de la fecha de su presentaci\u00f3n, asimismo pone a su disposici\u00f3n los siguientes correos electr\u00f3nicos, para cualquier consulta relacionada con los procesos &#8230; <a title=\"Privacy Policy\" class=\"read-more\" href=\"https:\/\/saluddigital.com\/en\/politica-de-privacidad\/\" aria-label=\"Read more about Pol\u00edtica de Privacidad\">Read more<\/a><\/p>","protected":false},"author":1,"featured_media":14378,"parent":0,"menu_order":0,"comment_status":"closed","ping_status":"closed","template":"elementor_header_footer","meta":{"footnotes":""},"class_list":["post-531","page","type-page","status-publish","has-post-thumbnail"],"aioseo_notices":[],"_links":{"self":[{"href":"https:\/\/saluddigital.com\/en\/wp-json\/wp\/v2\/pages\/531","targetHints":{"allow":["GET"]}}],"collection":[{"href":"https:\/\/saluddigital.com\/en\/wp-json\/wp\/v2\/pages"}],"about":[{"href":"https:\/\/saluddigital.com\/en\/wp-json\/wp\/v2\/types\/page"}],"author":[{"embeddable":true,"href":"https:\/\/saluddigital.com\/en\/wp-json\/wp\/v2\/users\/1"}],"replies":[{"embeddable":true,"href":"https:\/\/saluddigital.com\/en\/wp-json\/wp\/v2\/comments?post=531"}],"version-history":[{"count":0,"href":"https:\/\/saluddigital.com\/en\/wp-json\/wp\/v2\/pages\/531\/revisions"}],"wp:featuredmedia":[{"embeddable":true,"href":"https:\/\/saluddigital.com\/en\/wp-json\/wp\/v2\/media\/14378"}],"wp:attachment":[{"href":"https:\/\/saluddigital.com\/en\/wp-json\/wp\/v2\/media?parent=531"}],"curies":[{"name":"wp","href":"https:\/\/api.w.org\/{rel}","templated":true}]}}