{"id":46573,"date":"2024-06-19T16:48:57","date_gmt":"2024-06-19T22:48:57","guid":{"rendered":"https:\/\/saluddigital.com\/?page_id=46573"},"modified":"2025-10-08T21:13:42","modified_gmt":"2025-10-09T03:13:42","slug":"crecimido","status":"publish","type":"page","link":"https:\/\/saluddigital.com\/en\/crecimido\/","title":{"rendered":"Crecimido Profesionales: Acciones de la Fundaci\u00f3n Carlos Slim"},"content":{"rendered":"<div data-elementor-type=\"wp-page\" data-elementor-id=\"46573\" class=\"elementor elementor-46573\" data-elementor-post-type=\"page\">\n\t\t\t\t\t\t<section class=\"elementor-section elementor-top-section elementor-element elementor-element-9507eca elementor-section-height-min-height elementor-section-boxed elementor-section-height-default elementor-section-items-middle wpr-particle-no wpr-jarallax-no wpr-parallax-no wpr-sticky-section-no wpr-equal-height-no\" data-id=\"9507eca\" data-element_type=\"section\" data-e-type=\"section\" data-settings=\"{&quot;background_background&quot;:&quot;classic&quot;}\">\n\t\t\t\t\t\t\t<div class=\"elementor-background-overlay\"><\/div>\n\t\t\t\t\t\t\t<div class=\"elementor-container elementor-column-gap-default\">\n\t\t\t\t\t<div class=\"elementor-column elementor-col-100 elementor-top-column elementor-element elementor-element-e49e479\" data-id=\"e49e479\" data-element_type=\"column\" data-e-type=\"column\">\n\t\t\t<div class=\"elementor-widget-wrap\">\n\t\t\t\t\t\t\t<\/div>\n\t\t<\/div>\n\t\t\t\t\t<\/div>\n\t\t<\/section>\n\t\t\t\t<section class=\"elementor-section elementor-top-section elementor-element elementor-element-479fccd elementor-section-boxed elementor-section-height-default elementor-section-height-default wpr-particle-no wpr-jarallax-no wpr-parallax-no wpr-sticky-section-no wpr-equal-height-no\" data-id=\"479fccd\" data-element_type=\"section\" data-e-type=\"section\" data-settings=\"{&quot;background_background&quot;:&quot;classic&quot;}\">\n\t\t\t\t\t\t<div class=\"elementor-container elementor-column-gap-default\">\n\t\t\t\t\t<div class=\"elementor-column elementor-col-100 elementor-top-column elementor-element elementor-element-1591a11\" data-id=\"1591a11\" data-element_type=\"column\" data-e-type=\"column\" data-settings=\"{&quot;background_background&quot;:&quot;classic&quot;}\">\n\t\t\t<div class=\"elementor-widget-wrap elementor-element-populated\">\n\t\t\t\t\t\t<div class=\"elementor-element elementor-element-7a7ad25 elementor-widget elementor-widget-heading\" data-id=\"7a7ad25\" data-element_type=\"widget\" data-e-type=\"widget\" data-widget_type=\"heading.default\">\n\t\t\t\t<div class=\"elementor-widget-container\">\n\t\t\t\t\t<h2 class=\"elementor-heading-title elementor-size-default\">INFORMACI\u00d3N PARA PROFESIONAL DE LA SALUD<\/h2>\t\t\t\t<\/div>\n\t\t\t\t<\/div>\n\t\t\t\t\t<\/div>\n\t\t<\/div>\n\t\t\t\t\t<\/div>\n\t\t<\/section>\n\t\t\t\t<section class=\"elementor-section elementor-top-section elementor-element elementor-element-10b8c5f elementor-section-boxed elementor-section-height-default elementor-section-height-default wpr-particle-no wpr-jarallax-no wpr-parallax-no wpr-sticky-section-no wpr-equal-height-no\" data-id=\"10b8c5f\" data-element_type=\"section\" data-e-type=\"section\" data-settings=\"{&quot;background_background&quot;:&quot;classic&quot;}\">\n\t\t\t\t\t\t<div class=\"elementor-container elementor-column-gap-default\">\n\t\t\t\t\t<div class=\"elementor-column elementor-col-50 elementor-top-column elementor-element elementor-element-f8776e4\" data-id=\"f8776e4\" data-element_type=\"column\" data-e-type=\"column\">\n\t\t\t<div class=\"elementor-widget-wrap elementor-element-populated\">\n\t\t\t\t\t\t<div class=\"elementor-element elementor-element-3a0f951 elementor-widget elementor-widget-heading\" data-id=\"3a0f951\" data-element_type=\"widget\" data-e-type=\"widget\" data-widget_type=\"heading.default\">\n\t\t\t\t<div class=\"elementor-widget-container\">\n\t\t\t\t\t<h2 class=\"elementor-heading-title elementor-size-default\">\u00bfQu\u00e9 es CreciMIDO?<\/h2>\t\t\t\t<\/div>\n\t\t\t\t<\/div>\n\t\t\t\t<div class=\"elementor-element elementor-element-14443ba elementor-widget elementor-widget-text-editor\" data-id=\"14443ba\" data-element_type=\"widget\" data-e-type=\"widget\" data-widget_type=\"text-editor.default\">\n\t\t\t\t<div class=\"elementor-widget-container\">\n\t\t\t\t\t\t\t\t\t<p class=\"p1\"><span class=\"s1\">CreciMIDO es<\/span> <span class=\"s1\">un<\/span> <span class=\"s1\">suplemento<\/span> <span class=\"s1\">nutricional<\/span> <span class=\"s1\">especializado<\/span> <span class=\"s1\">para <\/span><span class=\"s1\">prevenir<\/span> <span class=\"s1\">and<\/span> <span class=\"s1\">tratar<\/span> <span class=\"s1\">la anemia<\/span> <span class=\"s1\">carencial<\/span> <span class=\"s1\">at<\/span> <span class=\"s1\">ni\u00f1os<\/span> <span class=\"s1\">and<\/span> <span class=\"s1\">ni\u00f1as<\/span> <span class=\"s1\">of<\/span> <span class=\"s1\">1<\/span> <span class=\"s1\">a 6\u00a0<\/span><span class=\"s10\">a\u00f1os de<\/span> <span class=\"s10\">edad. Formulado<\/span> <span class=\"s10\">con hierro<\/span> <span class=\"s10\">liposomado<\/span> <span class=\"s10\">no<\/span> <span class=\"s10\">hemo,\u00a0<\/span><span class=\"s1\">vitamina<\/span> <span class=\"s1\">B12,<\/span> <span class=\"s1\">\u00e1cido f\u00f3lico<\/span> <span class=\"s1\">and<\/span> <span class=\"s1\">potenciadores<\/span> <span class=\"s1\">of<\/span> <span class=\"s1\">su<\/span> <span class=\"s1\">absorci\u00f3n\u00a0<\/span><span class=\"s1\">and<\/span> <span class=\"s1\">vitamina<\/span> <span class=\"s1\">C. Est\u00e1 dise\u00f1ado<\/span> <span class=\"s1\">para<\/span> <span class=\"s1\">corregir<\/span> <span class=\"s1\">deficiencias\u00a0<\/span><span class=\"s1\">nutricionales<\/span> <span class=\"s1\">cr\u00edticas que<\/span> <span class=\"s1\">afectan el<\/span> <span class=\"s1\">desarrollo<\/span> <span class=\"s1\">infantil.<\/span><\/p>\t\t\t\t\t\t\t\t<\/div>\n\t\t\t\t<\/div>\n\t\t\t\t<div class=\"elementor-element elementor-element-039ad02 elementor-widget elementor-widget-image\" data-id=\"039ad02\" data-element_type=\"widget\" data-e-type=\"widget\" data-widget_type=\"image.default\">\n\t\t\t\t<div class=\"elementor-widget-container\">\n\t\t\t\t\t\t\t\t\t\t\t\t\t\t\t<img fetchpriority=\"high\" decoding=\"async\" width=\"840\" height=\"208\" src=\"https:\/\/saluddigital.com\/wp-content\/uploads\/2024\/09\/image-180-840x208.png\" class=\"attachment-large size-large wp-image-49446\" alt=\"\" srcset=\"https:\/\/saluddigital.com\/wp-content\/uploads\/2024\/09\/image-180-840x208.png 840w, https:\/\/saluddigital.com\/wp-content\/uploads\/2024\/09\/image-180-660x164.png 660w, https:\/\/saluddigital.com\/wp-content\/uploads\/2024\/09\/image-180-768x191.png 768w, https:\/\/saluddigital.com\/wp-content\/uploads\/2024\/09\/image-180-1536x381.png 1536w, https:\/\/saluddigital.com\/wp-content\/uploads\/2024\/09\/image-180-2048x508.png 2048w, https:\/\/saluddigital.com\/wp-content\/uploads\/2024\/09\/image-180-18x4.png 18w\" sizes=\"(max-width: 840px) 100vw, 840px\" \/>\t\t\t\t\t\t\t\t\t\t\t\t\t\t\t<\/div>\n\t\t\t\t<\/div>\n\t\t\t\t\t<\/div>\n\t\t<\/div>\n\t\t\t\t<div class=\"elementor-column elementor-col-50 elementor-top-column elementor-element elementor-element-35258d7\" data-id=\"35258d7\" data-element_type=\"column\" data-e-type=\"column\">\n\t\t\t<div class=\"elementor-widget-wrap elementor-element-populated\">\n\t\t\t\t\t\t<div class=\"elementor-element elementor-element-28d1390 elementor-widget elementor-widget-heading\" data-id=\"28d1390\" data-element_type=\"widget\" data-e-type=\"widget\" data-widget_type=\"heading.default\">\n\t\t\t\t<div class=\"elementor-widget-container\">\n\t\t\t\t\t<h2 class=\"elementor-heading-title elementor-size-default\">\u00bfPara qu\u00e9 se usa CreciMIDO?\n<\/h2>\t\t\t\t<\/div>\n\t\t\t\t<\/div>\n\t\t\t\t<div class=\"elementor-element elementor-element-fff3adc elementor-widget__width-initial elementor-widget elementor-widget-text-editor\" data-id=\"fff3adc\" data-element_type=\"widget\" data-e-type=\"widget\" data-widget_type=\"text-editor.default\">\n\t\t\t\t<div class=\"elementor-widget-container\">\n\t\t\t\t\t\t\t\t\t<p class=\"p1\"><span class=\"s1\">Este tratamiento<\/span> <span class=\"s1\">corrige<\/span> <span class=\"s1\">and<\/span> <span class=\"s1\">previene<\/span> <span class=\"s1\">anemia<\/span> <span class=\"s1\">por<\/span> <span class=\"s1\">deficiencias<\/span> <span class=\"s1\">of <\/span><span class=\"s9\">hierro,<\/span> <span class=\"s9\">vitamina<\/span> <span class=\"s9\">C, B12<\/span> <span class=\"s9\">and<\/span> <span class=\"s9\">\u00e1cido f\u00f3lico,<\/span> <span class=\"s9\">lo<\/span> <span class=\"s9\">que<\/span> <span class=\"s9\">apoya<\/span> <span class=\"s9\">el desarrollo\u00a0<\/span><span class=\"s1\">cognitivo<\/span> <span class=\"s1\">and<\/span> <span class=\"s1\">f\u00edsico, fortalece el sistema inmunol\u00f3gico<\/span> <span class=\"s1\">and<\/span> <span class=\"s1\">optimiza<\/span> <span class=\"s1\">and\u00a0<\/span><span class=\"s1\">rendimiento<\/span> <span class=\"s1\">escolar.<\/span> <span class=\"s1\">Ideal para<\/span> <span class=\"s1\">programas<\/span> <span class=\"s1\">comunitarios<\/span> <span class=\"s1\">and\u00a0<\/span><span class=\"s17\">escolares.<\/span><\/p><p class=\"p4\"><span class=\"s18\">\u2022<\/span><span class=\"s1\"><b> Dose<\/b><\/span> <span class=\"s1\">:<\/span> <span class=\"s1\">Un sobre<\/span> <span class=\"s1\">of<\/span> <span class=\"s1\">CreciMIDO al d\u00eda por<\/span> <span class=\"s1\">40<\/span> <span class=\"s1\">d\u00edas.<\/span><\/p><p class=\"p5\"><span class=\"s22\">\u2022<\/span><span class=\"s23\"><b> Modo<\/b><\/span><b> <\/b><span class=\"s23\"><b>of<\/b><\/span><b> <\/b><span class=\"s23\"><b>empleo:<\/b><\/span><\/p><p class=\"p6\"><span class=\"s1\">1.<\/span> <span class=\"s1\">Disolver el contenido<\/span> <span class=\"s1\">del sobre<\/span> <span class=\"s1\">en 100-150<\/span> <span class=\"s1\">ml<\/span> <span class=\"s1\">of<\/span> <span class=\"s1\">agua<\/span> <span class=\"s1\">or<\/span> <span class=\"s1\">jugo<\/span> <span class=\"s1\">of<\/span> <span class=\"s1\">frutas c\u00edtricas<\/span> <span class=\"s1\">natural.<\/span><\/p><p class=\"p6\"><span class=\"s9\">2.<\/span> <span class=\"s9\">Mezclar<\/span> <span class=\"s9\">bien<\/span> <span class=\"s9\">hasta que<\/span> <span class=\"s9\">se disuelva<\/span> <span class=\"s9\">at<\/span> <span class=\"s9\">forma<\/span> <span class=\"s9\">adecuada.<\/span><\/p><p class=\"p6\"><span class=\"s1\">3.<\/span> <span class=\"s1\">Asegurarse<\/span> <span class=\"s1\">of<\/span> <span class=\"s1\">que<\/span> <span class=\"s1\">el ni\u00f1o<\/span> <span class=\"s1\">or<\/span> <span class=\"s1\">ni\u00f1a<\/span> <span class=\"s1\">lo<\/span> <span class=\"s1\">consuma v\u00eda<\/span> <span class=\"s1\">oral<\/span> <span class=\"s1\">completamente.<\/span><\/p>\t\t\t\t\t\t\t\t<\/div>\n\t\t\t\t<\/div>\n\t\t\t\t\t<\/div>\n\t\t<\/div>\n\t\t\t\t\t<\/div>\n\t\t<\/section>\n\t\t\t\t<section class=\"elementor-section elementor-top-section elementor-element elementor-element-5fa80ff elementor-section-boxed elementor-section-height-default elementor-section-height-default wpr-particle-no wpr-jarallax-no wpr-parallax-no wpr-sticky-section-no wpr-equal-height-no\" data-id=\"5fa80ff\" data-element_type=\"section\" data-e-type=\"section\" data-settings=\"{&quot;background_background&quot;:&quot;classic&quot;}\">\n\t\t\t\t\t\t<div class=\"elementor-container elementor-column-gap-default\">\n\t\t\t\t\t<div class=\"elementor-column elementor-col-50 elementor-top-column elementor-element elementor-element-3abf605\" data-id=\"3abf605\" data-element_type=\"column\" data-e-type=\"column\">\n\t\t\t<div class=\"elementor-widget-wrap elementor-element-populated\">\n\t\t\t\t\t\t<div class=\"elementor-element elementor-element-6dbb067 elementor-widget elementor-widget-image\" data-id=\"6dbb067\" data-element_type=\"widget\" data-e-type=\"widget\" data-widget_type=\"image.default\">\n\t\t\t\t<div class=\"elementor-widget-container\">\n\t\t\t\t\t\t\t\t\t\t\t\t\t\t\t<img decoding=\"async\" width=\"606\" height=\"840\" src=\"https:\/\/saluddigital.com\/wp-content\/uploads\/2024\/09\/image-177-e1725320429649-606x840.png\" class=\"attachment-large size-large wp-image-49438\" alt=\"\" srcset=\"https:\/\/saluddigital.com\/wp-content\/uploads\/2024\/09\/image-177-e1725320429649-606x840.png 606w, https:\/\/saluddigital.com\/wp-content\/uploads\/2024\/09\/image-177-e1725320429649-263x365.png 263w, https:\/\/saluddigital.com\/wp-content\/uploads\/2024\/09\/image-177-e1725320429649-9x12.png 9w, https:\/\/saluddigital.com\/wp-content\/uploads\/2024\/09\/image-177-e1725320429649.png 723w\" sizes=\"(max-width: 606px) 100vw, 606px\" \/>\t\t\t\t\t\t\t\t\t\t\t\t\t\t\t<\/div>\n\t\t\t\t<\/div>\n\t\t\t\t\t<\/div>\n\t\t<\/div>\n\t\t\t\t<div class=\"elementor-column elementor-col-50 elementor-top-column elementor-element elementor-element-d36f79d\" data-id=\"d36f79d\" data-element_type=\"column\" data-e-type=\"column\">\n\t\t\t<div class=\"elementor-widget-wrap elementor-element-populated\">\n\t\t\t\t\t\t<div class=\"elementor-element elementor-element-f86b13f elementor-widget elementor-widget-text-editor\" data-id=\"f86b13f\" data-element_type=\"widget\" data-e-type=\"widget\" data-widget_type=\"text-editor.default\">\n\t\t\t\t<div class=\"elementor-widget-container\">\n\t\t\t\t\t\t\t\t\t<p class=\"p1\"><span class=\"s1\"><b>Administraci\u00f3n:<\/b><\/span><b> <\/b><span class=\"s1\"><b>consumase<\/b><\/span><b> <\/b><span class=\"s1\"><b>of<\/b><\/span><b> <\/b><span class=\"s1\"><b>preferencia<\/b><\/span><b> <\/b><span class=\"s1\">despu\u00e9s<\/span> <span class=\"s1\">of<\/span> <span class=\"s1\">una<\/span> <span class=\"s1\">comida<\/span> <span class=\"s1\">con<\/span> <span class=\"s1\">alimentos que<\/span> <span class=\"s1\">mejoran<\/span> <span class=\"s1\">the\u00a0<\/span><span class=\"s1\">absorci\u00f3n del<\/span> <span class=\"s1\">hierro<\/span> <span class=\"s1\">(<b>carnes magras<\/b><\/span><b> <\/b><span class=\"s1\"><b>rojas<\/b><\/span><b> <\/b><span class=\"s1\"><b>and<\/b><\/span><b> <\/b><span class=\"s1\"><b>blancas,<\/b><\/span><b> <\/b><span class=\"s1\"><b>frutas<\/b><\/span><b> <\/b><span class=\"s1\"><b>c\u00edtricas,<\/b><\/span><b> <\/b><span class=\"s1\"><b>verduras<\/b><\/span><b> <\/b><span class=\"s1\"><b>of<\/b><\/span><b> <\/b><span class=\"s1\"><b>hoja<\/b><\/span><b> <\/b><span class=\"s1\"><b>verde<\/b><\/span><b> <\/b><span class=\"s1\"><b>and\u00a0<\/b><\/span><span class=\"s18\"><b>diferentes<\/b><\/span><b> <\/b><span class=\"s18\"><b>colores y<\/b><\/span><b> <\/b><span class=\"s18\"><b>leguminosas<\/b><\/span><b> <\/b><span class=\"s18\"><b>remojadas).<\/b><\/span><\/p><p class=\"p2\"><span class=\"s18\"><b>Evitar<\/b><\/span><b> <\/b><span class=\"s18\"><b>tomarlo<\/b><\/span><b> <\/b><span class=\"s18\"><b>junto<\/b><\/span><b> <\/b><span class=\"s18\"><b>con<\/b><\/span><b> <\/b><span class=\"s18\"><b>l\u00e1cteos:<\/b> (leche,<\/span> <span class=\"s18\">yogurt,<\/span> <span class=\"s18\">queso, otros),<\/span> <span class=\"s18\"><b>de preferencia espere 1<\/b><\/span><b> <\/b><span class=\"s18\"><b>hora<\/b><\/span><b> <\/b><span class=\"s18\"><b>despu\u00e9s <\/b><\/span><span class=\"s23\"><b>para<\/b><\/span><b> <\/b><span class=\"s23\"><b>tomar<\/b><\/span><b> <\/b><span class=\"s23\"><b>CreciMIDO;<\/b> Ya<\/span> <span class=\"s23\">que<\/span> <span class=\"s23\">and<\/span> <span class=\"s23\">calcio<\/span> <span class=\"s23\">at<\/span> <span class=\"s23\">los l\u00e1cteos puede<\/span> <span class=\"s23\">interferir<\/span> <span class=\"s23\">con la<\/span> <span class=\"s23\">absorci\u00f3n<\/span> <span class=\"s23\">del<\/span> <span class=\"s23\">hierro.<\/span><\/p><p class=\"p4\"><span class=\"s27\"><b>Efectos Secundarios<\/b><\/span><\/p><p class=\"p1\"><span class=\"s1\">CreciMIDO es un<\/span> <span class=\"s1\">suplemento<\/span> <span class=\"s1\">alimenticio generalmente<\/span> <span class=\"s1\">bien<\/span> <span class=\"s1\">tolerado,<\/span> <span class=\"s1\">sin\u00a0<\/span><span class=\"s18\">embargo,<\/span> <span class=\"s18\">algunos<\/span> <span class=\"s18\">ni\u00f1os y<\/span> <span class=\"s18\">ni\u00f1as pueden<\/span> <span class=\"s18\">experimentar<\/span> <span class=\"s18\">estre\u00f1imiento, <\/span><span class=\"s23\">diarrea<\/span> <span class=\"s23\">or<\/span> <span class=\"s23\">malestar gastrointestinal<\/span> <span class=\"s23\">leve<\/span> <span class=\"s23\">or<\/span> <span class=\"s23\">color<\/span> <span class=\"s23\">negro<\/span> <span class=\"s23\">of<\/span> <span class=\"s23\">las heces.<\/span><\/p>\t\t\t\t\t\t\t\t<\/div>\n\t\t\t\t<\/div>\n\t\t\t\t<div class=\"elementor-element elementor-element-961a8ab elementor-widget elementor-widget-image\" data-id=\"961a8ab\" data-element_type=\"widget\" data-e-type=\"widget\" data-widget_type=\"image.default\">\n\t\t\t\t<div class=\"elementor-widget-container\">\n\t\t\t\t\t\t\t\t\t\t\t\t\t\t\t<img decoding=\"async\" width=\"412\" height=\"404\" src=\"https:\/\/saluddigital.com\/wp-content\/uploads\/2024\/09\/Group-1410104363.png\" class=\"attachment-large size-large wp-image-49439\" alt=\"\" srcset=\"https:\/\/saluddigital.com\/wp-content\/uploads\/2024\/09\/Group-1410104363.png 412w, https:\/\/saluddigital.com\/wp-content\/uploads\/2024\/09\/Group-1410104363-372x365.png 372w, https:\/\/saluddigital.com\/wp-content\/uploads\/2024\/09\/Group-1410104363-12x12.png 12w\" sizes=\"(max-width: 412px) 100vw, 412px\" \/>\t\t\t\t\t\t\t\t\t\t\t\t\t\t\t<\/div>\n\t\t\t\t<\/div>\n\t\t\t\t\t<\/div>\n\t\t<\/div>\n\t\t\t\t\t<\/div>\n\t\t<\/section>\n\t\t\t\t<\/div>","protected":false},"excerpt":{"rendered":"<p>INFORMACI\u00d3N PARA PROFESIONAL DE LA SALUD \u00bfQu\u00e9 es CreciMIDO? CreciMIDO es un suplemento nutricional especializado para prevenir y tratar la anemia carencial en ni\u00f1os y ni\u00f1as de 1 a 6\u00a0a\u00f1os de edad. Formulado con hierro liposomado no hemo,\u00a0vitamina B12, \u00e1cido f\u00f3lico y potenciadores de su absorci\u00f3n\u00a0como vitamina C. Est\u00e1 dise\u00f1ado para corregir deficiencias\u00a0nutricionales cr\u00edticas que afectan el desarrollo infantil. \u00bfPara qu\u00e9 se usa CreciMIDO? Este tratamiento corrige y previene anemia por deficiencias de hierro, vitamina C, B12 y \u00e1cido f\u00f3lico, lo que apoya el desarrollo\u00a0cognitivo y f\u00edsico, fortalece el sistema inmunol\u00f3gico y optimiza el\u00a0rendimiento escolar. Ideal para programas comunitarios y\u00a0escolares. \u2022 Dosis : Un sobre de CreciMIDO al d\u00eda por 40 d\u00edas. \u2022 Modo de empleo: 1. Disolver el contenido del sobre en 100-150 ml de agua o jugo de frutas c\u00edtricas natural. 2. Mezclar bien hasta que se disuelva en forma adecuada. 3. Asegurarse de que el ni\u00f1o o ni\u00f1a lo consuma v\u00eda oral completamente. Administraci\u00f3n: consumase de preferencia despu\u00e9s de una comida con alimentos que mejoran la\u00a0absorci\u00f3n del hierro (carnes magras rojas y blancas, frutas c\u00edtricas, verduras de hoja verde y\u00a0diferentes colores y leguminosas remojadas). Evitar tomarlo junto con l\u00e1cteos: (leche, yogurt, queso, otros), de preferencia espere 1 hora despu\u00e9s para tomar CreciMIDO; Ya que el calcio en los l\u00e1cteos puede interferir con la absorci\u00f3n del hierro. Efectos Secundarios CreciMIDO es un suplemento alimenticio generalmente bien tolerado, sin\u00a0embargo, algunos ni\u00f1os y ni\u00f1as pueden experimentar estre\u00f1imiento, diarrea o malestar gastrointestinal leve o color negro de las heces. Descarga la gu\u00eda Descarga la gu\u00eda<\/p>","protected":false},"author":1,"featured_media":49502,"parent":0,"menu_order":0,"comment_status":"closed","ping_status":"closed","template":"elementor_header_footer","meta":{"footnotes":""},"class_list":["post-46573","page","type-page","status-publish","has-post-thumbnail"],"aioseo_notices":[],"_links":{"self":[{"href":"https:\/\/saluddigital.com\/en\/wp-json\/wp\/v2\/pages\/46573","targetHints":{"allow":["GET"]}}],"collection":[{"href":"https:\/\/saluddigital.com\/en\/wp-json\/wp\/v2\/pages"}],"about":[{"href":"https:\/\/saluddigital.com\/en\/wp-json\/wp\/v2\/types\/page"}],"author":[{"embeddable":true,"href":"https:\/\/saluddigital.com\/en\/wp-json\/wp\/v2\/users\/1"}],"replies":[{"embeddable":true,"href":"https:\/\/saluddigital.com\/en\/wp-json\/wp\/v2\/comments?post=46573"}],"version-history":[{"count":0,"href":"https:\/\/saluddigital.com\/en\/wp-json\/wp\/v2\/pages\/46573\/revisions"}],"wp:featuredmedia":[{"embeddable":true,"href":"https:\/\/saluddigital.com\/en\/wp-json\/wp\/v2\/media\/49502"}],"wp:attachment":[{"href":"https:\/\/saluddigital.com\/en\/wp-json\/wp\/v2\/media?parent=46573"}],"curies":[{"name":"wp","href":"https:\/\/api.w.org\/{rel}","templated":true}]}}