{"id":34318,"date":"2022-11-04T13:26:43","date_gmt":"2022-11-04T19:26:43","guid":{"rendered":"https:\/\/saluddigital.com\/?page_id=34318"},"modified":"2025-10-08T21:06:04","modified_gmt":"2025-10-09T03:06:04","slug":"suplementos-alimenticios","status":"publish","type":"page","link":"https:\/\/saluddigital.com\/en\/suplementos-alimenticios\/","title":{"rendered":"Suplementos alimenticios: Acciones de la Fundaci\u00f3n Carlos Slim"},"content":{"rendered":"<div data-elementor-type=\"wp-page\" data-elementor-id=\"34318\" class=\"elementor elementor-34318\" data-elementor-post-type=\"page\">\n\t\t\t\t\t\t<section class=\"elementor-section elementor-top-section elementor-element elementor-element-99e8ea6 elementor-section-height-min-height elementor-section-boxed elementor-section-height-default elementor-section-items-middle wpr-particle-no wpr-jarallax-no wpr-parallax-no wpr-sticky-section-no wpr-equal-height-no\" data-id=\"99e8ea6\" data-element_type=\"section\" data-e-type=\"section\" data-settings=\"{&quot;background_background&quot;:&quot;classic&quot;}\">\n\t\t\t\t\t\t\t<div class=\"elementor-background-overlay\"><\/div>\n\t\t\t\t\t\t\t<div class=\"elementor-container elementor-column-gap-default\">\n\t\t\t\t\t<div class=\"elementor-column elementor-col-100 elementor-top-column elementor-element elementor-element-d2eee9f\" data-id=\"d2eee9f\" data-element_type=\"column\" data-e-type=\"column\">\n\t\t\t<div class=\"elementor-widget-wrap elementor-element-populated\">\n\t\t\t\t\t\t<div class=\"elementor-element elementor-element-f443e17 elementor-widget elementor-widget-heading\" data-id=\"f443e17\" data-element_type=\"widget\" data-e-type=\"widget\" data-widget_type=\"heading.default\">\n\t\t\t\t<div class=\"elementor-widget-container\">\n\t\t\t\t\t<h2 class=\"elementor-heading-title elementor-size-default\">Food supplements<\/h2>\t\t\t\t<\/div>\n\t\t\t\t<\/div>\n\t\t\t\t\t<\/div>\n\t\t<\/div>\n\t\t\t\t\t<\/div>\n\t\t<\/section>\n\t\t\t\t<section class=\"elementor-section elementor-top-section elementor-element elementor-element-146d6f7 elementor-section-boxed elementor-section-height-default elementor-section-height-default wpr-particle-no wpr-jarallax-no wpr-parallax-no wpr-sticky-section-no wpr-equal-height-no\" data-id=\"146d6f7\" data-element_type=\"section\" data-e-type=\"section\" data-settings=\"{&quot;background_background&quot;:&quot;classic&quot;}\">\n\t\t\t\t\t\t<div class=\"elementor-container elementor-column-gap-default\">\n\t\t\t\t\t<div class=\"elementor-column elementor-col-100 elementor-top-column elementor-element elementor-element-5e4f3e2\" data-id=\"5e4f3e2\" data-element_type=\"column\" data-e-type=\"column\">\n\t\t\t<div class=\"elementor-widget-wrap elementor-element-populated\">\n\t\t\t\t\t\t<div class=\"elementor-element elementor-element-792ce86 elementor-widget elementor-widget-spacer\" data-id=\"792ce86\" data-element_type=\"widget\" data-e-type=\"widget\" data-widget_type=\"spacer.default\">\n\t\t\t\t<div class=\"elementor-widget-container\">\n\t\t\t\t\t\t\t<div class=\"elementor-spacer\">\n\t\t\t<div class=\"elementor-spacer-inner\"><\/div>\n\t\t<\/div>\n\t\t\t\t\t\t<\/div>\n\t\t\t\t<\/div>\n\t\t\t\t<div class=\"elementor-element elementor-element-3ed1d43 elementor-widget-divider--view-line elementor-widget elementor-widget-divider\" data-id=\"3ed1d43\" data-element_type=\"widget\" data-e-type=\"widget\" data-widget_type=\"divider.default\">\n\t\t\t\t<div class=\"elementor-widget-container\">\n\t\t\t\t\t\t\t<div class=\"elementor-divider\">\n\t\t\t<span class=\"elementor-divider-separator\">\n\t\t\t\t\t\t<\/span>\n\t\t<\/div>\n\t\t\t\t\t\t<\/div>\n\t\t\t\t<\/div>\n\t\t\t\t<div class=\"elementor-element elementor-element-b330510 elementor-widget elementor-widget-heading\" data-id=\"b330510\" data-element_type=\"widget\" data-e-type=\"widget\" data-widget_type=\"heading.default\">\n\t\t\t\t<div class=\"elementor-widget-container\">\n\t\t\t\t\t<h2 class=\"elementor-heading-title elementor-size-default\">Nutritional Candy<\/h2>\t\t\t\t<\/div>\n\t\t\t\t<\/div>\n\t\t\t\t<div class=\"elementor-element elementor-element-aaf141d elementor-widget elementor-widget-spacer\" data-id=\"aaf141d\" data-element_type=\"widget\" data-e-type=\"widget\" data-widget_type=\"spacer.default\">\n\t\t\t\t<div class=\"elementor-widget-container\">\n\t\t\t\t\t\t\t<div class=\"elementor-spacer\">\n\t\t\t<div class=\"elementor-spacer-inner\"><\/div>\n\t\t<\/div>\n\t\t\t\t\t\t<\/div>\n\t\t\t\t<\/div>\n\t\t\t\t\t<\/div>\n\t\t<\/div>\n\t\t\t\t\t<\/div>\n\t\t<\/section>\n\t\t\t\t<section class=\"elementor-section elementor-top-section elementor-element elementor-element-13f40af elementor-section-boxed elementor-section-height-default elementor-section-height-default wpr-particle-no wpr-jarallax-no wpr-parallax-no wpr-sticky-section-no wpr-equal-height-no\" data-id=\"13f40af\" data-element_type=\"section\" data-e-type=\"section\" data-settings=\"{&quot;background_background&quot;:&quot;classic&quot;}\">\n\t\t\t\t\t\t<div class=\"elementor-container elementor-column-gap-default\">\n\t\t\t\t\t<div class=\"elementor-column elementor-col-100 elementor-top-column elementor-element elementor-element-b70276c\" data-id=\"b70276c\" data-element_type=\"column\" data-e-type=\"column\">\n\t\t\t<div class=\"elementor-widget-wrap elementor-element-populated\">\n\t\t\t\t\t\t<div class=\"elementor-element elementor-element-8e9bd05 elementor-widget elementor-widget-image\" data-id=\"8e9bd05\" data-element_type=\"widget\" data-e-type=\"widget\" data-widget_type=\"image.default\">\n\t\t\t\t<div class=\"elementor-widget-container\">\n\t\t\t\t\t\t\t\t\t\t\t\t\t\t\t<img fetchpriority=\"high\" decoding=\"async\" width=\"840\" height=\"195\" src=\"https:\/\/saluddigital.com\/wp-content\/uploads\/2024\/07\/Mask-group-7-840x195.png\" class=\"attachment-large size-large wp-image-46848\" alt=\"\" srcset=\"https:\/\/saluddigital.com\/wp-content\/uploads\/2024\/07\/Mask-group-7-840x195.png 840w, https:\/\/saluddigital.com\/wp-content\/uploads\/2024\/07\/Mask-group-7-660x154.png 660w, https:\/\/saluddigital.com\/wp-content\/uploads\/2024\/07\/Mask-group-7-768x179.png 768w, https:\/\/saluddigital.com\/wp-content\/uploads\/2024\/07\/Mask-group-7-18x4.png 18w, https:\/\/saluddigital.com\/wp-content\/uploads\/2024\/07\/Mask-group-7.png 1264w\" sizes=\"(max-width: 840px) 100vw, 840px\" \/>\t\t\t\t\t\t\t\t\t\t\t\t\t\t\t<\/div>\n\t\t\t\t<\/div>\n\t\t\t\t\t<\/div>\n\t\t<\/div>\n\t\t\t\t\t<\/div>\n\t\t<\/section>\n\t\t\t\t<section class=\"elementor-section elementor-top-section elementor-element elementor-element-0739aed elementor-section-boxed elementor-section-height-default elementor-section-height-default wpr-particle-no wpr-jarallax-no wpr-parallax-no wpr-sticky-section-no wpr-equal-height-no\" data-id=\"0739aed\" data-element_type=\"section\" data-e-type=\"section\">\n\t\t\t\t\t\t<div class=\"elementor-container elementor-column-gap-default\">\n\t\t\t\t\t<div class=\"elementor-column elementor-col-50 elementor-top-column elementor-element elementor-element-68e6b82\" data-id=\"68e6b82\" data-element_type=\"column\" data-e-type=\"column\">\n\t\t\t<div class=\"elementor-widget-wrap elementor-element-populated\">\n\t\t\t\t\t\t<div class=\"elementor-element elementor-element-13771e1 elementor-widget elementor-widget-text-editor\" data-id=\"13771e1\" data-element_type=\"widget\" data-e-type=\"widget\" data-widget_type=\"text-editor.default\">\n\t\t\t\t<div class=\"elementor-widget-container\">\n\t\t\t\t\t\t\t\t\t<div class=\"txt total\"><div class=\"medio section-3\"><p>Malnutrition significantly affects the southern region and obesity affects the northern part of the country. This situation highlights the need to increase efforts to promote a healthy and balanced diet in all age groups, particularly among children and adolescents, as well as to support mothers' nutrition.<br \/><br \/>Asimismo, Fundaci\u00f3n Carlos Slim (FCS) apoya a ni\u00f1os, mujeres embarazadas y ancianos que viven principalmente en poblaciones rurales con el producto \u201cdulce nutritivo\u201d, enriquecido con hierro y zinc, entre otros nutrientes y cuya presentaci\u00f3n viene en varios sabores.<\/p><\/div><\/div>\t\t\t\t\t\t\t\t<\/div>\n\t\t\t\t<\/div>\n\t\t\t\t\t<\/div>\n\t\t<\/div>\n\t\t\t\t<div class=\"elementor-column elementor-col-50 elementor-top-column elementor-element elementor-element-02ebbef\" data-id=\"02ebbef\" data-element_type=\"column\" data-e-type=\"column\" data-settings=\"{&quot;background_background&quot;:&quot;classic&quot;}\">\n\t\t\t<div class=\"elementor-widget-wrap elementor-element-populated\">\n\t\t\t\t\t\t<div class=\"elementor-element elementor-element-650edae elementor-widget elementor-widget-spacer\" data-id=\"650edae\" data-element_type=\"widget\" data-e-type=\"widget\" data-widget_type=\"spacer.default\">\n\t\t\t\t<div class=\"elementor-widget-container\">\n\t\t\t\t\t\t\t<div class=\"elementor-spacer\">\n\t\t\t<div class=\"elementor-spacer-inner\"><\/div>\n\t\t<\/div>\n\t\t\t\t\t\t<\/div>\n\t\t\t\t<\/div>\n\t\t\t\t<div class=\"elementor-element elementor-element-d41fa76 elementor-widget elementor-widget-heading\" data-id=\"d41fa76\" data-element_type=\"widget\" data-e-type=\"widget\" data-widget_type=\"heading.default\">\n\t\t\t\t<div class=\"elementor-widget-container\">\n\t\t\t\t\t<h3 class=\"elementor-heading-title elementor-size-default\">Resultados:<\/h3>\t\t\t\t<\/div>\n\t\t\t\t<\/div>\n\t\t\t\t<div class=\"elementor-element elementor-element-1e749f5 elementor-widget elementor-widget-heading\" data-id=\"1e749f5\" data-element_type=\"widget\" data-e-type=\"widget\" data-widget_type=\"heading.default\">\n\t\t\t\t<div class=\"elementor-widget-container\">\n\t\t\t\t\t<h2 class=\"elementor-heading-title elementor-size-default\">17,361,152<\/h2>\t\t\t\t<\/div>\n\t\t\t\t<\/div>\n\t\t\t\t<div class=\"elementor-element elementor-element-a68686d elementor-widget elementor-widget-heading\" data-id=\"a68686d\" data-element_type=\"widget\" data-e-type=\"widget\" data-widget_type=\"heading.default\">\n\t\t\t\t<div class=\"elementor-widget-container\">\n\t\t\t\t\t<h3 class=\"elementor-heading-title elementor-size-default\">bolsas entregadas de 1 kg de dulce nutritivo.&lt;span data-metadata=&quot;<!--(figmeta)eyJmaWxlS2V5IjoiUnBzMTFZZlVGMFd5T2pnMmFzeTdhVSIsInBhc3RlSUQiOjIxMjY3Mzc4NzUsImRhdGFUeXBlIjoic2NlbmUifQo=(\/figmeta)-->\"&gt;<\/span><\/h3>\t\t\t\t<\/div>\n\t\t\t\t<\/div>\n\t\t\t\t<div class=\"elementor-element elementor-element-137bc15 elementor-widget elementor-widget-spacer\" data-id=\"137bc15\" data-element_type=\"widget\" data-e-type=\"widget\" data-widget_type=\"spacer.default\">\n\t\t\t\t<div class=\"elementor-widget-container\">\n\t\t\t\t\t\t\t<div class=\"elementor-spacer\">\n\t\t\t<div class=\"elementor-spacer-inner\"><\/div>\n\t\t<\/div>\n\t\t\t\t\t\t<\/div>\n\t\t\t\t<\/div>\n\t\t\t\t\t<\/div>\n\t\t<\/div>\n\t\t\t\t\t<\/div>\n\t\t<\/section>\n\t\t\t\t<section class=\"elementor-section elementor-top-section elementor-element elementor-element-d179c6d elementor-section-boxed elementor-section-height-default elementor-section-height-default wpr-particle-no wpr-jarallax-no wpr-parallax-no wpr-sticky-section-no wpr-equal-height-no\" data-id=\"d179c6d\" data-element_type=\"section\" data-e-type=\"section\" data-settings=\"{&quot;background_background&quot;:&quot;classic&quot;}\">\n\t\t\t\t\t\t<div class=\"elementor-container elementor-column-gap-default\">\n\t\t\t\t\t<div class=\"elementor-column elementor-col-100 elementor-top-column elementor-element elementor-element-9b40db9\" data-id=\"9b40db9\" data-element_type=\"column\" data-e-type=\"column\">\n\t\t\t<div class=\"elementor-widget-wrap elementor-element-populated\">\n\t\t\t\t\t\t<div class=\"elementor-element elementor-element-4567381 elementor-widget elementor-widget-spacer\" data-id=\"4567381\" data-element_type=\"widget\" data-e-type=\"widget\" data-widget_type=\"spacer.default\">\n\t\t\t\t<div class=\"elementor-widget-container\">\n\t\t\t\t\t\t\t<div class=\"elementor-spacer\">\n\t\t\t<div class=\"elementor-spacer-inner\"><\/div>\n\t\t<\/div>\n\t\t\t\t\t\t<\/div>\n\t\t\t\t<\/div>\n\t\t\t\t<div class=\"elementor-element elementor-element-b72320d elementor-widget-divider--view-line elementor-widget elementor-widget-divider\" data-id=\"b72320d\" data-element_type=\"widget\" data-e-type=\"widget\" data-widget_type=\"divider.default\">\n\t\t\t\t<div class=\"elementor-widget-container\">\n\t\t\t\t\t\t\t<div class=\"elementor-divider\">\n\t\t\t<span class=\"elementor-divider-separator\">\n\t\t\t\t\t\t<\/span>\n\t\t<\/div>\n\t\t\t\t\t\t<\/div>\n\t\t\t\t<\/div>\n\t\t\t\t<div class=\"elementor-element elementor-element-6f0fd93 elementor-widget elementor-widget-heading\" data-id=\"6f0fd93\" data-element_type=\"widget\" data-e-type=\"widget\" data-widget_type=\"heading.default\">\n\t\t\t\t<div class=\"elementor-widget-container\">\n\t\t\t\t\t<h2 class=\"elementor-heading-title elementor-size-default\">Atole HIM - Ma\u00edz<\/h2>\t\t\t\t<\/div>\n\t\t\t\t<\/div>\n\t\t\t\t<div class=\"elementor-element elementor-element-4fb8832 elementor-widget elementor-widget-spacer\" data-id=\"4fb8832\" data-element_type=\"widget\" data-e-type=\"widget\" data-widget_type=\"spacer.default\">\n\t\t\t\t<div class=\"elementor-widget-container\">\n\t\t\t\t\t\t\t<div class=\"elementor-spacer\">\n\t\t\t<div class=\"elementor-spacer-inner\"><\/div>\n\t\t<\/div>\n\t\t\t\t\t\t<\/div>\n\t\t\t\t<\/div>\n\t\t\t\t\t<\/div>\n\t\t<\/div>\n\t\t\t\t\t<\/div>\n\t\t<\/section>\n\t\t\t\t<section class=\"elementor-section elementor-top-section elementor-element elementor-element-2d71153 elementor-section-boxed elementor-section-height-default elementor-section-height-default wpr-particle-no wpr-jarallax-no wpr-parallax-no wpr-sticky-section-no wpr-equal-height-no\" data-id=\"2d71153\" data-element_type=\"section\" data-e-type=\"section\" data-settings=\"{&quot;background_background&quot;:&quot;classic&quot;}\">\n\t\t\t\t\t\t<div class=\"elementor-container elementor-column-gap-default\">\n\t\t\t\t\t<div class=\"elementor-column elementor-col-100 elementor-top-column elementor-element elementor-element-d876c1b\" data-id=\"d876c1b\" data-element_type=\"column\" data-e-type=\"column\">\n\t\t\t<div class=\"elementor-widget-wrap elementor-element-populated\">\n\t\t\t\t\t\t<div class=\"elementor-element elementor-element-69e2c33 elementor-widget elementor-widget-image\" data-id=\"69e2c33\" data-element_type=\"widget\" data-e-type=\"widget\" data-widget_type=\"image.default\">\n\t\t\t\t<div class=\"elementor-widget-container\">\n\t\t\t\t\t\t\t\t\t\t\t\t\t\t\t<img decoding=\"async\" width=\"840\" height=\"195\" src=\"https:\/\/saluddigital.com\/wp-content\/uploads\/2024\/07\/Mask-group-8-840x195.png\" class=\"attachment-large size-large wp-image-46849\" alt=\"\" srcset=\"https:\/\/saluddigital.com\/wp-content\/uploads\/2024\/07\/Mask-group-8-840x195.png 840w, https:\/\/saluddigital.com\/wp-content\/uploads\/2024\/07\/Mask-group-8-660x154.png 660w, https:\/\/saluddigital.com\/wp-content\/uploads\/2024\/07\/Mask-group-8-768x179.png 768w, https:\/\/saluddigital.com\/wp-content\/uploads\/2024\/07\/Mask-group-8-18x4.png 18w, https:\/\/saluddigital.com\/wp-content\/uploads\/2024\/07\/Mask-group-8.png 1264w\" sizes=\"(max-width: 840px) 100vw, 840px\" \/>\t\t\t\t\t\t\t\t\t\t\t\t\t\t\t<\/div>\n\t\t\t\t<\/div>\n\t\t\t\t\t<\/div>\n\t\t<\/div>\n\t\t\t\t\t<\/div>\n\t\t<\/section>\n\t\t\t\t<section class=\"elementor-section elementor-top-section elementor-element elementor-element-f9ba7a4 elementor-section-boxed elementor-section-height-default elementor-section-height-default wpr-particle-no wpr-jarallax-no wpr-parallax-no wpr-sticky-section-no wpr-equal-height-no\" data-id=\"f9ba7a4\" data-element_type=\"section\" data-e-type=\"section\">\n\t\t\t\t\t\t<div class=\"elementor-container elementor-column-gap-default\">\n\t\t\t\t\t<div class=\"elementor-column elementor-col-50 elementor-top-column elementor-element elementor-element-f63a118\" data-id=\"f63a118\" data-element_type=\"column\" data-e-type=\"column\">\n\t\t\t<div class=\"elementor-widget-wrap elementor-element-populated\">\n\t\t\t\t\t\t<div class=\"elementor-element elementor-element-f77cc7f elementor-widget elementor-widget-text-editor\" data-id=\"f77cc7f\" data-element_type=\"widget\" data-e-type=\"widget\" data-widget_type=\"text-editor.default\">\n\t\t\t\t<div class=\"elementor-widget-container\">\n\t\t\t\t\t\t\t\t\t<p>En alianza con el Hospital Infantil de M\u00e9xico, se desarroll\u00f3 una f\u00f3rmula para satisfacer los requerimientos nutritivos de madres gestantes y lactantes, as\u00ed como de ni\u00f1os de hasta cinco a\u00f1os.<\/p><p>Esta f\u00f3rmula constituy\u00f3 la base para el componente nutricional de Progresa\u00a0<span style=\"color: var( --e-global-color-3b32af4 );\">(posteriormente, Prospera) en beneficio de mujeres embarazadas y ni\u00f1os menores\u00a0<\/span><span style=\"color: var( --e-global-color-3b32af4 );\">de 5 a\u00f1os de las m\u00e1s de 6.2 millones de familias que atend\u00eda el programa.<\/span><\/p>\t\t\t\t\t\t\t\t<\/div>\n\t\t\t\t<\/div>\n\t\t\t\t\t<\/div>\n\t\t<\/div>\n\t\t\t\t<div class=\"elementor-column elementor-col-50 elementor-top-column elementor-element elementor-element-24edc64\" data-id=\"24edc64\" data-element_type=\"column\" data-e-type=\"column\" data-settings=\"{&quot;background_background&quot;:&quot;classic&quot;}\">\n\t\t\t<div class=\"elementor-widget-wrap elementor-element-populated\">\n\t\t\t\t\t\t<div class=\"elementor-element elementor-element-58f7f51 elementor-widget elementor-widget-spacer\" data-id=\"58f7f51\" data-element_type=\"widget\" data-e-type=\"widget\" data-widget_type=\"spacer.default\">\n\t\t\t\t<div class=\"elementor-widget-container\">\n\t\t\t\t\t\t\t<div class=\"elementor-spacer\">\n\t\t\t<div class=\"elementor-spacer-inner\"><\/div>\n\t\t<\/div>\n\t\t\t\t\t\t<\/div>\n\t\t\t\t<\/div>\n\t\t\t\t<div class=\"elementor-element elementor-element-b83e6f8 elementor-widget elementor-widget-heading\" data-id=\"b83e6f8\" data-element_type=\"widget\" data-e-type=\"widget\" data-widget_type=\"heading.default\">\n\t\t\t\t<div class=\"elementor-widget-container\">\n\t\t\t\t\t<h3 class=\"elementor-heading-title elementor-size-default\">Resultados:<\/h3>\t\t\t\t<\/div>\n\t\t\t\t<\/div>\n\t\t\t\t<div class=\"elementor-element elementor-element-bd7670a elementor-widget elementor-widget-heading\" data-id=\"bd7670a\" data-element_type=\"widget\" data-e-type=\"widget\" data-widget_type=\"heading.default\">\n\t\t\t\t<div class=\"elementor-widget-container\">\n\t\t\t\t\t<h2 class=\"elementor-heading-title elementor-size-default\">6.2 millones<\/h2>\t\t\t\t<\/div>\n\t\t\t\t<\/div>\n\t\t\t\t<div class=\"elementor-element elementor-element-87ac385 elementor-widget elementor-widget-heading\" data-id=\"87ac385\" data-element_type=\"widget\" data-e-type=\"widget\" data-widget_type=\"heading.default\">\n\t\t\t\t<div class=\"elementor-widget-container\">\n\t\t\t\t\t<h3 class=\"elementor-heading-title elementor-size-default\">de familias que actualmente atiende el programa.<\/h3>\t\t\t\t<\/div>\n\t\t\t\t<\/div>\n\t\t\t\t<div class=\"elementor-element elementor-element-d91a37c elementor-widget elementor-widget-spacer\" data-id=\"d91a37c\" data-element_type=\"widget\" data-e-type=\"widget\" data-widget_type=\"spacer.default\">\n\t\t\t\t<div class=\"elementor-widget-container\">\n\t\t\t\t\t\t\t<div class=\"elementor-spacer\">\n\t\t\t<div class=\"elementor-spacer-inner\"><\/div>\n\t\t<\/div>\n\t\t\t\t\t\t<\/div>\n\t\t\t\t<\/div>\n\t\t\t\t\t<\/div>\n\t\t<\/div>\n\t\t\t\t\t<\/div>\n\t\t<\/section>\n\t\t\t\t<\/div>","protected":false},"excerpt":{"rendered":"<p>Suplementos Alimenticios Dulce Nutritivo La desnutrici\u00f3n afecta significativamente a la regi\u00f3n sur, y la obesidad, a la parte norte, extendi\u00e9ndose a lo largo de todo el pa\u00eds. Tal situaci\u00f3n pone de relieve la necesidad de incrementar los esfuerzos para promover una dieta saludable y equilibrada en todos los grupos de edad, particularmente entre los ni\u00f1os, ni\u00f1as y adolescentes, as\u00ed como apoyar la alimentaci\u00f3n de las madres. Asimismo, Fundaci\u00f3n Carlos Slim (FCS) apoya a ni\u00f1os, mujeres embarazadas y ancianos que viven principalmente en poblaciones rurales con el producto \u201cdulce nutritivo\u201d, enriquecido con hierro y zinc, entre otros nutrientes y cuya presentaci\u00f3n viene en varios sabores. Resultados: 17,361,152 bolsas entregadas de 1 kg de dulce nutritivo.&#8221;> Atole HIM &#8211; Ma\u00edz En alianza con el Hospital Infantil de M\u00e9xico, se desarroll\u00f3 una f\u00f3rmula para satisfacer los requerimientos nutritivos de madres gestantes y lactantes, as\u00ed como de ni\u00f1os de hasta cinco a\u00f1os. Esta f\u00f3rmula constituy\u00f3 la base para el componente nutricional de Progresa\u00a0(posteriormente, Prospera) en beneficio de mujeres embarazadas y ni\u00f1os menores\u00a0de 5 a\u00f1os de las m\u00e1s de 6.2 millones de familias que atend\u00eda el programa. Resultados: 6.2 millones de familias que actualmente atiende el programa.<\/p>","protected":false},"author":1,"featured_media":46844,"parent":0,"menu_order":0,"comment_status":"closed","ping_status":"closed","template":"elementor_header_footer","meta":{"footnotes":""},"class_list":["post-34318","page","type-page","status-publish","has-post-thumbnail"],"aioseo_notices":[],"_links":{"self":[{"href":"https:\/\/saluddigital.com\/en\/wp-json\/wp\/v2\/pages\/34318","targetHints":{"allow":["GET"]}}],"collection":[{"href":"https:\/\/saluddigital.com\/en\/wp-json\/wp\/v2\/pages"}],"about":[{"href":"https:\/\/saluddigital.com\/en\/wp-json\/wp\/v2\/types\/page"}],"author":[{"embeddable":true,"href":"https:\/\/saluddigital.com\/en\/wp-json\/wp\/v2\/users\/1"}],"replies":[{"embeddable":true,"href":"https:\/\/saluddigital.com\/en\/wp-json\/wp\/v2\/comments?post=34318"}],"version-history":[{"count":0,"href":"https:\/\/saluddigital.com\/en\/wp-json\/wp\/v2\/pages\/34318\/revisions"}],"wp:featuredmedia":[{"embeddable":true,"href":"https:\/\/saluddigital.com\/en\/wp-json\/wp\/v2\/media\/46844"}],"wp:attachment":[{"href":"https:\/\/saluddigital.com\/en\/wp-json\/wp\/v2\/media?parent=34318"}],"curies":[{"name":"wp","href":"https:\/\/api.w.org\/{rel}","templated":true}]}}