{"id":33115,"date":"2022-10-30T18:49:43","date_gmt":"2022-10-31T00:49:43","guid":{"rendered":"https:\/\/saluddigital.com\/?page_id=33115"},"modified":"2025-10-08T21:09:31","modified_gmt":"2025-10-09T03:09:31","slug":"oncocercosis","status":"publish","type":"page","link":"https:\/\/saluddigital.com\/en\/oncocercosis\/","title":{"rendered":"Oncocercosis: Acciones de la Fundaci\u00f3n Carlos Slim"},"content":{"rendered":"<div data-elementor-type=\"wp-page\" data-elementor-id=\"33115\" class=\"elementor elementor-33115\" data-elementor-post-type=\"page\">\n\t\t\t\t\t\t<section class=\"elementor-section elementor-top-section elementor-element elementor-element-8fd1312 elementor-section-height-min-height elementor-section-boxed elementor-section-height-default elementor-section-items-middle wpr-particle-no wpr-jarallax-no wpr-parallax-no wpr-sticky-section-no wpr-equal-height-no\" data-id=\"8fd1312\" data-element_type=\"section\" data-e-type=\"section\" data-settings=\"{&quot;background_background&quot;:&quot;classic&quot;}\">\n\t\t\t\t\t\t\t<div class=\"elementor-background-overlay\"><\/div>\n\t\t\t\t\t\t\t<div class=\"elementor-container elementor-column-gap-default\">\n\t\t\t\t\t<div class=\"elementor-column elementor-col-100 elementor-top-column elementor-element elementor-element-bb3c577\" data-id=\"bb3c577\" data-element_type=\"column\" data-e-type=\"column\">\n\t\t\t<div class=\"elementor-widget-wrap elementor-element-populated\">\n\t\t\t\t\t\t<div class=\"elementor-element elementor-element-478180e elementor-widget elementor-widget-heading\" data-id=\"478180e\" data-element_type=\"widget\" data-e-type=\"widget\" data-widget_type=\"heading.default\">\n\t\t\t\t<div class=\"elementor-widget-container\">\n\t\t\t\t\t<h2 class=\"elementor-heading-title elementor-size-default\">Oncocercosis<\/h2>\t\t\t\t<\/div>\n\t\t\t\t<\/div>\n\t\t\t\t\t<\/div>\n\t\t<\/div>\n\t\t\t\t\t<\/div>\n\t\t<\/section>\n\t\t\t\t<section class=\"elementor-section elementor-top-section elementor-element elementor-element-5f4c2c6 elementor-section-boxed elementor-section-height-default elementor-section-height-default wpr-particle-no wpr-jarallax-no wpr-parallax-no wpr-sticky-section-no wpr-equal-height-no\" data-id=\"5f4c2c6\" data-element_type=\"section\" data-e-type=\"section\">\n\t\t\t\t\t\t<div class=\"elementor-container elementor-column-gap-default\">\n\t\t\t\t\t<div class=\"elementor-column elementor-col-50 elementor-top-column elementor-element elementor-element-01f5ff8\" data-id=\"01f5ff8\" data-element_type=\"column\" data-e-type=\"column\">\n\t\t\t<div class=\"elementor-widget-wrap elementor-element-populated\">\n\t\t\t\t\t\t<div class=\"elementor-element elementor-element-8b56fda elementor-widget elementor-widget-spacer\" data-id=\"8b56fda\" data-element_type=\"widget\" data-e-type=\"widget\" data-widget_type=\"spacer.default\">\n\t\t\t\t<div class=\"elementor-widget-container\">\n\t\t\t\t\t\t\t<div class=\"elementor-spacer\">\n\t\t\t<div class=\"elementor-spacer-inner\"><\/div>\n\t\t<\/div>\n\t\t\t\t\t\t<\/div>\n\t\t\t\t<\/div>\n\t\t\t\t<div class=\"elementor-element elementor-element-45e48d9 elementor-widget-divider--view-line elementor-widget elementor-widget-divider\" data-id=\"45e48d9\" data-element_type=\"widget\" data-e-type=\"widget\" data-widget_type=\"divider.default\">\n\t\t\t\t<div class=\"elementor-widget-container\">\n\t\t\t\t\t\t\t<div class=\"elementor-divider\">\n\t\t\t<span class=\"elementor-divider-separator\">\n\t\t\t\t\t\t<\/span>\n\t\t<\/div>\n\t\t\t\t\t\t<\/div>\n\t\t\t\t<\/div>\n\t\t\t\t<div class=\"elementor-element elementor-element-e7e7d25 elementor-widget elementor-widget-text-editor\" data-id=\"e7e7d25\" data-element_type=\"widget\" data-e-type=\"widget\" data-widget_type=\"text-editor.default\">\n\t\t\t\t<div class=\"elementor-widget-container\">\n\t\t\t\t\t\t\t\t\t<p>La oncocercosis es una enfermedad parasitaria causada por la Onchocerca volvulus, que es transmitida a los humanos por las moscas negras. Se la conoce como &#8220;ceguera de los r\u00edos&#8221; porque las larvas de la mosca negra se reproducen en r\u00edos de corriente r\u00e1pida. La transmisi\u00f3n al ser humano se hace por exposici\u00f3n repetida a picaduras de las moscas infectadas. Entre sus s\u00edntomas se encuentran comez\u00f3n intensa, afecciones cut\u00e1neas desfigurantes y discapacidad visual, que puede llegar a la ceguera permanente.<\/p>\t\t\t\t\t\t\t\t<\/div>\n\t\t\t\t<\/div>\n\t\t\t\t\t<\/div>\n\t\t<\/div>\n\t\t\t\t<div class=\"elementor-column elementor-col-50 elementor-top-column elementor-element elementor-element-87a2864\" data-id=\"87a2864\" data-element_type=\"column\" data-e-type=\"column\" data-settings=\"{&quot;background_background&quot;:&quot;classic&quot;}\">\n\t\t\t<div class=\"elementor-widget-wrap elementor-element-populated\">\n\t\t\t\t\t\t<div class=\"elementor-element elementor-element-97a63fe elementor-widget elementor-widget-spacer\" data-id=\"97a63fe\" data-element_type=\"widget\" data-e-type=\"widget\" data-widget_type=\"spacer.default\">\n\t\t\t\t<div class=\"elementor-widget-container\">\n\t\t\t\t\t\t\t<div class=\"elementor-spacer\">\n\t\t\t<div class=\"elementor-spacer-inner\"><\/div>\n\t\t<\/div>\n\t\t\t\t\t\t<\/div>\n\t\t\t\t<\/div>\n\t\t\t\t<div class=\"elementor-element elementor-element-ecc905f elementor-widget elementor-widget-spacer\" data-id=\"ecc905f\" data-element_type=\"widget\" data-e-type=\"widget\" data-widget_type=\"spacer.default\">\n\t\t\t\t<div class=\"elementor-widget-container\">\n\t\t\t\t\t\t\t<div class=\"elementor-spacer\">\n\t\t\t<div class=\"elementor-spacer-inner\"><\/div>\n\t\t<\/div>\n\t\t\t\t\t\t<\/div>\n\t\t\t\t<\/div>\n\t\t\t\t\t<\/div>\n\t\t<\/div>\n\t\t\t\t\t<\/div>\n\t\t<\/section>\n\t\t\t\t<section class=\"elementor-section elementor-top-section elementor-element elementor-element-f7aa110 elementor-section-boxed elementor-section-height-default elementor-section-height-default wpr-particle-no wpr-jarallax-no wpr-parallax-no wpr-sticky-section-no wpr-equal-height-no\" data-id=\"f7aa110\" data-element_type=\"section\" data-e-type=\"section\" data-settings=\"{&quot;background_background&quot;:&quot;classic&quot;}\">\n\t\t\t\t\t\t<div class=\"elementor-container elementor-column-gap-default\">\n\t\t\t\t\t<div class=\"elementor-column elementor-col-100 elementor-top-column elementor-element elementor-element-620b611\" data-id=\"620b611\" data-element_type=\"column\" data-e-type=\"column\">\n\t\t\t<div class=\"elementor-widget-wrap elementor-element-populated\">\n\t\t\t\t\t\t<div class=\"elementor-element elementor-element-98ee7c1 elementor-widget elementor-widget-spacer\" data-id=\"98ee7c1\" data-element_type=\"widget\" data-e-type=\"widget\" data-widget_type=\"spacer.default\">\n\t\t\t\t<div class=\"elementor-widget-container\">\n\t\t\t\t\t\t\t<div class=\"elementor-spacer\">\n\t\t\t<div class=\"elementor-spacer-inner\"><\/div>\n\t\t<\/div>\n\t\t\t\t\t\t<\/div>\n\t\t\t\t<\/div>\n\t\t\t\t<div class=\"elementor-element elementor-element-f8a0300 elementor-widget-divider--view-line elementor-widget elementor-widget-divider\" data-id=\"f8a0300\" data-element_type=\"widget\" data-e-type=\"widget\" data-widget_type=\"divider.default\">\n\t\t\t\t<div class=\"elementor-widget-container\">\n\t\t\t\t\t\t\t<div class=\"elementor-divider\">\n\t\t\t<span class=\"elementor-divider-separator\">\n\t\t\t\t\t\t<\/span>\n\t\t<\/div>\n\t\t\t\t\t\t<\/div>\n\t\t\t\t<\/div>\n\t\t\t\t<div class=\"elementor-element elementor-element-3ee340b elementor-widget elementor-widget-text-editor\" data-id=\"3ee340b\" data-element_type=\"widget\" data-e-type=\"widget\" data-widget_type=\"text-editor.default\">\n\t\t\t\t<div class=\"elementor-widget-container\">\n\t\t\t\t\t\t\t\t\t<p><span style=\"white-space: pre-wrap;\">A nivel mundial, se estima que hay alrededor de 18 millones de personas infectadas y cerca de 270.000 est\u00e1n ciegas por la oncocercosis. Es una de las principales causas de ceguera infecciosa en los pa\u00edses de \u00c1frica Occidental y Central pero tambi\u00e9n est\u00e1 presente en Yemen y en Am\u00e9rica Latina, particularmente en la zona del Amazonas que abarca la frontera entre Brasil y Venezuela, que en su conjunto conforman el \u00e1rea Yanomami.<br \/><\/span><\/p>\t\t\t\t\t\t\t\t<\/div>\n\t\t\t\t<\/div>\n\t\t\t\t<div class=\"elementor-element elementor-element-45c95d9 elementor-widget elementor-widget-spacer\" data-id=\"45c95d9\" data-element_type=\"widget\" data-e-type=\"widget\" data-widget_type=\"spacer.default\">\n\t\t\t\t<div class=\"elementor-widget-container\">\n\t\t\t\t\t\t\t<div class=\"elementor-spacer\">\n\t\t\t<div class=\"elementor-spacer-inner\"><\/div>\n\t\t<\/div>\n\t\t\t\t\t\t<\/div>\n\t\t\t\t<\/div>\n\t\t\t\t\t<\/div>\n\t\t<\/div>\n\t\t\t\t\t<\/div>\n\t\t<\/section>\n\t\t\t\t<section class=\"elementor-section elementor-top-section elementor-element elementor-element-68ff3fd elementor-section-boxed elementor-section-height-default elementor-section-height-default wpr-particle-no wpr-jarallax-no wpr-parallax-no wpr-sticky-section-no wpr-equal-height-no\" data-id=\"68ff3fd\" data-element_type=\"section\" data-e-type=\"section\" data-settings=\"{&quot;background_background&quot;:&quot;classic&quot;}\">\n\t\t\t\t\t\t<div class=\"elementor-container elementor-column-gap-default\">\n\t\t\t\t\t<div class=\"elementor-column elementor-col-100 elementor-top-column elementor-element elementor-element-b691a94\" data-id=\"b691a94\" data-element_type=\"column\" data-e-type=\"column\">\n\t\t\t<div class=\"elementor-widget-wrap elementor-element-populated\">\n\t\t\t\t\t\t<div class=\"elementor-element elementor-element-e2a2907 elementor-widget elementor-widget-image\" data-id=\"e2a2907\" data-element_type=\"widget\" data-e-type=\"widget\" data-widget_type=\"image.default\">\n\t\t\t\t<div class=\"elementor-widget-container\">\n\t\t\t\t\t\t\t\t\t\t\t\t\t\t\t<img fetchpriority=\"high\" decoding=\"async\" width=\"840\" height=\"195\" src=\"https:\/\/saluddigital.com\/wp-content\/uploads\/2024\/07\/Mask-group-840x195.png\" class=\"attachment-large size-large wp-image-46714\" alt=\"\" srcset=\"https:\/\/saluddigital.com\/wp-content\/uploads\/2024\/07\/Mask-group-840x195.png 840w, https:\/\/saluddigital.com\/wp-content\/uploads\/2024\/07\/Mask-group-660x154.png 660w, https:\/\/saluddigital.com\/wp-content\/uploads\/2024\/07\/Mask-group-768x179.png 768w, https:\/\/saluddigital.com\/wp-content\/uploads\/2024\/07\/Mask-group-18x4.png 18w, https:\/\/saluddigital.com\/wp-content\/uploads\/2024\/07\/Mask-group.png 1264w\" sizes=\"(max-width: 840px) 100vw, 840px\" \/>\t\t\t\t\t\t\t\t\t\t\t\t\t\t\t<\/div>\n\t\t\t\t<\/div>\n\t\t\t\t\t<\/div>\n\t\t<\/div>\n\t\t\t\t\t<\/div>\n\t\t<\/section>\n\t\t\t\t<section class=\"elementor-section elementor-top-section elementor-element elementor-element-08d137e elementor-section-boxed elementor-section-height-default elementor-section-height-default wpr-particle-no wpr-jarallax-no wpr-parallax-no wpr-sticky-section-no wpr-equal-height-no\" data-id=\"08d137e\" data-element_type=\"section\" data-e-type=\"section\">\n\t\t\t\t\t\t<div class=\"elementor-container elementor-column-gap-default\">\n\t\t\t\t\t<div class=\"elementor-column elementor-col-100 elementor-top-column elementor-element elementor-element-6522ee7\" data-id=\"6522ee7\" data-element_type=\"column\" data-e-type=\"column\">\n\t\t\t<div class=\"elementor-widget-wrap elementor-element-populated\">\n\t\t\t\t\t\t<div class=\"elementor-element elementor-element-b276028 elementor-widget elementor-widget-text-editor\" data-id=\"b276028\" data-element_type=\"widget\" data-e-type=\"widget\" data-widget_type=\"text-editor.default\">\n\t\t\t\t<div class=\"elementor-widget-container\">\n\t\t\t\t\t\t\t\t\t<p>Entre 2013 y 2018, Fundaci\u00f3n Carlos Slim, en alianza con el Carter Center y el Programa para la Eliminaci\u00f3n de la Oncocercosis en las Am\u00e9ricas (<a href=\"http:\/\/www.oepa.net\/\">OEPA<\/a> por sus siglas en ingl\u00e9s), particip\u00f3 en la iniciativa regional que ha impulsado la eliminaci\u00f3n de la oncocercosis en la regi\u00f3n mediante la administraci\u00f3n del medicamento denominado ivermectina a fin de buscar un acceso a las regiones de m\u00e1s dif\u00edcil acceso, tanto por su ubicaci\u00f3n geogr\u00e1fica como por motivos pol\u00edticos y culturales. <br \/>Colombia fue el primer pa\u00eds en el mundo en recibir la verificaci\u00f3n de la eliminaci\u00f3n de la oncocercosis en 2013, le siguieron Ecuador en 2014, M\u00e9xico en 2015, y Guatemala en 2016. Se espera que Brasil y Venezuela sean los siguientes pa\u00edses en solicitar la verificaci\u00f3n a la OMS, a mediados de la d\u00e9cada 2020 a 2030.<\/p>\t\t\t\t\t\t\t\t<\/div>\n\t\t\t\t<\/div>\n\t\t\t\t\t<\/div>\n\t\t<\/div>\n\t\t\t\t\t<\/div>\n\t\t<\/section>\n\t\t\t\t<section class=\"elementor-section elementor-top-section elementor-element elementor-element-d3950a0 elementor-section-boxed elementor-section-height-default elementor-section-height-default wpr-particle-no wpr-jarallax-no wpr-parallax-no wpr-sticky-section-no wpr-equal-height-no\" data-id=\"d3950a0\" data-element_type=\"section\" data-e-type=\"section\">\n\t\t\t\t\t\t<div class=\"elementor-container elementor-column-gap-default\">\n\t\t\t\t\t<div class=\"elementor-column elementor-col-25 elementor-top-column elementor-element elementor-element-720b8a7\" data-id=\"720b8a7\" data-element_type=\"column\" data-e-type=\"column\">\n\t\t\t<div class=\"elementor-widget-wrap\">\n\t\t\t\t\t\t\t<\/div>\n\t\t<\/div>\n\t\t\t\t<div class=\"elementor-column elementor-col-25 elementor-top-column elementor-element elementor-element-1d75612\" data-id=\"1d75612\" data-element_type=\"column\" data-e-type=\"column\" data-settings=\"{&quot;background_background&quot;:&quot;classic&quot;}\">\n\t\t\t<div class=\"elementor-widget-wrap elementor-element-populated\">\n\t\t\t\t\t\t<div class=\"elementor-element elementor-element-f38e828 elementor-widget elementor-widget-heading\" data-id=\"f38e828\" data-element_type=\"widget\" data-e-type=\"widget\" data-widget_type=\"heading.default\">\n\t\t\t\t<div class=\"elementor-widget-container\">\n\t\t\t\t\t<h3 class=\"elementor-heading-title elementor-size-default\">Poblaci\u00f3n regional fuera de riesgo<\/h3>\t\t\t\t<\/div>\n\t\t\t\t<\/div>\n\t\t\t\t<div class=\"elementor-element elementor-element-8b5f69d elementor-widget elementor-widget-heading\" data-id=\"8b5f69d\" data-element_type=\"widget\" data-e-type=\"widget\" data-widget_type=\"heading.default\">\n\t\t\t\t<div class=\"elementor-widget-container\">\n\t\t\t\t\t<h2 class=\"elementor-heading-title elementor-size-default\">538,517<\/h2>\t\t\t\t<\/div>\n\t\t\t\t<\/div>\n\t\t\t\t\t<\/div>\n\t\t<\/div>\n\t\t\t\t<div class=\"elementor-column elementor-col-25 elementor-top-column elementor-element elementor-element-5b46756\" data-id=\"5b46756\" data-element_type=\"column\" data-e-type=\"column\" data-settings=\"{&quot;background_background&quot;:&quot;classic&quot;}\">\n\t\t\t<div class=\"elementor-widget-wrap elementor-element-populated\">\n\t\t\t\t\t\t<div class=\"elementor-element elementor-element-6d95f2a elementor-widget__width-initial elementor-widget elementor-widget-heading\" data-id=\"6d95f2a\" data-element_type=\"widget\" data-e-type=\"widget\" data-widget_type=\"heading.default\">\n\t\t\t\t<div class=\"elementor-widget-container\">\n\t\t\t\t\t<h3 class=\"elementor-heading-title elementor-size-default\">Poblaci\u00f3n regional en riesgo<\/h3>\t\t\t\t<\/div>\n\t\t\t\t<\/div>\n\t\t\t\t<div class=\"elementor-element elementor-element-34faa24 elementor-widget elementor-widget-heading\" data-id=\"34faa24\" data-element_type=\"widget\" data-e-type=\"widget\" data-widget_type=\"heading.default\">\n\t\t\t\t<div class=\"elementor-widget-container\">\n\t\t\t\t\t<h2 class=\"elementor-heading-title elementor-size-default\">32,467<\/h2>\t\t\t\t<\/div>\n\t\t\t\t<\/div>\n\t\t\t\t\t<\/div>\n\t\t<\/div>\n\t\t\t\t<div class=\"elementor-column elementor-col-25 elementor-top-column elementor-element elementor-element-23d34e1\" data-id=\"23d34e1\" data-element_type=\"column\" data-e-type=\"column\">\n\t\t\t<div class=\"elementor-widget-wrap\">\n\t\t\t\t\t\t\t<\/div>\n\t\t<\/div>\n\t\t\t\t\t<\/div>\n\t\t<\/section>\n\t\t\t\t<section class=\"elementor-section elementor-top-section elementor-element elementor-element-3eb24b8 elementor-section-full_width elementor-section-height-default elementor-section-height-default wpr-particle-no wpr-jarallax-no wpr-parallax-no wpr-sticky-section-no wpr-equal-height-no\" data-id=\"3eb24b8\" data-element_type=\"section\" data-e-type=\"section\">\n\t\t\t\t\t\t<div class=\"elementor-container elementor-column-gap-default\">\n\t\t\t\t\t<div class=\"elementor-column elementor-col-100 elementor-top-column elementor-element elementor-element-96f9f26\" data-id=\"96f9f26\" data-element_type=\"column\" data-e-type=\"column\">\n\t\t\t<div class=\"elementor-widget-wrap elementor-element-populated\">\n\t\t\t\t\t\t<div class=\"elementor-element elementor-element-f1b1500 elementor-widget elementor-widget-image\" data-id=\"f1b1500\" data-element_type=\"widget\" data-e-type=\"widget\" data-widget_type=\"image.default\">\n\t\t\t\t<div class=\"elementor-widget-container\">\n\t\t\t\t\t\t\t\t\t\t\t\t\t\t\t<img decoding=\"async\" width=\"840\" height=\"502\" src=\"https:\/\/saluddigital.com\/wp-content\/uploads\/2024\/07\/Group-115-840x502.png\" class=\"attachment-large size-large wp-image-46718\" alt=\"Oncocercosis\" srcset=\"https:\/\/saluddigital.com\/wp-content\/uploads\/2024\/07\/Group-115-840x502.png 840w, https:\/\/saluddigital.com\/wp-content\/uploads\/2024\/07\/Group-115-610x365.png 610w, https:\/\/saluddigital.com\/wp-content\/uploads\/2024\/07\/Group-115-768x459.png 768w, https:\/\/saluddigital.com\/wp-content\/uploads\/2024\/07\/Group-115-18x12.png 18w, https:\/\/saluddigital.com\/wp-content\/uploads\/2024\/07\/Group-115.png 1279w\" sizes=\"(max-width: 840px) 100vw, 840px\" \/>\t\t\t\t\t\t\t\t\t\t\t\t\t\t\t<\/div>\n\t\t\t\t<\/div>\n\t\t\t\t\t<\/div>\n\t\t<\/div>\n\t\t\t\t\t<\/div>\n\t\t<\/section>\n\t\t\t\t<\/div>","protected":false},"excerpt":{"rendered":"<p>Oncocercosis La oncocercosis es una enfermedad parasitaria causada por la Onchocerca volvulus, que es transmitida a los humanos por las moscas negras. Se la conoce como &#8220;ceguera de los r\u00edos&#8221; porque las larvas de la mosca negra se reproducen en r\u00edos de corriente r\u00e1pida. La transmisi\u00f3n al ser humano se hace por exposici\u00f3n repetida a picaduras de las moscas infectadas. Entre sus s\u00edntomas se encuentran comez\u00f3n intensa, afecciones cut\u00e1neas desfigurantes y discapacidad visual, que puede llegar a la ceguera permanente. A nivel mundial, se estima que hay alrededor de 18 millones de personas infectadas y cerca de 270.000 est\u00e1n ciegas por la oncocercosis. Es una de las principales causas de ceguera infecciosa en los pa\u00edses de \u00c1frica Occidental y Central pero tambi\u00e9n est\u00e1 presente en Yemen y en Am\u00e9rica Latina, particularmente en la zona del Amazonas que abarca la frontera entre Brasil y Venezuela, que en su conjunto conforman el \u00e1rea Yanomami. Entre 2013 y 2018, Fundaci\u00f3n Carlos Slim, en alianza con el Carter Center y el Programa para la Eliminaci\u00f3n de la Oncocercosis en las Am\u00e9ricas (OEPA por sus siglas en ingl\u00e9s), particip\u00f3 en la iniciativa regional que ha impulsado la eliminaci\u00f3n de la oncocercosis en la regi\u00f3n mediante la administraci\u00f3n del medicamento denominado ivermectina a fin de buscar un acceso a las regiones de m\u00e1s dif\u00edcil acceso, tanto por su ubicaci\u00f3n geogr\u00e1fica como por motivos pol\u00edticos y culturales. Colombia fue el primer pa\u00eds en el mundo en recibir la verificaci\u00f3n de la eliminaci\u00f3n de la oncocercosis en 2013, le siguieron Ecuador en 2014, M\u00e9xico en 2015, y Guatemala en 2016. Se espera que Brasil y Venezuela sean los siguientes pa\u00edses en solicitar la verificaci\u00f3n a la OMS, a mediados de la d\u00e9cada 2020 a 2030. Poblaci\u00f3n regional fuera de riesgo 538,517 Poblaci\u00f3n regional en riesgo 32,467<\/p>","protected":false},"author":1,"featured_media":46718,"parent":0,"menu_order":0,"comment_status":"closed","ping_status":"closed","template":"elementor_header_footer","meta":{"footnotes":""},"class_list":["post-33115","page","type-page","status-publish","has-post-thumbnail"],"aioseo_notices":[],"_links":{"self":[{"href":"https:\/\/saluddigital.com\/en\/wp-json\/wp\/v2\/pages\/33115","targetHints":{"allow":["GET"]}}],"collection":[{"href":"https:\/\/saluddigital.com\/en\/wp-json\/wp\/v2\/pages"}],"about":[{"href":"https:\/\/saluddigital.com\/en\/wp-json\/wp\/v2\/types\/page"}],"author":[{"embeddable":true,"href":"https:\/\/saluddigital.com\/en\/wp-json\/wp\/v2\/users\/1"}],"replies":[{"embeddable":true,"href":"https:\/\/saluddigital.com\/en\/wp-json\/wp\/v2\/comments?post=33115"}],"version-history":[{"count":0,"href":"https:\/\/saluddigital.com\/en\/wp-json\/wp\/v2\/pages\/33115\/revisions"}],"wp:featuredmedia":[{"embeddable":true,"href":"https:\/\/saluddigital.com\/en\/wp-json\/wp\/v2\/media\/46718"}],"wp:attachment":[{"href":"https:\/\/saluddigital.com\/en\/wp-json\/wp\/v2\/media?parent=33115"}],"curies":[{"name":"wp","href":"https:\/\/api.w.org\/{rel}","templated":true}]}}