{"id":13684,"date":"2021-04-16T16:42:44","date_gmt":"2021-04-16T21:42:44","guid":{"rendered":"https:\/\/saluddigital.com\/?page_id=13684"},"modified":"2025-12-04T14:11:27","modified_gmt":"2025-12-04T20:11:27","slug":"midoautoaplicado","status":"publish","type":"page","link":"https:\/\/saluddigital.com\/en\/midoautoaplicado\/","title":{"rendered":"MIDO: Acciones de la Fundaci\u00f3n Carlos Slim"},"content":{"rendered":"<div data-elementor-type=\"wp-page\" data-elementor-id=\"13684\" class=\"elementor elementor-13684\" data-elementor-post-type=\"page\">\n\t\t\t\t\t\t<section class=\"elementor-section elementor-top-section elementor-element elementor-element-88e855b elementor-section-height-min-height elementor-section-boxed elementor-section-height-default elementor-section-items-middle wpr-particle-no wpr-jarallax-no wpr-parallax-no wpr-sticky-section-no wpr-equal-height-no\" data-id=\"88e855b\" data-element_type=\"section\" data-e-type=\"section\" data-settings=\"{&quot;background_background&quot;:&quot;classic&quot;}\">\n\t\t\t\t\t\t\t<div class=\"elementor-background-overlay\"><\/div>\n\t\t\t\t\t\t\t<div class=\"elementor-container elementor-column-gap-default\">\n\t\t\t\t\t<div class=\"elementor-column elementor-col-100 elementor-top-column elementor-element elementor-element-9aa792a\" data-id=\"9aa792a\" data-element_type=\"column\" data-e-type=\"column\">\n\t\t\t<div class=\"elementor-widget-wrap\">\n\t\t\t\t\t\t\t<\/div>\n\t\t<\/div>\n\t\t\t\t\t<\/div>\n\t\t<\/section>\n\t\t\t\t<section class=\"elementor-section elementor-top-section elementor-element elementor-element-6015e67 elementor-section-boxed elementor-section-height-default elementor-section-height-default wpr-particle-no wpr-jarallax-no wpr-parallax-no wpr-sticky-section-no wpr-equal-height-no\" data-id=\"6015e67\" data-element_type=\"section\" data-e-type=\"section\" data-settings=\"{&quot;background_background&quot;:&quot;classic&quot;}\">\n\t\t\t\t\t\t<div class=\"elementor-container elementor-column-gap-default\">\n\t\t\t\t\t<div class=\"elementor-column elementor-col-50 elementor-top-column elementor-element elementor-element-822f311\" data-id=\"822f311\" data-element_type=\"column\" data-e-type=\"column\">\n\t\t\t<div class=\"elementor-widget-wrap elementor-element-populated\">\n\t\t\t\t\t\t<div class=\"elementor-element elementor-element-b0fa67d elementor-widget elementor-widget-image\" data-id=\"b0fa67d\" data-element_type=\"widget\" data-e-type=\"widget\" data-widget_type=\"image.default\">\n\t\t\t\t<div class=\"elementor-widget-container\">\n\t\t\t\t\t\t\t\t\t\t\t\t\t\t\t<img fetchpriority=\"high\" decoding=\"async\" width=\"391\" height=\"428\" src=\"https:\/\/saluddigital.com\/wp-content\/uploads\/2024\/07\/mido-1.png\" class=\"attachment-large size-large wp-image-47242\" alt=\"\" srcset=\"https:\/\/saluddigital.com\/wp-content\/uploads\/2024\/07\/mido-1.png 391w, https:\/\/saluddigital.com\/wp-content\/uploads\/2024\/07\/mido-1-333x365.png 333w, https:\/\/saluddigital.com\/wp-content\/uploads\/2024\/07\/mido-1-11x12.png 11w\" sizes=\"(max-width: 391px) 100vw, 391px\" \/>\t\t\t\t\t\t\t\t\t\t\t\t\t\t\t<\/div>\n\t\t\t\t<\/div>\n\t\t\t\t\t<\/div>\n\t\t<\/div>\n\t\t\t\t<div class=\"elementor-column elementor-col-50 elementor-top-column elementor-element elementor-element-843f027\" data-id=\"843f027\" data-element_type=\"column\" data-e-type=\"column\" data-settings=\"{&quot;background_background&quot;:&quot;classic&quot;}\">\n\t\t\t<div class=\"elementor-widget-wrap elementor-element-populated\">\n\t\t\t\t\t\t<div class=\"elementor-element elementor-element-cba5a5a elementor-widget elementor-widget-image\" data-id=\"cba5a5a\" data-element_type=\"widget\" data-e-type=\"widget\" data-widget_type=\"image.default\">\n\t\t\t\t<div class=\"elementor-widget-container\">\n\t\t\t\t\t\t\t\t\t\t\t\t\t\t\t<img decoding=\"async\" width=\"111\" height=\"19\" src=\"https:\/\/saluddigital.com\/wp-content\/uploads\/2025\/12\/mido-puntos.png\" class=\"attachment-full size-full wp-image-65515\" alt=\"\" srcset=\"https:\/\/saluddigital.com\/wp-content\/uploads\/2025\/12\/mido-puntos.png 111w, https:\/\/saluddigital.com\/wp-content\/uploads\/2025\/12\/mido-puntos-18x3.png 18w\" sizes=\"(max-width: 111px) 100vw, 111px\" \/>\t\t\t\t\t\t\t\t\t\t\t\t\t\t\t<\/div>\n\t\t\t\t<\/div>\n\t\t\t\t<div class=\"elementor-element elementor-element-0064d96 elementor-widget elementor-widget-heading\" data-id=\"0064d96\" data-element_type=\"widget\" data-e-type=\"widget\" data-widget_type=\"heading.default\">\n\t\t\t\t<div class=\"elementor-widget-container\">\n\t\t\t\t\t<h2 class=\"elementor-heading-title elementor-size-default\">Get a quick checkup through MIDO<\/h2>\t\t\t\t<\/div>\n\t\t\t\t<\/div>\n\t\t\t\t<div class=\"elementor-element elementor-element-d43bac6 elementor-widget elementor-widget-spacer\" data-id=\"d43bac6\" data-element_type=\"widget\" data-e-type=\"widget\" data-widget_type=\"spacer.default\">\n\t\t\t\t<div class=\"elementor-widget-container\">\n\t\t\t\t\t\t\t<div class=\"elementor-spacer\">\n\t\t\t<div class=\"elementor-spacer-inner\"><\/div>\n\t\t<\/div>\n\t\t\t\t\t\t<\/div>\n\t\t\t\t<\/div>\n\t\t\t\t<div class=\"elementor-element elementor-element-c8ed7a6 elementor-widget elementor-widget-text-editor\" data-id=\"c8ed7a6\" data-element_type=\"widget\" data-e-type=\"widget\" data-widget_type=\"text-editor.default\">\n\t\t\t\t<div class=\"elementor-widget-container\">\n\t\t\t\t\t\t\t\t\t<p>With <strong>MIDO <\/strong>(Integrated Measurement for Timely Detection) you can perform a quick checkup that allows you <strong>assess in five minutes<\/strong> if you are at risk of obesity, hypertension or diabetes.<\/p>\t\t\t\t\t\t\t\t<\/div>\n\t\t\t\t<\/div>\n\t\t\t\t\t<\/div>\n\t\t<\/div>\n\t\t\t\t\t<\/div>\n\t\t<\/section>\n\t\t\t\t<section class=\"elementor-section elementor-top-section elementor-element elementor-element-ed8b677 elementor-section-boxed elementor-section-height-default elementor-section-height-default wpr-particle-no wpr-jarallax-no wpr-parallax-no wpr-sticky-section-no wpr-equal-height-no\" data-id=\"ed8b677\" data-element_type=\"section\" data-e-type=\"section\">\n\t\t\t\t\t\t<div class=\"elementor-container elementor-column-gap-default\">\n\t\t\t\t\t<div class=\"elementor-column elementor-col-50 elementor-top-column elementor-element elementor-element-0f5f5e2\" data-id=\"0f5f5e2\" data-element_type=\"column\" data-e-type=\"column\">\n\t\t\t<div class=\"elementor-widget-wrap elementor-element-populated\">\n\t\t\t\t\t\t<div class=\"elementor-element elementor-element-04fae35 elementor-widget-divider--view-line elementor-widget elementor-widget-divider\" data-id=\"04fae35\" data-element_type=\"widget\" data-e-type=\"widget\" data-widget_type=\"divider.default\">\n\t\t\t\t<div class=\"elementor-widget-container\">\n\t\t\t\t\t\t\t<div class=\"elementor-divider\">\n\t\t\t<span class=\"elementor-divider-separator\">\n\t\t\t\t\t\t<\/span>\n\t\t<\/div>\n\t\t\t\t\t\t<\/div>\n\t\t\t\t<\/div>\n\t\t\t\t<div class=\"elementor-element elementor-element-21591c8 elementor-widget elementor-widget-text-editor\" data-id=\"21591c8\" data-element_type=\"widget\" data-e-type=\"widget\" data-widget_type=\"text-editor.default\">\n\t\t\t\t<div class=\"elementor-widget-container\">\n\t\t\t\t\t\t\t\t\t<p>you can make yourself <strong>I measure in three steps<\/strong> very simple:<\/p><ol><li>Ingresa algunos datos personales:\u00a0(nombre, fecha de nacimiento)<\/li><li>Take a short quiz and enter some measurements like weight, blood pressure and glucose (if you have these results)<\/li><li>Receive immediate feedback with recommendations to take care of your health and improve your habits.<\/li><\/ol>\t\t\t\t\t\t\t\t<\/div>\n\t\t\t\t<\/div>\n\t\t\t\t\t<\/div>\n\t\t<\/div>\n\t\t\t\t<div class=\"elementor-column elementor-col-50 elementor-top-column elementor-element elementor-element-2fe8b75\" data-id=\"2fe8b75\" data-element_type=\"column\" data-e-type=\"column\" data-settings=\"{&quot;background_background&quot;:&quot;classic&quot;}\">\n\t\t\t<div class=\"elementor-widget-wrap elementor-element-populated\">\n\t\t\t\t\t\t<div class=\"elementor-element elementor-element-a3877fa elementor-widget elementor-widget-image\" data-id=\"a3877fa\" data-element_type=\"widget\" data-e-type=\"widget\" data-widget_type=\"image.default\">\n\t\t\t\t<div class=\"elementor-widget-container\">\n\t\t\t\t\t\t\t\t\t\t\t\t\t\t\t<img decoding=\"async\" width=\"825\" height=\"840\" src=\"https:\/\/saluddigital.com\/wp-content\/uploads\/2025\/12\/mido-1-825x840.png\" class=\"attachment-large size-large wp-image-65530\" alt=\"\" srcset=\"https:\/\/saluddigital.com\/wp-content\/uploads\/2025\/12\/mido-1-825x840.png 825w, https:\/\/saluddigital.com\/wp-content\/uploads\/2025\/12\/mido-1-359x365.png 359w, https:\/\/saluddigital.com\/wp-content\/uploads\/2025\/12\/mido-1-768x782.png 768w, https:\/\/saluddigital.com\/wp-content\/uploads\/2025\/12\/mido-1-12x12.png 12w, https:\/\/saluddigital.com\/wp-content\/uploads\/2025\/12\/mido-1.png 1165w\" sizes=\"(max-width: 825px) 100vw, 825px\" \/>\t\t\t\t\t\t\t\t\t\t\t\t\t\t\t<\/div>\n\t\t\t\t<\/div>\n\t\t\t\t\t<\/div>\n\t\t<\/div>\n\t\t\t\t\t<\/div>\n\t\t<\/section>\n\t\t\t\t<section class=\"elementor-section elementor-top-section elementor-element elementor-element-a38a7f3 elementor-section-boxed elementor-section-height-default elementor-section-height-default wpr-particle-no wpr-jarallax-no wpr-parallax-no wpr-sticky-section-no wpr-equal-height-no\" data-id=\"a38a7f3\" data-element_type=\"section\" data-e-type=\"section\" data-settings=\"{&quot;background_background&quot;:&quot;classic&quot;}\">\n\t\t\t\t\t\t<div class=\"elementor-container elementor-column-gap-default\">\n\t\t\t\t\t<div class=\"elementor-column elementor-col-50 elementor-top-column elementor-element elementor-element-56054f2\" data-id=\"56054f2\" data-element_type=\"column\" data-e-type=\"column\">\n\t\t\t<div class=\"elementor-widget-wrap elementor-element-populated\">\n\t\t\t\t\t\t<div class=\"elementor-element elementor-element-0d0a10f elementor-widget elementor-widget-text-editor\" data-id=\"0d0a10f\" data-element_type=\"widget\" data-e-type=\"widget\" data-widget_type=\"text-editor.default\">\n\t\t\t\t<div class=\"elementor-widget-container\">\n\t\t\t\t\t\t\t\t\t<p>after you do <b>MIDO<\/b>, descarga la <b>APP Mi Salud Integral, disponible en:\u00a0<\/b><\/p>\t\t\t\t\t\t\t\t<\/div>\n\t\t\t\t<\/div>\n\t\t\t\t<div class=\"elementor-element elementor-element-3501405 elementor-widget elementor-widget-image\" data-id=\"3501405\" data-element_type=\"widget\" data-e-type=\"widget\" data-widget_type=\"image.default\">\n\t\t\t\t<div class=\"elementor-widget-container\">\n\t\t\t\t\t\t\t\t\t\t\t\t\t\t\t<img loading=\"lazy\" decoding=\"async\" width=\"443\" height=\"90\" src=\"https:\/\/saluddigital.com\/wp-content\/uploads\/2025\/12\/mido-descargas.png\" class=\"attachment-large size-large wp-image-65525\" alt=\"\" srcset=\"https:\/\/saluddigital.com\/wp-content\/uploads\/2025\/12\/mido-descargas.png 443w, https:\/\/saluddigital.com\/wp-content\/uploads\/2025\/12\/mido-descargas-18x4.png 18w\" sizes=\"(max-width: 443px) 100vw, 443px\" \/>\t\t\t\t\t\t\t\t\t\t\t\t\t\t\t<\/div>\n\t\t\t\t<\/div>\n\t\t\t\t\t<\/div>\n\t\t<\/div>\n\t\t\t\t<div class=\"elementor-column elementor-col-50 elementor-top-column elementor-element elementor-element-11ad0b5\" data-id=\"11ad0b5\" data-element_type=\"column\" data-e-type=\"column\">\n\t\t\t<div class=\"elementor-widget-wrap elementor-element-populated\">\n\t\t\t\t\t\t<div class=\"elementor-element elementor-element-c8984b7 elementor-widget elementor-widget-image\" data-id=\"c8984b7\" data-element_type=\"widget\" data-e-type=\"widget\" data-widget_type=\"image.default\">\n\t\t\t\t<div class=\"elementor-widget-container\">\n\t\t\t\t\t\t\t\t\t\t\t\t\t\t\t<img loading=\"lazy\" decoding=\"async\" width=\"840\" height=\"202\" src=\"https:\/\/saluddigital.com\/wp-content\/uploads\/2024\/07\/Group-1410104323-14-840x202.png\" class=\"attachment-large size-large wp-image-47247\" alt=\"\" srcset=\"https:\/\/saluddigital.com\/wp-content\/uploads\/2024\/07\/Group-1410104323-14-840x202.png 840w, https:\/\/saluddigital.com\/wp-content\/uploads\/2024\/07\/Group-1410104323-14-660x158.png 660w, https:\/\/saluddigital.com\/wp-content\/uploads\/2024\/07\/Group-1410104323-14-768x184.png 768w\" sizes=\"(max-width: 840px) 100vw, 840px\" \/>\t\t\t\t\t\t\t\t\t\t\t\t\t\t\t<\/div>\n\t\t\t\t<\/div>\n\t\t\t\t\t<\/div>\n\t\t<\/div>\n\t\t\t\t\t<\/div>\n\t\t<\/section>\n\t\t\t\t<\/div>","protected":false},"excerpt":{"rendered":"<p>Real\u00edzate un chequeo r\u00e1pido a trav\u00e9s de MIDO Con MIDO (Medici\u00f3n Integrada para la Detecci\u00f3n Oportuna) podr\u00e1s realizarte un chequeo r\u00e1pido que te permita valorar en cinco minutos si tienes riesgos de tener obesidad, hipertensi\u00f3n o diabetes. Puedes hacerte MIDO en tres pasos muy sencillos: Ingresa algunos datos personales:\u00a0(nombre, fecha de nacimiento) Contesta un peque\u00f1o cuestionario e ingresa algunas mediciones como peso, presi\u00f3n arterial y glucosa (si es que tienes estos resultados) Recibe retroalimentaci\u00f3n inmediata con recomendaciones para cuidar tu salud y mejorar tus h\u00e1bitos. Despu\u00e9s de que te hagas MIDO, descarga la APP Mi Salud Integral, disponible en:\u00a0<\/p>","protected":false},"author":1,"featured_media":15296,"parent":0,"menu_order":0,"comment_status":"closed","ping_status":"closed","template":"elementor_header_footer","meta":{"footnotes":""},"class_list":["post-13684","page","type-page","status-publish","has-post-thumbnail"],"aioseo_notices":[],"_links":{"self":[{"href":"https:\/\/saluddigital.com\/en\/wp-json\/wp\/v2\/pages\/13684","targetHints":{"allow":["GET"]}}],"collection":[{"href":"https:\/\/saluddigital.com\/en\/wp-json\/wp\/v2\/pages"}],"about":[{"href":"https:\/\/saluddigital.com\/en\/wp-json\/wp\/v2\/types\/page"}],"author":[{"embeddable":true,"href":"https:\/\/saluddigital.com\/en\/wp-json\/wp\/v2\/users\/1"}],"replies":[{"embeddable":true,"href":"https:\/\/saluddigital.com\/en\/wp-json\/wp\/v2\/comments?post=13684"}],"version-history":[{"count":18,"href":"https:\/\/saluddigital.com\/en\/wp-json\/wp\/v2\/pages\/13684\/revisions"}],"predecessor-version":[{"id":65533,"href":"https:\/\/saluddigital.com\/en\/wp-json\/wp\/v2\/pages\/13684\/revisions\/65533"}],"wp:featuredmedia":[{"embeddable":true,"href":"https:\/\/saluddigital.com\/en\/wp-json\/wp\/v2\/media\/15296"}],"wp:attachment":[{"href":"https:\/\/saluddigital.com\/en\/wp-json\/wp\/v2\/media?parent=13684"}],"curies":[{"name":"wp","href":"https:\/\/api.w.org\/{rel}","templated":true}]}}