{"id":10695,"date":"2020-10-30T09:48:41","date_gmt":"2020-10-30T15:48:41","guid":{"rendered":"https:\/\/saluddigital.com\/?page_id=10695"},"modified":"2025-10-08T21:14:38","modified_gmt":"2025-10-09T03:14:38","slug":"cirugias-extramuros","status":"publish","type":"page","link":"https:\/\/saluddigital.com\/en\/cirugias-extramuros\/","title":{"rendered":"Cirug\u00edas extramuros: Acciones de la Fundaci\u00f3n Carlos Slim"},"content":{"rendered":"<div data-elementor-type=\"wp-page\" data-elementor-id=\"10695\" class=\"elementor elementor-10695\" data-elementor-post-type=\"page\">\n\t\t\t\t\t\t<section class=\"elementor-section elementor-top-section elementor-element elementor-element-8953e4a elementor-section-height-min-height elementor-section-boxed elementor-section-height-default elementor-section-items-middle wpr-particle-no wpr-jarallax-no wpr-parallax-no wpr-sticky-section-no wpr-equal-height-no\" data-id=\"8953e4a\" data-element_type=\"section\" data-e-type=\"section\" data-settings=\"{&quot;background_background&quot;:&quot;classic&quot;}\">\n\t\t\t\t\t\t\t<div class=\"elementor-background-overlay\"><\/div>\n\t\t\t\t\t\t\t<div class=\"elementor-container elementor-column-gap-default\">\n\t\t\t\t\t<div class=\"elementor-column elementor-col-100 elementor-top-column elementor-element elementor-element-07bacd3\" data-id=\"07bacd3\" data-element_type=\"column\" data-e-type=\"column\">\n\t\t\t<div class=\"elementor-widget-wrap elementor-element-populated\">\n\t\t\t\t\t\t<div class=\"elementor-element elementor-element-0c27e70 elementor-widget elementor-widget-heading\" data-id=\"0c27e70\" data-element_type=\"widget\" data-e-type=\"widget\" data-widget_type=\"heading.default\">\n\t\t\t\t<div class=\"elementor-widget-container\">\n\t\t\t\t\t<h2 class=\"elementor-heading-title elementor-size-default\">Extramural surgeries<\/h2>\t\t\t\t<\/div>\n\t\t\t\t<\/div>\n\t\t\t\t\t<\/div>\n\t\t<\/div>\n\t\t\t\t\t<\/div>\n\t\t<\/section>\n\t\t\t\t<section class=\"elementor-section elementor-top-section elementor-element elementor-element-c7616d8 elementor-section-boxed elementor-section-height-default elementor-section-height-default wpr-particle-no wpr-jarallax-no wpr-parallax-no wpr-sticky-section-no wpr-equal-height-no\" data-id=\"c7616d8\" data-element_type=\"section\" data-e-type=\"section\">\n\t\t\t\t\t\t<div class=\"elementor-container elementor-column-gap-default\">\n\t\t\t\t\t<div class=\"elementor-column elementor-col-50 elementor-top-column elementor-element elementor-element-1b4bac3b\" data-id=\"1b4bac3b\" data-element_type=\"column\" data-e-type=\"column\">\n\t\t\t<div class=\"elementor-widget-wrap elementor-element-populated\">\n\t\t\t\t\t\t<div class=\"elementor-element elementor-element-b78b099 elementor-widget elementor-widget-spacer\" data-id=\"b78b099\" data-element_type=\"widget\" data-e-type=\"widget\" data-widget_type=\"spacer.default\">\n\t\t\t\t<div class=\"elementor-widget-container\">\n\t\t\t\t\t\t\t<div class=\"elementor-spacer\">\n\t\t\t<div class=\"elementor-spacer-inner\"><\/div>\n\t\t<\/div>\n\t\t\t\t\t\t<\/div>\n\t\t\t\t<\/div>\n\t\t\t\t<div class=\"elementor-element elementor-element-346efb4 elementor-widget-divider--view-line elementor-widget elementor-widget-divider\" data-id=\"346efb4\" data-element_type=\"widget\" data-e-type=\"widget\" data-widget_type=\"divider.default\">\n\t\t\t\t<div class=\"elementor-widget-container\">\n\t\t\t\t\t\t\t<div class=\"elementor-divider\">\n\t\t\t<span class=\"elementor-divider-separator\">\n\t\t\t\t\t\t<\/span>\n\t\t<\/div>\n\t\t\t\t\t\t<\/div>\n\t\t\t\t<\/div>\n\t\t\t\t<div class=\"elementor-element elementor-element-377539c8 elementor-widget elementor-widget-text-editor\" data-id=\"377539c8\" data-element_type=\"widget\" data-e-type=\"widget\" data-widget_type=\"text-editor.default\">\n\t\t\t\t<div class=\"elementor-widget-container\">\n\t\t\t\t\t\t\t\t\t<div class=\"txt total\">\n<div class=\"medio section-3\">\n<p>The public health system in Mexico has structural flaws that produce unequal treatment for those living in poverty, mainly for the indigenous population and for those living in rural areas of high social backwardness.<\/p>\n<p>In response,&nbsp;<strong>Carlos Slim Foundation<\/strong>&nbsp;has launched the&nbsp;<strong>Extramural Surgery<\/strong>program, which provides highly specialized medical care to the country's marginalized population to substantially improve their quality of life.<\/p>\n<\/div>\n<\/div>\t\t\t\t\t\t\t\t<\/div>\n\t\t\t\t<\/div>\n\t\t\t\t<div class=\"elementor-element elementor-element-849cec5 elementor-widget elementor-widget-image\" data-id=\"849cec5\" data-element_type=\"widget\" data-e-type=\"widget\" data-widget_type=\"image.default\">\n\t\t\t\t<div class=\"elementor-widget-container\">\n\t\t\t\t\t\t\t\t\t\t\t\t\t\t\t<img fetchpriority=\"high\" decoding=\"async\" width=\"654\" height=\"495\" src=\"https:\/\/saluddigital.com\/wp-content\/uploads\/2024\/05\/Mask-group-3.png\" class=\"attachment-large size-large wp-image-45091\" alt=\"\" srcset=\"https:\/\/saluddigital.com\/wp-content\/uploads\/2024\/05\/Mask-group-3.png 654w, https:\/\/saluddigital.com\/wp-content\/uploads\/2024\/05\/Mask-group-3-482x365.png 482w, https:\/\/saluddigital.com\/wp-content\/uploads\/2024\/05\/Mask-group-3-16x12.png 16w\" sizes=\"(max-width: 654px) 100vw, 654px\" \/>\t\t\t\t\t\t\t\t\t\t\t\t\t\t\t<\/div>\n\t\t\t\t<\/div>\n\t\t\t\t\t<\/div>\n\t\t<\/div>\n\t\t\t\t<div class=\"elementor-column elementor-col-50 elementor-top-column elementor-element elementor-element-5c0a1fc\" data-id=\"5c0a1fc\" data-element_type=\"column\" data-e-type=\"column\" data-settings=\"{&quot;background_background&quot;:&quot;classic&quot;}\">\n\t\t\t<div class=\"elementor-widget-wrap elementor-element-populated\">\n\t\t\t\t\t\t<div class=\"elementor-element elementor-element-f9dac35 elementor-widget elementor-widget-spacer\" data-id=\"f9dac35\" data-element_type=\"widget\" data-e-type=\"widget\" data-widget_type=\"spacer.default\">\n\t\t\t\t<div class=\"elementor-widget-container\">\n\t\t\t\t\t\t\t<div class=\"elementor-spacer\">\n\t\t\t<div class=\"elementor-spacer-inner\"><\/div>\n\t\t<\/div>\n\t\t\t\t\t\t<\/div>\n\t\t\t\t<\/div>\n\t\t\t\t<div class=\"elementor-element elementor-element-cee2b19 elementor-widget-divider--view-line elementor-widget elementor-widget-divider\" data-id=\"cee2b19\" data-element_type=\"widget\" data-e-type=\"widget\" data-widget_type=\"divider.default\">\n\t\t\t\t<div class=\"elementor-widget-container\">\n\t\t\t\t\t\t\t<div class=\"elementor-divider\">\n\t\t\t<span class=\"elementor-divider-separator\">\n\t\t\t\t\t\t<\/span>\n\t\t<\/div>\n\t\t\t\t\t\t<\/div>\n\t\t\t\t<\/div>\n\t\t\t\t<div class=\"elementor-element elementor-element-8a8a18c elementor-widget elementor-widget-text-editor\" data-id=\"8a8a18c\" data-element_type=\"widget\" data-e-type=\"widget\" data-widget_type=\"text-editor.default\">\n\t\t\t\t<div class=\"elementor-widget-container\">\n\t\t\t\t\t\t\t\t\t<div class=\"txt total\"><div class=\"medio section-3\"><p class=\" translation-block\"><strong>1,059,956 surgeries have been performed<\/strong>, among which the following stand out:<\/p><p><strong><br \/>Pediatric<\/strong>: varicocele, testicular cord cysts, lymphagiomas and lipomas;<\/p><p><strong><br \/>Hand and foot<\/strong>: osteomuscular deformities of the hand and foot, sequelae of traumatic and congenital hand and compression of peripheral nerves of the hand, including carpal tunnel; and<\/p><p><strong><br \/>Reconstructive plastic surgeries<\/strong>: sequelae of burns and sequelae of cleft lip and palate, among others.<\/p><\/div><\/div>\t\t\t\t\t\t\t\t<\/div>\n\t\t\t\t<\/div>\n\t\t\t\t<div class=\"elementor-element elementor-element-13c8e7e elementor-widget elementor-widget-spacer\" data-id=\"13c8e7e\" data-element_type=\"widget\" data-e-type=\"widget\" data-widget_type=\"spacer.default\">\n\t\t\t\t<div class=\"elementor-widget-container\">\n\t\t\t\t\t\t\t<div class=\"elementor-spacer\">\n\t\t\t<div class=\"elementor-spacer-inner\"><\/div>\n\t\t<\/div>\n\t\t\t\t\t\t<\/div>\n\t\t\t\t<\/div>\n\t\t\t\t\t<\/div>\n\t\t<\/div>\n\t\t\t\t\t<\/div>\n\t\t<\/section>\n\t\t\t\t<\/div>","protected":false},"excerpt":{"rendered":"<p>Cirug\u00edas Extramuros El sistema p\u00fablico de salud en M\u00e9xico presenta fallas estructurales que producen desigualdad de trato para quienes viven en condici\u00f3n de pobreza, principalmente para la poblaci\u00f3n ind\u00edgena y para quienes habitan en zonas rurales de alto rezago social. Ante ello,&nbsp;Fundaci\u00f3n Carlos Slim&nbsp;ha puesto en marcha el programa&nbsp;Cirug\u00eda Extramuros, que brinda atenci\u00f3n m\u00e9dica altamente especializada a la poblaci\u00f3n marginada del pa\u00eds para mejorar sustancialmente su calidad de vida. Se han realizado 1,059,956 cirug\u00edas, entre las que destacan:\u00a0 Pedi\u00e1tricas: de varicocele, quistes de cord\u00f3n testicular, linfagiomas y lipomas; De mano y pie: deformidades osteomusculares de mano y pie, secuela de mano traum\u00e1tica y cong\u00e9nita y compresi\u00f3n de\u00a0nervios perif\u00e9ricos de la mano, incluyendo t\u00fanel del carpo, y Cirug\u00edas pl\u00e1sticas reconstructivas: secuelas de quemaduras y secuelas de labio y paladar hendido, entre otras.<\/p>","protected":false},"author":1,"featured_media":14327,"parent":0,"menu_order":0,"comment_status":"closed","ping_status":"closed","template":"elementor_header_footer","meta":{"footnotes":""},"class_list":["post-10695","page","type-page","status-publish","has-post-thumbnail"],"aioseo_notices":[],"_links":{"self":[{"href":"https:\/\/saluddigital.com\/en\/wp-json\/wp\/v2\/pages\/10695","targetHints":{"allow":["GET"]}}],"collection":[{"href":"https:\/\/saluddigital.com\/en\/wp-json\/wp\/v2\/pages"}],"about":[{"href":"https:\/\/saluddigital.com\/en\/wp-json\/wp\/v2\/types\/page"}],"author":[{"embeddable":true,"href":"https:\/\/saluddigital.com\/en\/wp-json\/wp\/v2\/users\/1"}],"replies":[{"embeddable":true,"href":"https:\/\/saluddigital.com\/en\/wp-json\/wp\/v2\/comments?post=10695"}],"version-history":[{"count":0,"href":"https:\/\/saluddigital.com\/en\/wp-json\/wp\/v2\/pages\/10695\/revisions"}],"wp:featuredmedia":[{"embeddable":true,"href":"https:\/\/saluddigital.com\/en\/wp-json\/wp\/v2\/media\/14327"}],"wp:attachment":[{"href":"https:\/\/saluddigital.com\/en\/wp-json\/wp\/v2\/media?parent=10695"}],"curies":[{"name":"wp","href":"https:\/\/api.w.org\/{rel}","templated":true}]}}