{"id":10582,"date":"2020-10-27T09:49:30","date_gmt":"2020-10-27T15:49:30","guid":{"rendered":"https:\/\/saluddigital.com\/?page_id=10582"},"modified":"2025-10-08T21:12:12","modified_gmt":"2025-10-09T03:12:12","slug":"iniciativa-regional-para-la-eliminacion-de-la-malaria","status":"publish","type":"page","link":"https:\/\/saluddigital.com\/en\/iniciativa-regional-para-la-eliminacion-de-la-malaria\/","title":{"rendered":"Eliminaci\u00f3n de la Malaria: Acciones de la Fundaci\u00f3n Carlos Slim"},"content":{"rendered":"<div data-elementor-type=\"wp-page\" data-elementor-id=\"10582\" class=\"elementor elementor-10582\" data-elementor-post-type=\"page\">\n\t\t\t\t\t\t<section class=\"elementor-section elementor-top-section elementor-element elementor-element-ef75c2f elementor-section-height-min-height elementor-section-boxed elementor-section-height-default elementor-section-items-middle wpr-particle-no wpr-jarallax-no wpr-parallax-no wpr-sticky-section-no\" data-id=\"ef75c2f\" data-element_type=\"section\" data-e-type=\"section\" data-settings=\"{&quot;background_background&quot;:&quot;classic&quot;}\">\n\t\t\t\t\t\t\t<div class=\"elementor-background-overlay\"><\/div>\n\t\t\t\t\t\t\t<div class=\"elementor-container elementor-column-gap-default\">\n\t\t\t\t\t<div class=\"elementor-column elementor-col-100 elementor-top-column elementor-element elementor-element-0df1e0e\" data-id=\"0df1e0e\" data-element_type=\"column\" data-e-type=\"column\">\n\t\t\t<div class=\"elementor-widget-wrap elementor-element-populated\">\n\t\t\t\t\t\t<div class=\"elementor-element elementor-element-62e4cd0 elementor-widget elementor-widget-heading\" data-id=\"62e4cd0\" data-element_type=\"widget\" data-e-type=\"widget\" data-widget_type=\"heading.default\">\n\t\t\t\t<div class=\"elementor-widget-container\">\n\t\t\t\t\t<h2 class=\"elementor-heading-title elementor-size-default\">Iniciativa regional para la eliminaci\u00f3n de malaria en Mesoam\u00e9rica<\/h2>\t\t\t\t<\/div>\n\t\t\t\t<\/div>\n\t\t\t\t\t<\/div>\n\t\t<\/div>\n\t\t\t\t\t<\/div>\n\t\t<\/section>\n\t\t\t\t<section class=\"elementor-section elementor-top-section elementor-element elementor-element-f2a77cc elementor-section-boxed elementor-section-height-default elementor-section-height-default wpr-particle-no wpr-jarallax-no wpr-parallax-no wpr-sticky-section-no\" data-id=\"f2a77cc\" data-element_type=\"section\" data-e-type=\"section\">\n\t\t\t\t\t\t<div class=\"elementor-container elementor-column-gap-default\">\n\t\t\t\t\t<div class=\"elementor-column elementor-col-50 elementor-top-column elementor-element elementor-element-4a2cfde\" data-id=\"4a2cfde\" data-element_type=\"column\" data-e-type=\"column\">\n\t\t\t<div class=\"elementor-widget-wrap elementor-element-populated\">\n\t\t\t\t\t\t<div class=\"elementor-element elementor-element-51fa11d elementor-widget elementor-widget-spacer\" data-id=\"51fa11d\" data-element_type=\"widget\" data-e-type=\"widget\" data-widget_type=\"spacer.default\">\n\t\t\t\t<div class=\"elementor-widget-container\">\n\t\t\t\t\t\t\t<div class=\"elementor-spacer\">\n\t\t\t<div class=\"elementor-spacer-inner\"><\/div>\n\t\t<\/div>\n\t\t\t\t\t\t<\/div>\n\t\t\t\t<\/div>\n\t\t\t\t<div class=\"elementor-element elementor-element-7b16b0c elementor-widget-divider--view-line elementor-widget elementor-widget-divider\" data-id=\"7b16b0c\" data-element_type=\"widget\" data-e-type=\"widget\" data-widget_type=\"divider.default\">\n\t\t\t\t<div class=\"elementor-widget-container\">\n\t\t\t\t\t\t\t<div class=\"elementor-divider\">\n\t\t\t<span class=\"elementor-divider-separator\">\n\t\t\t\t\t\t<\/span>\n\t\t<\/div>\n\t\t\t\t\t\t<\/div>\n\t\t\t\t<\/div>\n\t\t\t\t<div class=\"elementor-element elementor-element-6f7d3222 elementor-widget elementor-widget-text-editor\" data-id=\"6f7d3222\" data-element_type=\"widget\" data-e-type=\"widget\" data-widget_type=\"text-editor.default\">\n\t\t\t\t<div class=\"elementor-widget-container\">\n\t\t\t\t\t\t\t\t\t<p>El paludismo o malaria, es una enfermedad parasitaria que se transmite a las personas por la picadura de mosquitos Anopheles.\u00a0Esta enfermedad causa inicialmente fiebre, dolor de cabeza y escalofr\u00edos, s\u00edntomas que pueden ser leves y por ello, dif\u00edciles de reconocer como indicativos de malaria. Es una enfermedad debilitante, en algunos casos se presentan cuadros graves caracterizados por anemia severa y hemorragias que, de no ser tratados, puede derivar en complicaciones y hasta causar la muerte. Entre los grupos m\u00e1s vulnerables se encuentran los ni\u00f1os menores de 5 a\u00f1os, las mujeres embarazadas y personas con baja inmunidad. En 2020, casi la mitad de la poblaci\u00f3n mundial estaba expuesta al riesgo de padecer malaria.<\/p>\t\t\t\t\t\t\t\t<\/div>\n\t\t\t\t<\/div>\n\t\t\t\t\t<\/div>\n\t\t<\/div>\n\t\t\t\t<div class=\"elementor-column elementor-col-50 elementor-top-column elementor-element elementor-element-5d6c283\" data-id=\"5d6c283\" data-element_type=\"column\" data-e-type=\"column\" data-settings=\"{&quot;background_background&quot;:&quot;classic&quot;}\">\n\t\t\t<div class=\"elementor-widget-wrap elementor-element-populated\">\n\t\t\t\t\t\t<div class=\"elementor-element elementor-element-ee71188 elementor-widget elementor-widget-spacer\" data-id=\"ee71188\" data-element_type=\"widget\" data-e-type=\"widget\" data-widget_type=\"spacer.default\">\n\t\t\t\t<div class=\"elementor-widget-container\">\n\t\t\t\t\t\t\t<div class=\"elementor-spacer\">\n\t\t\t<div class=\"elementor-spacer-inner\"><\/div>\n\t\t<\/div>\n\t\t\t\t\t\t<\/div>\n\t\t\t\t<\/div>\n\t\t\t\t<div class=\"elementor-element elementor-element-1338874 elementor-widget-divider--view-line elementor-widget elementor-widget-divider\" data-id=\"1338874\" data-element_type=\"widget\" data-e-type=\"widget\" data-widget_type=\"divider.default\">\n\t\t\t\t<div class=\"elementor-widget-container\">\n\t\t\t\t\t\t\t<div class=\"elementor-divider\">\n\t\t\t<span class=\"elementor-divider-separator\">\n\t\t\t\t\t\t<\/span>\n\t\t<\/div>\n\t\t\t\t\t\t<\/div>\n\t\t\t\t<\/div>\n\t\t\t\t<div class=\"elementor-element elementor-element-333a3a4 elementor-widget elementor-widget-image\" data-id=\"333a3a4\" data-element_type=\"widget\" data-e-type=\"widget\" data-widget_type=\"image.default\">\n\t\t\t\t<div class=\"elementor-widget-container\">\n\t\t\t\t\t\t\t\t\t\t\t\t\t\t\t<img fetchpriority=\"high\" decoding=\"async\" width=\"304\" height=\"195\" src=\"https:\/\/saluddigital.com\/wp-content\/uploads\/2024\/06\/malaria-1.png\" class=\"attachment-large size-large wp-image-46112\" alt=\"\" srcset=\"https:\/\/saluddigital.com\/wp-content\/uploads\/2024\/06\/malaria-1.png 304w, https:\/\/saluddigital.com\/wp-content\/uploads\/2024\/06\/malaria-1-18x12.png 18w\" sizes=\"(max-width: 304px) 100vw, 304px\" \/>\t\t\t\t\t\t\t\t\t\t\t\t\t\t\t<\/div>\n\t\t\t\t<\/div>\n\t\t\t\t<div class=\"elementor-element elementor-element-e3cb303 elementor-widget elementor-widget-text-editor\" data-id=\"e3cb303\" data-element_type=\"widget\" data-e-type=\"widget\" data-widget_type=\"text-editor.default\">\n\t\t\t\t<div class=\"elementor-widget-container\">\n\t\t\t\t\t\t\t\t\t<p>La regi\u00f3n de Centroam\u00e9rica es una de las que m\u00e1s ha avanzado en los \u00faltimos a\u00f1os en el control de la malaria, por lo que se encuentra en una posici\u00f3n favorable para buscar la eliminaci\u00f3n de la enfermedad.<\/p>\t\t\t\t\t\t\t\t<\/div>\n\t\t\t\t<\/div>\n\t\t\t\t<div class=\"elementor-element elementor-element-6ce1d93 elementor-widget elementor-widget-spacer\" data-id=\"6ce1d93\" data-element_type=\"widget\" data-e-type=\"widget\" data-widget_type=\"spacer.default\">\n\t\t\t\t<div class=\"elementor-widget-container\">\n\t\t\t\t\t\t\t<div class=\"elementor-spacer\">\n\t\t\t<div class=\"elementor-spacer-inner\"><\/div>\n\t\t<\/div>\n\t\t\t\t\t\t<\/div>\n\t\t\t\t<\/div>\n\t\t\t\t\t<\/div>\n\t\t<\/div>\n\t\t\t\t\t<\/div>\n\t\t<\/section>\n\t\t\t\t<section class=\"elementor-section elementor-top-section elementor-element elementor-element-03ca689 elementor-section-height-min-height elementor-section-boxed elementor-section-height-default elementor-section-items-middle wpr-particle-no wpr-jarallax-no wpr-parallax-no wpr-sticky-section-no\" data-id=\"03ca689\" data-element_type=\"section\" data-e-type=\"section\" data-settings=\"{&quot;background_background&quot;:&quot;classic&quot;}\">\n\t\t\t\t\t\t\t<div class=\"elementor-background-overlay\"><\/div>\n\t\t\t\t\t\t\t<div class=\"elementor-container elementor-column-gap-default\">\n\t\t\t\t\t<div class=\"elementor-column elementor-col-100 elementor-top-column elementor-element elementor-element-aa2dd34\" data-id=\"aa2dd34\" data-element_type=\"column\" data-e-type=\"column\">\n\t\t\t<div class=\"elementor-widget-wrap elementor-element-populated\">\n\t\t\t\t\t\t<div class=\"elementor-element elementor-element-3c55312 elementor-widget elementor-widget-heading\" data-id=\"3c55312\" data-element_type=\"widget\" data-e-type=\"widget\" data-widget_type=\"heading.default\">\n\t\t\t\t<div class=\"elementor-widget-container\">\n\t\t\t\t\t<h2 class=\"elementor-heading-title elementor-size-default\">Ante este contexto, en 2018 se forma la Iniciativa Regional para la Eliminaci\u00f3n de la Malaria, como una alianza entre Fundaci\u00f3n Carlos Slim, Fundaci\u00f3n Bill y Melinda Gates y el Fondo Global para la lucha contra el SIDA \/VIH, la tuberculosis y la malaria, el Banco Interamericano de Desarrollo (BID) y los pa\u00edses de la regi\u00f3n centroamericana, la Rep\u00fablica Dominicana y Colombia, cuyo objetivo es eliminar la malaria de la regi\u00f3n en los pr\u00f3ximos a\u00f1os.<\/h2>\t\t\t\t<\/div>\n\t\t\t\t<\/div>\n\t\t\t\t\t<\/div>\n\t\t<\/div>\n\t\t\t\t\t<\/div>\n\t\t<\/section>\n\t\t\t\t<section class=\"elementor-section elementor-top-section elementor-element elementor-element-7437642 elementor-section-boxed elementor-section-height-default elementor-section-height-default wpr-particle-no wpr-jarallax-no wpr-parallax-no wpr-sticky-section-no\" data-id=\"7437642\" data-element_type=\"section\" data-e-type=\"section\" data-settings=\"{&quot;background_background&quot;:&quot;classic&quot;}\">\n\t\t\t\t\t\t<div class=\"elementor-container elementor-column-gap-default\">\n\t\t\t\t\t<div class=\"elementor-column elementor-col-100 elementor-top-column elementor-element elementor-element-e99433f\" data-id=\"e99433f\" data-element_type=\"column\" data-e-type=\"column\">\n\t\t\t<div class=\"elementor-widget-wrap elementor-element-populated\">\n\t\t\t\t\t\t<div class=\"elementor-element elementor-element-99a9d60 elementor-widget elementor-widget-spacer\" data-id=\"99a9d60\" data-element_type=\"widget\" data-e-type=\"widget\" data-widget_type=\"spacer.default\">\n\t\t\t\t<div class=\"elementor-widget-container\">\n\t\t\t\t\t\t\t<div class=\"elementor-spacer\">\n\t\t\t<div class=\"elementor-spacer-inner\"><\/div>\n\t\t<\/div>\n\t\t\t\t\t\t<\/div>\n\t\t\t\t<\/div>\n\t\t\t\t<div class=\"elementor-element elementor-element-1b4b6736 elementor-widget elementor-widget-text-editor\" data-id=\"1b4b6736\" data-element_type=\"widget\" data-e-type=\"widget\" data-widget_type=\"text-editor.default\">\n\t\t\t\t<div class=\"elementor-widget-container\">\n\t\t\t\t\t\t\t\t\t<p>Esta alianza es una extensi\u00f3n de la exitosa colaboraci\u00f3n lograda a trav\u00e9s de la Iniciativa Salud Mesoam\u00e9rica, siguiendo los principios de colaboraci\u00f3n entre gobiernos, organizaciones civiles y el BID, bajo el modelo de gesti\u00f3n por resultados.<\/p>\t\t\t\t\t\t\t\t<\/div>\n\t\t\t\t<\/div>\n\t\t\t\t<div class=\"elementor-element elementor-element-ee9a842 elementor-widget elementor-widget-spacer\" data-id=\"ee9a842\" data-element_type=\"widget\" data-e-type=\"widget\" data-widget_type=\"spacer.default\">\n\t\t\t\t<div class=\"elementor-widget-container\">\n\t\t\t\t\t\t\t<div class=\"elementor-spacer\">\n\t\t\t<div class=\"elementor-spacer-inner\"><\/div>\n\t\t<\/div>\n\t\t\t\t\t\t<\/div>\n\t\t\t\t<\/div>\n\t\t\t\t\t<\/div>\n\t\t<\/div>\n\t\t\t\t\t<\/div>\n\t\t<\/section>\n\t\t\t\t<section class=\"elementor-section elementor-top-section elementor-element elementor-element-1afc7a4 elementor-section-boxed elementor-section-height-default elementor-section-height-default wpr-particle-no wpr-jarallax-no wpr-parallax-no wpr-sticky-section-no\" data-id=\"1afc7a4\" data-element_type=\"section\" data-e-type=\"section\" data-settings=\"{&quot;background_background&quot;:&quot;classic&quot;}\">\n\t\t\t\t\t\t<div class=\"elementor-container elementor-column-gap-default\">\n\t\t\t\t\t<div class=\"elementor-column elementor-col-100 elementor-top-column elementor-element elementor-element-a5bdcaa\" data-id=\"a5bdcaa\" data-element_type=\"column\" data-e-type=\"column\">\n\t\t\t<div class=\"elementor-widget-wrap elementor-element-populated\">\n\t\t\t\t\t\t<div class=\"elementor-element elementor-element-ad15142 elementor-widget elementor-widget-image\" data-id=\"ad15142\" data-element_type=\"widget\" data-e-type=\"widget\" data-widget_type=\"image.default\">\n\t\t\t\t<div class=\"elementor-widget-container\">\n\t\t\t\t\t\t\t\t\t\t\t\t\t\t\t<img decoding=\"async\" width=\"840\" height=\"196\" src=\"https:\/\/saluddigital.com\/wp-content\/uploads\/2024\/06\/malaria-2-840x196.png\" class=\"attachment-large size-large wp-image-46121\" alt=\"\" srcset=\"https:\/\/saluddigital.com\/wp-content\/uploads\/2024\/06\/malaria-2-840x196.png 840w, https:\/\/saluddigital.com\/wp-content\/uploads\/2024\/06\/malaria-2-660x154.png 660w, https:\/\/saluddigital.com\/wp-content\/uploads\/2024\/06\/malaria-2-768x179.png 768w, https:\/\/saluddigital.com\/wp-content\/uploads\/2024\/06\/malaria-2-18x4.png 18w, https:\/\/saluddigital.com\/wp-content\/uploads\/2024\/06\/malaria-2.png 1265w\" sizes=\"(max-width: 840px) 100vw, 840px\" \/>\t\t\t\t\t\t\t\t\t\t\t\t\t\t\t<\/div>\n\t\t\t\t<\/div>\n\t\t\t\t<div class=\"elementor-element elementor-element-07b913f elementor-widget elementor-widget-text-editor\" data-id=\"07b913f\" data-element_type=\"widget\" data-e-type=\"widget\" data-widget_type=\"text-editor.default\">\n\t\t\t\t<div class=\"elementor-widget-container\">\n\t\t\t\t\t\t\t\t\t<p>Para lograr la eliminaci\u00f3n, la iniciativa impulsa acciones preventivas y de atenci\u00f3n recomendadas por la Organizaci\u00f3n Mundial de la Salud, como lo son: diagnosticar los casos de malaria en las primeras 48 horas desde el inicio de los s\u00edntomas y darles el tratamiento indicado dentro de las primeras 24 horas desde que se confirm\u00f3 el diagn\u00f3stico, con el fin de reducir la transmisi\u00f3n humana. Lo anterior, aunado a la investigaci\u00f3n de los casos y aplicaci\u00f3n de medidas de control de mosquitos (uso de pabellones, eliminaci\u00f3n de criaderos y aplicaci\u00f3n racional de insecticidas), esenciales para lograr la meta de eliminaci\u00f3n de la enfermedad en cada uno de los pa\u00edses participantes.<\/p>\t\t\t\t\t\t\t\t<\/div>\n\t\t\t\t<\/div>\n\t\t\t\t\t<\/div>\n\t\t<\/div>\n\t\t\t\t\t<\/div>\n\t\t<\/section>\n\t\t\t\t<\/div>","protected":false},"excerpt":{"rendered":"<p>Iniciativa regional para la eliminaci\u00f3n de malaria en Mesoam\u00e9rica El paludismo o malaria, es una enfermedad parasitaria que se transmite a las personas por la picadura de mosquitos Anopheles.\u00a0Esta enfermedad causa inicialmente fiebre, dolor de cabeza y escalofr\u00edos, s\u00edntomas que pueden ser leves y por ello, dif\u00edciles de reconocer como indicativos de malaria. Es una enfermedad debilitante, en algunos casos se presentan cuadros graves caracterizados por anemia severa y hemorragias que, de no ser tratados, puede derivar en complicaciones y hasta causar la muerte. Entre los grupos m\u00e1s vulnerables se encuentran los ni\u00f1os menores de 5 a\u00f1os, las mujeres embarazadas y personas con baja inmunidad. En 2020, casi la mitad de la poblaci\u00f3n mundial estaba expuesta al riesgo de padecer malaria. La regi\u00f3n de Centroam\u00e9rica es una de las que m\u00e1s ha avanzado en los \u00faltimos a\u00f1os en el control de la malaria, por lo que se encuentra en una posici\u00f3n favorable para buscar la eliminaci\u00f3n de la enfermedad. Ante este contexto, en 2018 se forma la Iniciativa Regional para la Eliminaci\u00f3n de la Malaria, como una alianza entre Fundaci\u00f3n Carlos Slim, Fundaci\u00f3n Bill y Melinda Gates y el Fondo Global para la lucha contra el SIDA \/VIH, la tuberculosis y la malaria, el Banco Interamericano de Desarrollo (BID) y los pa\u00edses de la regi\u00f3n centroamericana, la Rep\u00fablica Dominicana y Colombia, cuyo objetivo es eliminar la malaria de la regi\u00f3n en los pr\u00f3ximos a\u00f1os. Esta alianza es una extensi\u00f3n de la exitosa colaboraci\u00f3n lograda a trav\u00e9s de la Iniciativa Salud Mesoam\u00e9rica, siguiendo los principios de colaboraci\u00f3n entre gobiernos, organizaciones civiles y el BID, bajo el modelo de gesti\u00f3n por resultados. Para lograr la eliminaci\u00f3n, la iniciativa impulsa acciones preventivas y de atenci\u00f3n recomendadas por la Organizaci\u00f3n Mundial de la Salud, como lo son: diagnosticar los casos de malaria en las primeras 48 horas desde el inicio de los s\u00edntomas y darles el tratamiento indicado dentro de las primeras 24 horas desde que se confirm\u00f3 el diagn\u00f3stico, con el fin de reducir la transmisi\u00f3n humana. Lo anterior, aunado a la investigaci\u00f3n de los casos y aplicaci\u00f3n de medidas de control de mosquitos (uso de pabellones, eliminaci\u00f3n de criaderos y aplicaci\u00f3n racional de insecticidas), esenciales para lograr la meta de eliminaci\u00f3n de la enfermedad en cada uno de los pa\u00edses participantes.<\/p>","protected":false},"author":1,"featured_media":14362,"parent":0,"menu_order":0,"comment_status":"closed","ping_status":"closed","template":"elementor_header_footer","meta":{"footnotes":""},"class_list":["post-10582","page","type-page","status-publish","has-post-thumbnail"],"aioseo_notices":[],"_links":{"self":[{"href":"https:\/\/saluddigital.com\/en\/wp-json\/wp\/v2\/pages\/10582","targetHints":{"allow":["GET"]}}],"collection":[{"href":"https:\/\/saluddigital.com\/en\/wp-json\/wp\/v2\/pages"}],"about":[{"href":"https:\/\/saluddigital.com\/en\/wp-json\/wp\/v2\/types\/page"}],"author":[{"embeddable":true,"href":"https:\/\/saluddigital.com\/en\/wp-json\/wp\/v2\/users\/1"}],"replies":[{"embeddable":true,"href":"https:\/\/saluddigital.com\/en\/wp-json\/wp\/v2\/comments?post=10582"}],"version-history":[{"count":0,"href":"https:\/\/saluddigital.com\/en\/wp-json\/wp\/v2\/pages\/10582\/revisions"}],"wp:featuredmedia":[{"embeddable":true,"href":"https:\/\/saluddigital.com\/en\/wp-json\/wp\/v2\/media\/14362"}],"wp:attachment":[{"href":"https:\/\/saluddigital.com\/en\/wp-json\/wp\/v2\/media?parent=10582"}],"curies":[{"name":"wp","href":"https:\/\/api.w.org\/{rel}","templated":true}]}}