{"id":10578,"date":"2020-10-27T09:45:44","date_gmt":"2020-10-27T15:45:44","guid":{"rendered":"https:\/\/saluddigital.com\/?page_id=10578"},"modified":"2025-10-10T14:45:24","modified_gmt":"2025-10-10T20:45:24","slug":"erradicacion-de-la-polio","status":"publish","type":"page","link":"https:\/\/saluddigital.com\/en\/erradicacion-de-la-polio\/","title":{"rendered":"Erradicaci\u00f3n de la POLIO: Acciones de Fundaci\u00f3n Carlos Slim"},"content":{"rendered":"<div data-elementor-type=\"wp-page\" data-elementor-id=\"10578\" class=\"elementor elementor-10578\" data-elementor-post-type=\"page\">\n\t\t\t\t\t\t<section class=\"elementor-section elementor-top-section elementor-element elementor-element-17dd702 elementor-section-height-min-height elementor-section-boxed elementor-section-height-default elementor-section-items-middle wpr-particle-no wpr-jarallax-no wpr-parallax-no wpr-sticky-section-no wpr-equal-height-no\" data-id=\"17dd702\" data-element_type=\"section\" data-e-type=\"section\" data-settings=\"{&quot;background_background&quot;:&quot;classic&quot;}\">\n\t\t\t\t\t\t\t<div class=\"elementor-background-overlay\"><\/div>\n\t\t\t\t\t\t\t<div class=\"elementor-container elementor-column-gap-default\">\n\t\t\t\t\t<div class=\"elementor-column elementor-col-100 elementor-top-column elementor-element elementor-element-304bab2\" data-id=\"304bab2\" data-element_type=\"column\" data-e-type=\"column\">\n\t\t\t<div class=\"elementor-widget-wrap elementor-element-populated\">\n\t\t\t\t\t\t<div class=\"elementor-element elementor-element-e53ef78 elementor-widget elementor-widget-heading\" data-id=\"e53ef78\" data-element_type=\"widget\" data-e-type=\"widget\" data-widget_type=\"heading.default\">\n\t\t\t\t<div class=\"elementor-widget-container\">\n\t\t\t\t\t<h2 class=\"elementor-heading-title elementor-size-default\">Polio eradication<\/h2>\t\t\t\t<\/div>\n\t\t\t\t<\/div>\n\t\t\t\t\t<\/div>\n\t\t<\/div>\n\t\t\t\t\t<\/div>\n\t\t<\/section>\n\t\t\t\t<section class=\"elementor-section elementor-top-section elementor-element elementor-element-3f70ec1 elementor-section-boxed elementor-section-height-default elementor-section-height-default wpr-particle-no wpr-jarallax-no wpr-parallax-no wpr-sticky-section-no wpr-equal-height-no\" data-id=\"3f70ec1\" data-element_type=\"section\" data-e-type=\"section\">\n\t\t\t\t\t\t<div class=\"elementor-container elementor-column-gap-default\">\n\t\t\t\t\t<div class=\"elementor-column elementor-col-50 elementor-top-column elementor-element elementor-element-f879ece\" data-id=\"f879ece\" data-element_type=\"column\" data-e-type=\"column\">\n\t\t\t<div class=\"elementor-widget-wrap elementor-element-populated\">\n\t\t\t\t\t\t<div class=\"elementor-element elementor-element-86cb088 elementor-widget elementor-widget-spacer\" data-id=\"86cb088\" data-element_type=\"widget\" data-e-type=\"widget\" data-widget_type=\"spacer.default\">\n\t\t\t\t<div class=\"elementor-widget-container\">\n\t\t\t\t\t\t\t<div class=\"elementor-spacer\">\n\t\t\t<div class=\"elementor-spacer-inner\"><\/div>\n\t\t<\/div>\n\t\t\t\t\t\t<\/div>\n\t\t\t\t<\/div>\n\t\t\t\t<div class=\"elementor-element elementor-element-b8de778 elementor-widget-divider--view-line elementor-widget elementor-widget-divider\" data-id=\"b8de778\" data-element_type=\"widget\" data-e-type=\"widget\" data-widget_type=\"divider.default\">\n\t\t\t\t<div class=\"elementor-widget-container\">\n\t\t\t\t\t\t\t<div class=\"elementor-divider\">\n\t\t\t<span class=\"elementor-divider-separator\">\n\t\t\t\t\t\t<\/span>\n\t\t<\/div>\n\t\t\t\t\t\t<\/div>\n\t\t\t\t<\/div>\n\t\t\t\t<div class=\"elementor-element elementor-element-e920d3b elementor-widget elementor-widget-text-editor\" data-id=\"e920d3b\" data-element_type=\"widget\" data-e-type=\"widget\" data-widget_type=\"text-editor.default\">\n\t\t\t\t<div class=\"elementor-widget-container\">\n\t\t\t\t\t\t\t\t\t<p>La poliomielitis es una enfermedad altamente contagiosa causada por un virus que invade el sistema nervioso y puede causar una par\u00e1lisis total. El virus se transmite de una persona a otra principalmente por v\u00eda fecal-oral o, con menos frecuencia, a trav\u00e9s de un veh\u00edculo com\u00fan, como el agua o los alimentos contaminados, y se multiplica en el intestino. Los s\u00edntomas iniciales son fiebre, cansancio, dolor de cabeza, v\u00f3mitos, rigidez del cuello y dolor en las extremidades. Una de cada 200 infecciones produce una par\u00e1lisis irreversible (generalmente de las piernas), y del 5% al 10% de estos casos fallecen por par\u00e1lisis de los m\u00fasculos respiratorios.<\/p>\t\t\t\t\t\t\t\t<\/div>\n\t\t\t\t<\/div>\n\t\t\t\t\t<\/div>\n\t\t<\/div>\n\t\t\t\t<div class=\"elementor-column elementor-col-50 elementor-top-column elementor-element elementor-element-548b742\" data-id=\"548b742\" data-element_type=\"column\" data-e-type=\"column\" data-settings=\"{&quot;background_background&quot;:&quot;classic&quot;}\">\n\t\t\t<div class=\"elementor-widget-wrap elementor-element-populated\">\n\t\t\t\t\t\t<div class=\"elementor-element elementor-element-46716fa elementor-widget elementor-widget-spacer\" data-id=\"46716fa\" data-element_type=\"widget\" data-e-type=\"widget\" data-widget_type=\"spacer.default\">\n\t\t\t\t<div class=\"elementor-widget-container\">\n\t\t\t\t\t\t\t<div class=\"elementor-spacer\">\n\t\t\t<div class=\"elementor-spacer-inner\"><\/div>\n\t\t<\/div>\n\t\t\t\t\t\t<\/div>\n\t\t\t\t<\/div>\n\t\t\t\t<div class=\"elementor-element elementor-element-c6fab4b elementor-widget elementor-widget-spacer\" data-id=\"c6fab4b\" data-element_type=\"widget\" data-e-type=\"widget\" data-widget_type=\"spacer.default\">\n\t\t\t\t<div class=\"elementor-widget-container\">\n\t\t\t\t\t\t\t<div class=\"elementor-spacer\">\n\t\t\t<div class=\"elementor-spacer-inner\"><\/div>\n\t\t<\/div>\n\t\t\t\t\t\t<\/div>\n\t\t\t\t<\/div>\n\t\t\t\t\t<\/div>\n\t\t<\/div>\n\t\t\t\t\t<\/div>\n\t\t<\/section>\n\t\t\t\t<section class=\"elementor-section elementor-top-section elementor-element elementor-element-6a64a43 elementor-section-boxed elementor-section-height-default elementor-section-height-default wpr-particle-no wpr-jarallax-no wpr-parallax-no wpr-sticky-section-no wpr-equal-height-no\" data-id=\"6a64a43\" data-element_type=\"section\" data-e-type=\"section\" data-settings=\"{&quot;background_background&quot;:&quot;classic&quot;}\">\n\t\t\t\t\t\t<div class=\"elementor-container elementor-column-gap-default\">\n\t\t\t\t\t<div class=\"elementor-column elementor-col-100 elementor-top-column elementor-element elementor-element-4a19573\" data-id=\"4a19573\" data-element_type=\"column\" data-e-type=\"column\">\n\t\t\t<div class=\"elementor-widget-wrap elementor-element-populated\">\n\t\t\t\t\t\t<div class=\"elementor-element elementor-element-98881d7 elementor-widget elementor-widget-spacer\" data-id=\"98881d7\" data-element_type=\"widget\" data-e-type=\"widget\" data-widget_type=\"spacer.default\">\n\t\t\t\t<div class=\"elementor-widget-container\">\n\t\t\t\t\t\t\t<div class=\"elementor-spacer\">\n\t\t\t<div class=\"elementor-spacer-inner\"><\/div>\n\t\t<\/div>\n\t\t\t\t\t\t<\/div>\n\t\t\t\t<\/div>\n\t\t\t\t<div class=\"elementor-element elementor-element-c2e980e elementor-widget elementor-widget-text-editor\" data-id=\"c2e980e\" data-element_type=\"widget\" data-e-type=\"widget\" data-widget_type=\"text-editor.default\">\n\t\t\t\t<div class=\"elementor-widget-container\">\n\t\t\t\t\t\t\t\t\t<p>La poliomielitis afecta principalmente a los ni\u00f1os menores de cinco a\u00f1os, pero cualquier persona que no est\u00e9 vacunada puede contraer la enfermedad, sin importar su edad. La poliomielitis no tiene cura, pero se puede prevenir por medio de la vacuna antipoliomiel\u00edtica, la cual brinda una protecci\u00f3n de por vida.<\/p><p>Convencidos que la mejor v\u00eda de actuaci\u00f3n es fomentar su erradicaci\u00f3n, Fundaci\u00f3n Carlos Slim se sum\u00f3 a los esfuerzos de la Organizaci\u00f3n Mundial de la Salud, la Fundaci\u00f3n Bill y Melinda Gates y otras organizaciones para apoyar la Iniciativa Global para la Erradicaci\u00f3n de la Polio en el mundo. La participaci\u00f3n de la Fundaci\u00f3n durante 5 a\u00f1os, permiti\u00f3 la compra de un total de 702 millones de dosis en beneficio de ni\u00f1os menores de 5 a\u00f1os en 37 pa\u00edses.<\/p>\t\t\t\t\t\t\t\t<\/div>\n\t\t\t\t<\/div>\n\t\t\t\t<div class=\"elementor-element elementor-element-f8ce783 elementor-widget elementor-widget-spacer\" data-id=\"f8ce783\" data-element_type=\"widget\" data-e-type=\"widget\" data-widget_type=\"spacer.default\">\n\t\t\t\t<div class=\"elementor-widget-container\">\n\t\t\t\t\t\t\t<div class=\"elementor-spacer\">\n\t\t\t<div class=\"elementor-spacer-inner\"><\/div>\n\t\t<\/div>\n\t\t\t\t\t\t<\/div>\n\t\t\t\t<\/div>\n\t\t\t\t\t<\/div>\n\t\t<\/div>\n\t\t\t\t\t<\/div>\n\t\t<\/section>\n\t\t\t\t<section class=\"elementor-section elementor-top-section elementor-element elementor-element-3be1bf4 elementor-section-boxed elementor-section-height-default elementor-section-height-default wpr-particle-no wpr-jarallax-no wpr-parallax-no wpr-sticky-section-no wpr-equal-height-no\" data-id=\"3be1bf4\" data-element_type=\"section\" data-e-type=\"section\" data-settings=\"{&quot;background_background&quot;:&quot;classic&quot;}\">\n\t\t\t\t\t\t<div class=\"elementor-container elementor-column-gap-default\">\n\t\t\t\t\t<div class=\"elementor-column elementor-col-100 elementor-top-column elementor-element elementor-element-6818609\" data-id=\"6818609\" data-element_type=\"column\" data-e-type=\"column\">\n\t\t\t<div class=\"elementor-widget-wrap elementor-element-populated\">\n\t\t\t\t\t\t<div class=\"elementor-element elementor-element-6cbd947 elementor-widget elementor-widget-image\" data-id=\"6cbd947\" data-element_type=\"widget\" data-e-type=\"widget\" data-widget_type=\"image.default\">\n\t\t\t\t<div class=\"elementor-widget-container\">\n\t\t\t\t\t\t\t\t\t\t\t\t\t\t\t<img fetchpriority=\"high\" decoding=\"async\" width=\"840\" height=\"196\" src=\"https:\/\/saluddigital.com\/wp-content\/uploads\/2024\/06\/polio-fcs-840x196.png\" class=\"attachment-large size-large wp-image-46131\" alt=\"\" srcset=\"https:\/\/saluddigital.com\/wp-content\/uploads\/2024\/06\/polio-fcs-840x196.png 840w, https:\/\/saluddigital.com\/wp-content\/uploads\/2024\/06\/polio-fcs-660x154.png 660w, https:\/\/saluddigital.com\/wp-content\/uploads\/2024\/06\/polio-fcs-768x179.png 768w, https:\/\/saluddigital.com\/wp-content\/uploads\/2024\/06\/polio-fcs-18x4.png 18w, https:\/\/saluddigital.com\/wp-content\/uploads\/2024\/06\/polio-fcs.png 1265w\" sizes=\"(max-width: 840px) 100vw, 840px\" \/>\t\t\t\t\t\t\t\t\t\t\t\t\t\t\t<\/div>\n\t\t\t\t<\/div>\n\t\t\t\t\t<\/div>\n\t\t<\/div>\n\t\t\t\t\t<\/div>\n\t\t<\/section>\n\t\t\t\t<section class=\"elementor-section elementor-top-section elementor-element elementor-element-3d4ab62c elementor-section-full_width elementor-section-height-default elementor-section-height-default wpr-particle-no wpr-jarallax-no wpr-parallax-no wpr-sticky-section-no wpr-equal-height-no\" data-id=\"3d4ab62c\" data-element_type=\"section\" data-e-type=\"section\">\n\t\t\t\t\t\t<div class=\"elementor-container elementor-column-gap-default\">\n\t\t\t\t\t<div class=\"elementor-column elementor-col-100 elementor-top-column elementor-element elementor-element-c1ccae4\" data-id=\"c1ccae4\" data-element_type=\"column\" data-e-type=\"column\">\n\t\t\t<div class=\"elementor-widget-wrap elementor-element-populated\">\n\t\t\t\t\t\t<section class=\"elementor-section elementor-inner-section elementor-element elementor-element-35ac3488 elementor-section-full_width elementor-section-height-default elementor-section-height-default wpr-particle-no wpr-jarallax-no wpr-parallax-no wpr-sticky-section-no wpr-equal-height-no\" data-id=\"35ac3488\" data-element_type=\"section\" data-e-type=\"section\">\n\t\t\t\t\t\t<div class=\"elementor-container elementor-column-gap-default\">\n\t\t\t\t\t<div class=\"elementor-column elementor-col-100 elementor-inner-column elementor-element elementor-element-6bd19e1d\" data-id=\"6bd19e1d\" data-element_type=\"column\" data-e-type=\"column\">\n\t\t\t<div class=\"elementor-widget-wrap elementor-element-populated\">\n\t\t\t\t\t\t<div class=\"elementor-element elementor-element-4a93bad5 elementor-widget elementor-widget-text-editor\" data-id=\"4a93bad5\" data-element_type=\"widget\" data-e-type=\"widget\" data-widget_type=\"text-editor.default\">\n\t\t\t\t<div class=\"elementor-widget-container\">\n\t\t\t\t\t\t\t\t\t<p>Gracias a la suma de esfuerzos, los avances hacia la erradicaci\u00f3n han sido notables, considerando que desde 1998 el n\u00famero de casos ha disminuido en un 99% y se han erradicado dos de los tres tipos de polio identificados. Desde 2016, \u00fanicamente se han detectado casos de forma end\u00e9mica, en Afganist\u00e1n y Pakist\u00e1n. Y desde 2015, el n\u00famero de casos de \u201cpolio salvaje\u201d ha sido menor de 200 anuales en el mundo.<\/p><p>\u00a0 <br \/>A pesar de estos extraordinarios avances, en fechas recientes se han presentado casos aislados en Mozambique, Malawi, Nueva York, Londres e Israel, lugares donde hab\u00eda sido eliminado desde hace varios a\u00f1os. Esta situaci\u00f3n constituye un llamado a continuar trabajando para la erradicaci\u00f3n total del virus: mientras existan personas que no est\u00e9n vacunadas, el virus puede volver a surgir.<\/p>\t\t\t\t\t\t\t\t<\/div>\n\t\t\t\t<\/div>\n\t\t\t\t\t<\/div>\n\t\t<\/div>\n\t\t\t\t\t<\/div>\n\t\t<\/section>\n\t\t\t\t\t<\/div>\n\t\t<\/div>\n\t\t\t\t\t<\/div>\n\t\t<\/section>\n\t\t\t\t<\/div>","protected":false},"excerpt":{"rendered":"<p>Erradicaci\u00f3n de la poliomielitis La poliomielitis es una enfermedad altamente contagiosa causada por un virus que invade el sistema nervioso y puede causar una par\u00e1lisis total. El virus se transmite de una persona a otra principalmente por v\u00eda fecal-oral o, con menos frecuencia, a trav\u00e9s de un veh\u00edculo com\u00fan, como el agua o los alimentos contaminados, y se multiplica en el intestino. Los s\u00edntomas iniciales son fiebre, cansancio, dolor de cabeza, v\u00f3mitos, rigidez del cuello y dolor en las extremidades. Una de cada 200 infecciones produce una par\u00e1lisis irreversible (generalmente de las piernas), y del 5% al 10% de estos casos fallecen por par\u00e1lisis de los m\u00fasculos respiratorios. La poliomielitis afecta principalmente a los ni\u00f1os menores de cinco a\u00f1os, pero cualquier persona que no est\u00e9 vacunada puede contraer la enfermedad, sin importar su edad. La poliomielitis no tiene cura, pero se puede prevenir por medio de la vacuna antipoliomiel\u00edtica, la cual brinda una protecci\u00f3n de por vida. Convencidos que la mejor v\u00eda de actuaci\u00f3n es fomentar su erradicaci\u00f3n, Fundaci\u00f3n Carlos Slim se sum\u00f3 a los esfuerzos de la Organizaci\u00f3n Mundial de la Salud, la Fundaci\u00f3n Bill y Melinda Gates y otras organizaciones para apoyar la Iniciativa Global para la Erradicaci\u00f3n de la Polio en el mundo. La participaci\u00f3n de la Fundaci\u00f3n durante 5 a\u00f1os, permiti\u00f3 la compra de un total de 702 millones de dosis en beneficio de ni\u00f1os menores de 5 a\u00f1os en 37 pa\u00edses. Gracias a la suma de esfuerzos, los avances hacia la erradicaci\u00f3n han sido notables, considerando que desde 1998 el n\u00famero de casos ha disminuido en un 99% y se han erradicado dos de los tres tipos de polio identificados. Desde 2016, \u00fanicamente se han detectado casos de forma end\u00e9mica, en Afganist\u00e1n y Pakist\u00e1n. Y desde 2015, el n\u00famero de casos de \u201cpolio salvaje\u201d ha sido menor de 200 anuales en el mundo. \u00a0 A pesar de estos extraordinarios avances, en fechas recientes se han presentado casos aislados en Mozambique, Malawi, Nueva York, Londres e Israel, lugares donde hab\u00eda sido eliminado desde hace varios a\u00f1os. Esta situaci\u00f3n constituye un llamado a continuar trabajando para la erradicaci\u00f3n total del virus: mientras existan personas que no est\u00e9n vacunadas, el virus puede volver a surgir.<\/p>","protected":false},"author":1,"featured_media":14351,"parent":0,"menu_order":0,"comment_status":"closed","ping_status":"closed","template":"elementor_header_footer","meta":{"footnotes":""},"class_list":["post-10578","page","type-page","status-publish","has-post-thumbnail"],"aioseo_notices":[],"_links":{"self":[{"href":"https:\/\/saluddigital.com\/en\/wp-json\/wp\/v2\/pages\/10578","targetHints":{"allow":["GET"]}}],"collection":[{"href":"https:\/\/saluddigital.com\/en\/wp-json\/wp\/v2\/pages"}],"about":[{"href":"https:\/\/saluddigital.com\/en\/wp-json\/wp\/v2\/types\/page"}],"author":[{"embeddable":true,"href":"https:\/\/saluddigital.com\/en\/wp-json\/wp\/v2\/users\/1"}],"replies":[{"embeddable":true,"href":"https:\/\/saluddigital.com\/en\/wp-json\/wp\/v2\/comments?post=10578"}],"version-history":[{"count":0,"href":"https:\/\/saluddigital.com\/en\/wp-json\/wp\/v2\/pages\/10578\/revisions"}],"wp:featuredmedia":[{"embeddable":true,"href":"https:\/\/saluddigital.com\/en\/wp-json\/wp\/v2\/media\/14351"}],"wp:attachment":[{"href":"https:\/\/saluddigital.com\/en\/wp-json\/wp\/v2\/media?parent=10578"}],"curies":[{"name":"wp","href":"https:\/\/api.w.org\/{rel}","templated":true}]}}